{"id":10329,"date":"2025-07-11T18:30:45","date_gmt":"2025-07-11T16:30:45","guid":{"rendered":"https:\/\/dxkop.sdxf.se\/?page_id=10329"},"modified":"2025-07-17T09:53:41","modified_gmt":"2025-07-17T07:53:41","slug":"kopvillkor","status":"publish","type":"page","link":"https:\/\/dxkop.sdxf.se\/?page_id=10329","title":{"rendered":"K\u00f6pvillkor"},"content":{"rendered":"\n<pre class=\"wp-block-code\"><code>K\u00f6pvillkor\n\n1. F\u00f6retagsinformation\nSveriges DX-F\u00f6rbund driver DX-K\u00f6p d\u00e4r medlemmarna kan k\u00f6pa intressanta b\u00f6cker och CD-skivor om radio och n\u00e4raliggande \u00e4mnen till rabatterade priser.\n\nOBS! Var v\u00e4nlig uppge ditt namn, din adress och ordernummer \/ best\u00e4llda produkter p\u00e5 inbetalningskortet!\n\nDenna service g\u00e4ller endast medlemmar i Sveriges DX-F\u00f6rbund.\n\nVi reserverar oss dock f\u00f6r slutf\u00f6rs\u00e4ljning. Om inte annat \u00f6verenskommits restnoterar vi varan och levererar s\u00e5 snart den kommit in p\u00e5 lagret.\n\nV\u00e4lkommen med din best\u00e4llning! .\n\n\n2. Priser\nVarje vara anges inklusive moms i Svenska kronor. I kundvagnen ser man det totala priset inklusive alla avgifter s\u00e5 som moms, frakt och betalningar\n\n\n3.1 Betalning\nBetalning sker genom vald betalningsmetod i kassan. Betalningsmetoden tillhandah\u00e5lls av Worldline tillsammans med samarbetspartners.\n\n\n3.2 Kortbetalning\nKorbetalning accepteras av Visa, MasterCard och Maestro. Debitering av ditt betalkort sker direkt\n\n\n3.3.1 Faktura &amp; delbetalning\nI samarbete med Walley erbjuder vi faktura och delbetalning. Tj\u00e4nsten \u00e4r baserad p\u00e5 en eng\u00e5ngskredit som m\u00f6jligg\u00f6r en enkel och s\u00e4ker betalning av dina k\u00f6p genom faktura eller delbetalning. Mer information och fullst\u00e4ndiga villkor om Walleys betals\u00e4tt hittar du p\u00e5 https:\/\/cdn.walleypay.com\/terms\/Terms_SE.pdf.\n\nFakturan har en f\u00f6rfallotid om 14 dagar. Efter genomf\u00f6rt k\u00f6p skickas fakturan till din angivna e-postadress. Du kan i efterhand v\u00e4lja att betala hela beloppet med en g\u00e5ng eller ans\u00f6ka om att dela upp betalningen i mindre delar genom att logga in p\u00e5 https:\/\/commerce.collector.se\/Portal. \n\nF\u00f6r att kunna anv\u00e4nda tj\u00e4nsten m\u00e5ste du vid k\u00f6ptillf\u00e4llet vara bosatt i Sverige och vara minst 18 \u00e5r gammal. Betals\u00e4ttet \u00e4r endast tillg\u00e4ngligt f\u00f6r privatpersoner och som kreditgivare kontrollerar Walley att du har sk\u00f6tt dina ekonomiska \u00e5taganden och har en god betalhistorik. \n\nEn kreditpr\u00f6vning g\u00f6rs i samband med k\u00f6ptillf\u00e4llet vilket inneb\u00e4r att en kreditupplysning inh\u00e4mtas. Kreditupplysningar som tas av Walley p\u00e5verkar inte din kreditv\u00e4rdighet och kan inte ses av andra som beg\u00e4r kreditupplysning om dig, t ex banker. Vid f\u00f6rsenad eller utebliven betalning debiteras en f\u00f6rseningsavgift samt dr\u00f6jsm\u00e5lsr\u00e4nta.\n\nF\u00f6r att se fullst\u00e4ndiga villkor f\u00f6r Wally faktura- och delbetalningstj\u00e4nst se l\u00e4nkarna nedan:\n\n- Walleys allm\u00e4nna kreditvillkor f\u00f6r faktura och delbetalning (https:\/\/cdn.walleypay.com\/terms\/Terms_SE.pdf)\n\n- Standardiserad Europeisk konsumentkreditinformation\n\n\n3.3.2 Fr\u00e5gor kopplade till din faktura eller delbetalning\nWalleys kundtj\u00e4nst hj\u00e4lper dig g\u00e4rna i alla fr\u00e5gor som r\u00f6r din faktura eller delbetalning. Kontakta Walley via e-post hello@walley.se eller via telefon p\u00e5 +46 010 161 01 00 m\u00e5ndag \u2013 fredag kl. 08:00-18:00, l\u00f6r 10:00-16:00, s\u00f6n 10:00-16:00.\n\nSe ocks\u00e5 vanligt f\u00f6rekommande fr\u00e5gor och svar p\u00e5 https:\/\/www.walley.se\/kundservice\/.\n\n\n3.3.3 \u00c5terbetalning vid faktura- eller delbetalningsk\u00f6p\nDu som har betalt din faktura eller delbetalning men \u00e4nd\u00e5 \u00e5ngrat ditt k\u00f6p har ett tillgodohavande hos Walley. Walley \u00e5terbetalar den summa du har betalat efter att vi har f\u00e5tt uppgift om godk\u00e4nd retur fr\u00e5n handlaren. \u00c5terbetalningen sker till ditt konto varf\u00f6r du beh\u00f6ver meddela oss dina kontouppgifter tillsammans med fakturauppgifterna. \n\n\n3.3.4 Pris\n\nF\u00f6r uppdaterade priser se nedan f\u00f6ljande l\u00e4nk https:\/\/cdn.walleypay.com\/terms\/Terms_SE.pdf\n\n\n4. Frakt &amp; Fraktmetoder\nMoms, frakt och emballage \u00e4r alltid inr\u00e4knade i priset! G\u00e4llande leverans inom Sverige. N\u00e4r det g\u00e4ller utlandet kontakta oss f\u00f6r att f\u00e5 information ang\u00e5ende till\u00e4gg porto.\n\nPorto f\u00f6r eventuella \u00e5ngerreturer betalas av kunden.\n\nVid skadad vara skall anm\u00e4lan g\u00f6ras till postens utl\u00e4mningsst\u00e4lle vid h\u00e4mtningen\n\n\n4.2 Leveranser\nVi levererar inom n\u00e5gon dag fr\u00e5n det betalningen kommit in p\u00e5 kontot om varan finns i lager.\n\n\n4.3 Skadade varor och reklamationer \nN\u00e4r f\u00e5r dina varor \u00e4r det viktigt att du kontrollerar s\u00e5 varorna inte \u00e4r skadade eller felaktiga. Skulle varan vara felaktig eller skadad kontakta oss s\u00e5 snart som m\u00f6jligt via e-post till adressen test@test.se s\u00e5 f\u00e5r du vidare instruktioner. Du har 3 \u00e5rs reklamationsr\u00e4tt enligt Svensk lag.\n\n\n5. \u00c5ngerr\u00e4tt och \u00f6ppet k\u00f6p\nSom kund har du r\u00e4tt att \u00e5ngra ditt k\u00f6p inom 14 dagar efter det att du har tagit emot varan. \u00c5ngerr\u00e4tten kan endast utnyttjas om varan kan \u00e5terl\u00e4mnas i originalf\u00f6rpackning och \u00e4r i v\u00e4sentligen of\u00f6r\u00e4ndrat skick. Du har r\u00e4tt att \u00f6ppna f\u00f6rpackningen och prova varan, men den f\u00e5r ej vara anv\u00e4nd ut\u00f6ver detta. Vid utnyttjande av \u00e5ngerr\u00e4tt\/\u00f6ppet k\u00f6p st\u00e5r kunden f\u00f6r returfrakten\n\n\n6. \u00c5terbetalningsskyldighet\nOm du utnyttjar din \u00e5ngerr\u00e4tt ska vi betala tillbaka hela varans belopp snarast eller senast inom 30 dagar fr\u00e5n den dag d\u00e5 vi mottog varan. Du f\u00e5r sj\u00e4lv betala returkostnaden n\u00e4r varan skickas tillbaka. Vi betalar allting returkostnaden f\u00f6r att s\u00e4nda tillbaka s\u00e5 kallade ers\u00e4ttningsvaror\nSe \u00e4ven konsumentverket eller distanshandelslagen\n\n\n7. Personuppgiftsbehandling\nF\u00f6r att kunna ta emot, hantera och leverera din best\u00e4llning kommer Test AB att behandla dina personuppgifter. All v\u00e5r behandling av personuppgifter sker i enlighet med g\u00e4llande personuppgiftslagstiftning. Du kan l\u00e4sa mer om hur vi behandlar dina personuppgifter under Bilaga 1, Personuppgiftsbehandling.\n\n\n8. Kontakt &amp; Kundtj\u00e4nst\nKontaktuppgifter till oss finner ni H\u00c4R.\n\n\n9. Cookies\nEn cookie \u00e4r en textfil som skickas fr\u00e5n en websida till din dator d\u00e4r den lagras antingen i minnet (session cookies) eller som en liten textfil (textbaserade cookies). Cookies anv\u00e4nds f\u00f6r att lagra t.ex. inloggningsinformation eller din kundvagn n\u00e4r du surfar runt p\u00e5 olika webplatser. Om din webbl\u00e4sare \u00e4r inst\u00e4lld p\u00e5 att inte acceptera cookies kommer du inte ha m\u00f6jlighet att g\u00f6ra n\u00e5gon best\u00e4llning p\u00e5 v\u00e5r sida. Du kan l\u00e4tt \u00e4ndra detta under inst\u00e4llningar i din webbl\u00e4sare. Observera att vi inte anv\u00e4nder cookies f\u00f6r att spara personlig information om dig\n\n\n10.1 Force Majeure\nForce Majeure s\u00e5som krig, omfattande arbetskonflikt, blockad, eldsv\u00e5da, milj\u00f6katastrof, allvarlig smittspridning eller annan omfattning som part inte r\u00e5der \u00f6ver och som f\u00f6rhindrar part att fullg\u00f6ra sina skyldigheter och befriar part fr\u00e5n detta. S\u00e5dan befrielse g\u00e4ller under f\u00f6ruts\u00e4ttning att verksamheten inte heller kan bedrivas under dessa f\u00f6rh\u00e5llanden. Motparten skall omedelbart underr\u00e4ttas om omst\u00e4ndigheter som kan till\u00e4mpning denna best\u00e4mmelse\n\n\n10.2 \u00c4ndring av avtalsvillkor\nEfter att kund genomf\u00f6rt ett k\u00f6p \u00e4ger S\u00e4ljf\u00f6retaget inte r\u00e4tt att \u00e4ndra villkoren f\u00f6r aktuellt k\u00f6p om inget annat \u00e4r \u00f6verenskommet\n\n\n10.3 Klagom\u00e5l\nHar kund klagom\u00e5l kan dessa framf\u00f6ras via v\u00e5ra kontats\u00e4tt som ni finner H\u00c4R\n\n\n10.4 Tvister &amp; lagar\nSvensk r\u00e4tt skall till\u00e4mpas p\u00e5 samtliga k\u00f6p enligt dessa avtalsvillkor. Tvist om k\u00f6p enligt dessa avtalsvillkor skall exklusivt pr\u00f6vas av svensk allm\u00e4n domstol.\n\u2003\n \n\nBilaga 1, Personuppgiftsbehandling\nSDXF, org. nr. 802004-8693 , behandlar personuppgifter i samband med handeln p\u00e5 http:\/\/www.dxkop.sdxf.se och \u00e4r personuppgiftsansvarigt f\u00f6r behandlingen. Personuppgifter behandlas f\u00f6r att SDXF ska kunna tillhandah\u00e5lla sina tj\u00e4nster, huvudsakligen f\u00f6r f\u00f6ljande \u00e4ndam\u00e5l (\u201d\u00c4ndam\u00e5len\u201d): \n\u2022\tF\u00f6r att skapa och uppr\u00e4tth\u00e5lla ditt personliga konto.\n\u2022\tF\u00f6r att ta emot och bearbeta dina best\u00e4llningar och skicka dina varor till dig.\n\u2022\tF\u00f6r att hantera eventuella returer.\n\u2022\tF\u00f6r att skicka dig sms-aviseringar om leveransstatus.\n\u2022\tF\u00f6r att besvara dina fr\u00e5gor och informera dig om nya eller \u00e4ndrade tj\u00e4nster.\n\u2022\tF\u00f6r att skicka marknadsf\u00f6ringserbjudanden som nyhetsbrev och kataloger.\n\u2022\tF\u00f6r att skicka dig enk\u00e4ter som ger dig m\u00f6jlighet att p\u00e5verka SDXF:s erbjudanden och tj\u00e4nster.\nDe uppgifter som behandlas \u00e4r de uppgifter som du anger, t.ex. n\u00e4r du l\u00e4gger best\u00e4llningar, kontaktar kundtj\u00e4nst eller dylikt. De uppgifter du anger omfattar t.ex. kontaktinformation, leveransadress och best\u00e4llda varor (\u201dPersonuppgifterna\u201d). Personuppgifterna \u00e4r n\u00f6dv\u00e4ndiga f\u00f6r att sdxf ska kunna uppn\u00e5 \u00c4ndam\u00e5len. Viss information kan \u00e4ven komma att inh\u00e4mtas fr\u00e5n offentliga register eller fr\u00e5n andra allm\u00e4nt tillg\u00e4ngliga k\u00e4llor. \nDen huvudsakliga r\u00e4ttsliga grunden f\u00f6r behandlingen \u00e4r att behandlingen \u00e4r n\u00f6dv\u00e4ndig f\u00f6r att SDXF ska kunna fullg\u00f6ra sina \u00e5taganden gentemot sina kunder. Vissa behandlingar baseras \u00e4ven p\u00e5 SDXF:s ber\u00e4ttigade intresse att kunna bedriva sin verksamhet p\u00e5 ett effektivt och s\u00e4kert s\u00e4tt samt p\u00e5 SDXF:s skyldighet att f\u00f6lja r\u00e4ttsliga f\u00f6rpliktelser. Personuppgifterna kan komma att delas med myndigheter och andra parter som SDXF anlitar f\u00f6r att uppn\u00e5 \u00c4ndam\u00e5len, t.ex. f\u00f6r leverans. Dessa akt\u00f6rer kan vara baserade i l\u00e4nder utanf\u00f6r EU\/EES. Om Europakommissionen inte anser att landet s\u00e4kerst\u00e4ller en adekvat skyddsniv\u00e5 kommer \u00f6verf\u00f6ringen till den tredje parten att ha st\u00f6d i kommissionens standardavtalsklausuler f\u00f6r \u00f6verf\u00f6ring av personuppgifter till ett land utanf\u00f6r EU\/EES, se artiklarna 45\u201346 i f\u00f6rordning 2016\/679 (\u201dGDPR\u201d). Dessa standardavtalsklausuler finns \u00e5tkomliga h\u00e4r: http:\/\/ec.europa.eu\/justice\/data-protection\/international-transfers\/transfer\/. Behandlingen av Personuppgifterna kommer p\u00e5g\u00e5 s\u00e5 l\u00e4nge det kr\u00e4vs f\u00f6r att uppfylla \u00c4ndam\u00e5len eller s\u00e5 l\u00e4nge som SDXF \u00e4r f\u00f6rpliktade att g\u00f6ra detta. D\u00e4refter raderas Personuppgifterna.\nOm du har n\u00e5gra fr\u00e5gor kring behandlingen av Personuppgifterna kan du kontakta SDXF via dxkop@sdxf.se. Du kan \u00e4ven anv\u00e4nda denna adress om du vill ut\u00f6va n\u00e5gon av de r\u00e4ttigheter du enligt GDPR har som registrerad. V\u00e4nligen notera att r\u00e4ttigheterna enligt GDPR inte \u00e4r absoluta och att ett \u00e5beropande av en r\u00e4ttighet d\u00e4rf\u00f6r inte n\u00f6dv\u00e4ndigtvis leder till en \u00e5tg\u00e4rd. Dina r\u00e4ttigheter enligt GDPR inkluderar f\u00f6ljande:\n\u2022\tR\u00e4tt till tillg\u00e5ng \u2013 Enligt artikel 15 GDPR har du r\u00e4tt att ta del av Personuppgifterna och att bli informerad om behandlingen. Den informationen finns i detta dokument.\n\u2022\tR\u00e4tt till r\u00e4ttelse \u2013 Enligt artikel 16 GDPR har du r\u00e4tt att utan on\u00f6digt dr\u00f6jsm\u00e5l f\u00e5 felaktiga personuppgifter som r\u00f6r dig r\u00e4ttade. Med beaktande av \u00e4ndam\u00e5let med behandlingen har du ocks\u00e5 r\u00e4tt att komplettera ofullst\u00e4ndiga personuppgifter.\n\u2022\tR\u00e4tt till radering (\u201dr\u00e4tten att bli bortgl\u00f6md\u201d) \u2013 Under vissa omst\u00e4ndigheter har du med st\u00f6d av artikel 17 GDPR r\u00e4tt att f\u00e5 Personuppgifterna raderade.\n\u2022\tR\u00e4tt till begr\u00e4nsning av anv\u00e4ndning \u2013 Under vissa omst\u00e4ndigheter har du enligt artikel 18 GDPR r\u00e4tt att begr\u00e4nsa behandlingen av Personuppgifterna.\n\u2022\tR\u00e4tt till dataportabilitet \u2013 Enligt artikel 20 GDPR har du r\u00e4tt att f\u00e5 ut Personuppgifterna i ett strukturerat, allm\u00e4nt anv\u00e4nt och maskinl\u00e4sbart format. Du har ocks\u00e5 r\u00e4tt att \u00f6verf\u00f6ra dessa uppgifter till en annan personuppgiftsansvarig.\n\u2022\tR\u00e4tt att g\u00f6ra inv\u00e4ndningar \u2013 Enligt artikel 21 GDPR har du r\u00e4tt att inv\u00e4nda mot viss behandling av Personuppgifterna, exempelvis s\u00e5dan behandling som grundar sig i Test AB:s ber\u00e4ttigade intressen.\n\nSlutligen har du ocks\u00e5 r\u00e4tt att inge klagom\u00e5l till Datainspektionen, som kan kontaktas via datainspektionen@datainspektionen.se eller 08-657 61 00.\n\t\t\t___________________<\/code><\/pre>\n\n\n\n\n\n\n<h6>\u00a0<\/h6>","protected":false},"excerpt":{"rendered":"<p>K\u00f6pvillkor 1. F\u00f6retagsinformation Sveriges DX-F\u00f6rbund driver DX-K\u00f6p d\u00e4r medlemmarna kan k\u00f6pa intressanta b\u00f6cker och CD-skivor om radio och n\u00e4raliggande \u00e4mnen till rabatterade priser. OBS! Var v\u00e4nlig uppge ditt namn, din adress och ordernummer \/ best\u00e4llda produkter p\u00e5 inbetalningskortet! Denna service &hellip; <a class=\"more-link\" href=\"https:\/\/dxkop.sdxf.se\/?page_id=10329\">L\u00e4s mer <span class=\"meta-nav\">&rarr;<\/span><\/a><\/p>\n","protected":false},"author":3,"featured_media":0,"parent":0,"menu_order":0,"comment_status":"closed","ping_status":"closed","template":"","meta":{"footnotes":""},"class_list":["post-10329","page","type-page","status-publish","hentry"],"jetpack_sharing_enabled":true,"_links":{"self":[{"href":"https:\/\/dxkop.sdxf.se\/index.php?rest_route=\/wp\/v2\/pages\/10329","targetHints":{"allow":["GET"]}}],"collection":[{"href":"https:\/\/dxkop.sdxf.se\/index.php?rest_route=\/wp\/v2\/pages"}],"about":[{"href":"https:\/\/dxkop.sdxf.se\/index.php?rest_route=\/wp\/v2\/types\/page"}],"author":[{"embeddable":true,"href":"https:\/\/dxkop.sdxf.se\/index.php?rest_route=\/wp\/v2\/users\/3"}],"replies":[{"embeddable":true,"href":"https:\/\/dxkop.sdxf.se\/index.php?rest_route=%2Fwp%2Fv2%2Fcomments&post=10329"}],"version-history":[{"count":3,"href":"https:\/\/dxkop.sdxf.se\/index.php?rest_route=\/wp\/v2\/pages\/10329\/revisions"}],"predecessor-version":[{"id":10333,"href":"https:\/\/dxkop.sdxf.se\/index.php?rest_route=\/wp\/v2\/pages\/10329\/revisions\/10333"}],"wp:attachment":[{"href":"https:\/\/dxkop.sdxf.se\/index.php?rest_route=%2Fwp%2Fv2%2Fmedia&parent=10329"}],"curies":[{"name":"wp","href":"https:\/\/api.w.org\/{rel}","templated":true}]}}