{"id":11,"date":"2014-03-05T18:03:33","date_gmt":"2014-03-05T17:03:33","guid":{"rendered":"http:\/\/dxkop.sdxf.se\/?page_id=11"},"modified":"2025-07-17T10:07:40","modified_gmt":"2025-07-17T08:07:40","slug":"information","status":"publish","type":"page","link":"https:\/\/dxkop.sdxf.se\/?page_id=11","title":{"rendered":"Information"},"content":{"rendered":"<h1>K\u00f6pinformation<\/h1>\n<p><span style=\"color: #000000;\">Sveriges DX-F\u00f6rbund driver DX-K\u00f6p d\u00e4r medlemmarna kan k\u00f6pa intressanta b\u00f6cker och CD-skivor om radio och n\u00e4raliggande \u00e4mnen till rabatterade priser.OBS! Var v\u00e4nlig uppge ditt namn, din adress och ordernummer \/ best\u00e4llda produkter p\u00e5 inbetalningskortet!Denna service g\u00e4ller endast medlemmar i Sveriges DX-F\u00f6rbund.Vi reserverar oss dock f\u00f6r slutf\u00f6rs\u00e4ljning. Om inte annat \u00f6verenskommits restnoterar vi varan och levererar s\u00e5 snart den kommit in p\u00e5 lagret. V\u00e4lkommen med din best\u00e4llning!\u00a0<\/span><\/p>\n<p>Vi hoppas att du f\u00e5tt svar p\u00e5 dina fr\u00e5gor om inte \u00e4r du alltid v\u00e4lkommen att kontakta oss:<\/p>\n<p>DX-K\u00f6p\/Sveriges DX-F\u00f6rbund<br \/>\nHundlokev\u00e4gen 8<br \/>\n242 72 Ludvigsborg<\/p>\n<p>Organisationsnummer: 802004-8693<\/p>\n","protected":false},"excerpt":{"rendered":"<p>K\u00f6pinformation Sveriges DX-F\u00f6rbund driver DX-K\u00f6p d\u00e4r medlemmarna kan k\u00f6pa intressanta b\u00f6cker och CD-skivor om radio och n\u00e4raliggande \u00e4mnen till rabatterade priser.OBS! Var v\u00e4nlig uppge ditt namn, din adress och ordernummer \/ best\u00e4llda produkter p\u00e5 inbetalningskortet!Denna service g\u00e4ller endast medlemmar i &hellip; <a class=\"more-link\" href=\"https:\/\/dxkop.sdxf.se\/?page_id=11\">L\u00e4s mer <span class=\"meta-nav\">&rarr;<\/span><\/a><\/p>\n","protected":false},"author":2,"featured_media":0,"parent":0,"menu_order":0,"comment_status":"closed","ping_status":"open","template":"","meta":{"footnotes":""},"class_list":["post-11","page","type-page","status-publish","hentry"],"jetpack_sharing_enabled":true,"_links":{"self":[{"href":"https:\/\/dxkop.sdxf.se\/index.php?rest_route=\/wp\/v2\/pages\/11","targetHints":{"allow":["GET"]}}],"collection":[{"href":"https:\/\/dxkop.sdxf.se\/index.php?rest_route=\/wp\/v2\/pages"}],"about":[{"href":"https:\/\/dxkop.sdxf.se\/index.php?rest_route=\/wp\/v2\/types\/page"}],"author":[{"embeddable":true,"href":"https:\/\/dxkop.sdxf.se\/index.php?rest_route=\/wp\/v2\/users\/2"}],"replies":[{"embeddable":true,"href":"https:\/\/dxkop.sdxf.se\/index.php?rest_route=%2Fwp%2Fv2%2Fcomments&post=11"}],"version-history":[{"count":4,"href":"https:\/\/dxkop.sdxf.se\/index.php?rest_route=\/wp\/v2\/pages\/11\/revisions"}],"predecessor-version":[{"id":10336,"href":"https:\/\/dxkop.sdxf.se\/index.php?rest_route=\/wp\/v2\/pages\/11\/revisions\/10336"}],"wp:attachment":[{"href":"https:\/\/dxkop.sdxf.se\/index.php?rest_route=%2Fwp%2Fv2%2Fmedia&parent=11"}],"curies":[{"name":"wp","href":"https:\/\/api.w.org\/{rel}","templated":true}]}}