{"id":15,"date":"2014-03-05T18:05:10","date_gmt":"2014-03-05T17:05:10","guid":{"rendered":"http:\/\/dxkop.sdxf.se\/?page_id=15"},"modified":"2019-09-11T17:55:48","modified_gmt":"2019-09-11T15:55:48","slug":"kopinformation","status":"publish","type":"page","link":"https:\/\/dxkop.sdxf.se\/?page_id=15","title":{"rendered":"K\u00f6pinformation"},"content":{"rendered":"<p><span style=\"color: #000000;\">Sveriges DX-F\u00f6rbund driver DX-K\u00f6p d\u00e4r medlemmarna kan k\u00f6pa intressanta b\u00f6cker och CD-skivor om radio och n\u00e4raliggande \u00e4mnen till rabatterade priser.<\/span><\/p>\n<p><span style=\"color: #000000;\">OBS! Var v\u00e4nlig uppge ditt namn, din adress och ordernummer \/ best\u00e4llda produkter p\u00e5 inbetalningskortet!<\/span><\/p>\n<p><span style=\"color: #000000;\">Denna service g\u00e4ller endast medlemmar i Sveriges DX-F\u00f6rbund.<\/span><\/p>\n<p><span style=\"color: #000000;\">Vi reserverar oss dock f\u00f6r slutf\u00f6rs\u00e4ljning. Om inte annat \u00f6verenskommits restnoterar vi varan och levererar s\u00e5 snart den kommit in p\u00e5 lagret.<\/span><\/p>\n<p><span style=\"color: #000000;\">V\u00e4lkommen med din best\u00e4llning! .<\/span><\/p>\n","protected":false},"excerpt":{"rendered":"<p>Sveriges DX-F\u00f6rbund driver DX-K\u00f6p d\u00e4r medlemmarna kan k\u00f6pa intressanta b\u00f6cker och CD-skivor om radio och n\u00e4raliggande \u00e4mnen till rabatterade priser. OBS! Var v\u00e4nlig uppge ditt namn, din adress och ordernummer \/ best\u00e4llda produkter p\u00e5 inbetalningskortet! Denna service g\u00e4ller endast medlemmar &hellip; <a class=\"more-link\" href=\"https:\/\/dxkop.sdxf.se\/?page_id=15\">L\u00e4s mer <span class=\"meta-nav\">&rarr;<\/span><\/a><\/p>\n","protected":false},"author":2,"featured_media":0,"parent":11,"menu_order":0,"comment_status":"closed","ping_status":"open","template":"","meta":{"footnotes":""},"class_list":["post-15","page","type-page","status-publish","hentry"],"jetpack_sharing_enabled":true,"_links":{"self":[{"href":"https:\/\/dxkop.sdxf.se\/index.php?rest_route=\/wp\/v2\/pages\/15","targetHints":{"allow":["GET"]}}],"collection":[{"href":"https:\/\/dxkop.sdxf.se\/index.php?rest_route=\/wp\/v2\/pages"}],"about":[{"href":"https:\/\/dxkop.sdxf.se\/index.php?rest_route=\/wp\/v2\/types\/page"}],"author":[{"embeddable":true,"href":"https:\/\/dxkop.sdxf.se\/index.php?rest_route=\/wp\/v2\/users\/2"}],"replies":[{"embeddable":true,"href":"https:\/\/dxkop.sdxf.se\/index.php?rest_route=%2Fwp%2Fv2%2Fcomments&post=15"}],"version-history":[{"count":3,"href":"https:\/\/dxkop.sdxf.se\/index.php?rest_route=\/wp\/v2\/pages\/15\/revisions"}],"predecessor-version":[{"id":10334,"href":"https:\/\/dxkop.sdxf.se\/index.php?rest_route=\/wp\/v2\/pages\/15\/revisions\/10334"}],"up":[{"embeddable":true,"href":"https:\/\/dxkop.sdxf.se\/index.php?rest_route=\/wp\/v2\/pages\/11"}],"wp:attachment":[{"href":"https:\/\/dxkop.sdxf.se\/index.php?rest_route=%2Fwp%2Fv2%2Fmedia&parent=15"}],"curies":[{"name":"wp","href":"https:\/\/api.w.org\/{rel}","templated":true}]}}