{"id":172,"date":"2014-03-07T15:31:26","date_gmt":"2014-03-07T14:31:26","guid":{"rendered":"http:\/\/dxkop.sdxf.se\/?page_id=172"},"modified":"2014-03-07T15:31:26","modified_gmt":"2014-03-07T14:31:26","slug":"pirater-pionjarer","status":"publish","type":"page","link":"https:\/\/dxkop.sdxf.se\/?page_id=172","title":{"rendered":"Pirater &#038; Pionj\u00e4rer"},"content":{"rendered":"<p>Pirater &amp; pionj\u00e4rer \u2013 en film om<br \/>\nRadio Nord<br \/>\nTid: 80 minuter.<br \/>\nProduktion: Johan Sk\u00f6ld.<\/p>\n<p>Lagom till Radio Nord Revival den 27-29 maj fanns denna DVD f\u00e4rdig och filmaren Johan Sk\u00f6ld var med ombord p\u00e5 S:t Erik f\u00f6r att s\u00e4lja filmen. Han b\u00f6rjade arbeta med filmen f\u00f6r sju \u00e5r sedan p\u00e5 sin fritid och resultatet \u00e4r en sammanh\u00e4ngande ber\u00e4ttelse i kronologisk ordning om Radio Nords historia samt vad som h\u00e4nde med Bon Jour efter\u00e5t. En del filmklipp fr\u00e5n L\u00e5ten fr\u00e5n b\u00e5ten som f\u00f6ljde med Jan Kotschacks bok och \u00e4ven fr\u00e5n Lasse Karlssons egenh\u00e4ndigt inspelade film finns med. Men dessutom har en del amat\u00f6rfilmer inspelade av nyhetschefen Kjell Bergstr\u00f6m anv\u00e4nts och dessa unika bilder \u00e4r en av DVD:ns st\u00f6rsta tillg\u00e5ngar. Bland annat f\u00e5r vi tjusiga filmsekvenser av Bon Jour ute p\u00e5 \u00f6ppet hav liksom interi\u00f6rbilder. Filmen \u00e4r ocks\u00e5 rik p\u00e5 intervjuer med tidigare Radio Nord-medarbetare av vilka ett par inte l\u00e4ngre finns i livet. Artister, politiker och lyssnare intervjuas ocks\u00e5 och tempot i filmen \u00e4r bra. Vi f\u00e5r dock komma ih\u00e5g att detta \u00e4r en produktion som finansierats av producenten sj\u00e4lv varf\u00f6r budgeten varit begr\u00e4nsad. Ursprungligen var tanken att f\u00f6rs\u00f6ka s\u00e4lja filmen till n\u00e5got TV-bolag men ingen nappade.<\/p>\n<p>En del av de inslag som ursprungligen fanns med har lyfts bort d\u00e5 det skulle bli alldeles f\u00f6r dyrt att betala f\u00f6r r\u00e4ttigheterna till materialet. En del tidstypiska filmsekvenser som inte direkt har anknytning till Radio Nord har anv\u00e4nts och vissa snuttar har \u00e5teranv\u00e4nts genom att spegelv\u00e4ndas. Men det \u00e4r petitesser. Vad som d\u00e4remot kan vara n\u00e5got irriterande \u00e4r att jinglar lagts in i bakgrunden under vissa intervjuer. I \u00e5tminstone ett fall g\u00f6r detta att man har sv\u00e5rt att h\u00f6ra vad den intervjuade s\u00e4ger.<\/p>\n<p>Med dessa reservationer s\u00e5 tycker jag definitivt att filmen \u00e4r v\u00e4l v\u00e4rd att inf\u00f6rskaffa f\u00f6r alla er som har intresse av Radio Nord. Den \u00e4r ett bra komplement till boken Stick iv\u00e4g, Jack och DVD:n s\u00e4ljs direkt av producenten Johan Sk\u00f6ld, e-post johan.skold@cybertext. se Se f\u00f6r \u00f6vrigt DX-k\u00f6ps annons p\u00e5 annan plats i detta nummer.<\/p>\n<p>Magnus Jespersson, ur EA nr5\/2011<\/p>\n<p><span style=\"color: #ff0000;\"><strong>Betyg: **** av 5<\/strong><\/span><\/p>\n","protected":false},"excerpt":{"rendered":"<p>Pirater &amp; pionj\u00e4rer \u2013 en film om Radio Nord Tid: 80 minuter. Produktion: Johan Sk\u00f6ld. Lagom till Radio Nord Revival den 27-29 maj fanns denna DVD f\u00e4rdig och filmaren Johan Sk\u00f6ld var med ombord p\u00e5 S:t Erik f\u00f6r att s\u00e4lja &hellip; <a class=\"more-link\" href=\"https:\/\/dxkop.sdxf.se\/?page_id=172\">L\u00e4s mer <span class=\"meta-nav\">&rarr;<\/span><\/a><\/p>\n","protected":false},"author":3,"featured_media":162,"parent":2,"menu_order":0,"comment_status":"open","ping_status":"open","template":"","meta":{"footnotes":""},"class_list":["post-172","page","type-page","status-publish","has-post-thumbnail","hentry"],"jetpack_sharing_enabled":true,"_links":{"self":[{"href":"https:\/\/dxkop.sdxf.se\/index.php?rest_route=\/wp\/v2\/pages\/172","targetHints":{"allow":["GET"]}}],"collection":[{"href":"https:\/\/dxkop.sdxf.se\/index.php?rest_route=\/wp\/v2\/pages"}],"about":[{"href":"https:\/\/dxkop.sdxf.se\/index.php?rest_route=\/wp\/v2\/types\/page"}],"author":[{"embeddable":true,"href":"https:\/\/dxkop.sdxf.se\/index.php?rest_route=\/wp\/v2\/users\/3"}],"replies":[{"embeddable":true,"href":"https:\/\/dxkop.sdxf.se\/index.php?rest_route=%2Fwp%2Fv2%2Fcomments&post=172"}],"version-history":[{"count":1,"href":"https:\/\/dxkop.sdxf.se\/index.php?rest_route=\/wp\/v2\/pages\/172\/revisions"}],"predecessor-version":[{"id":173,"href":"https:\/\/dxkop.sdxf.se\/index.php?rest_route=\/wp\/v2\/pages\/172\/revisions\/173"}],"up":[{"embeddable":true,"href":"https:\/\/dxkop.sdxf.se\/index.php?rest_route=\/wp\/v2\/pages\/2"}],"wp:featuredmedia":[{"embeddable":true,"href":"https:\/\/dxkop.sdxf.se\/index.php?rest_route=\/wp\/v2\/media\/162"}],"wp:attachment":[{"href":"https:\/\/dxkop.sdxf.se\/index.php?rest_route=%2Fwp%2Fv2%2Fmedia&parent=172"}],"curies":[{"name":"wp","href":"https:\/\/api.w.org\/{rel}","templated":true}]}}