{"id":257,"date":"2014-03-11T09:24:23","date_gmt":"2014-03-11T08:24:23","guid":{"rendered":"http:\/\/dxkop.sdxf.se\/?page_id=257"},"modified":"2014-03-11T09:24:23","modified_gmt":"2014-03-11T08:24:23","slug":"radiogrammofonen-en-harmoni-i-klang-och-elegans","status":"publish","type":"page","link":"https:\/\/dxkop.sdxf.se\/?page_id=257","title":{"rendered":"Radiogrammofonen : en harmoni i klang och elegans"},"content":{"rendered":"<p>F\u00f6rfattare: Lars-G\u00f6ran Dybeck<br \/>\nF\u00f6rlag: Premium Publishing<br \/>\nF\u00f6rsta upplagan 2008<br \/>\n192 sidor f\u00e4rg<br \/>\nISBN: 978-91-89136-16-8<br \/>\nTryckt av F\u00e4lth &amp; H\u00e4ssler, V\u00e4rnamo<\/p>\n<p><strong><span style=\"color: #003366;\"><em>Recension fr\u00e5n Eter-Aktuellt nr 1\/2011<\/em><\/span><\/strong><\/p>\n<p>Radiogrammofoner \u2013 inte har v\u00e4l dessa gamla tingestar n\u00e5gonting med DX-ing att g\u00f6ra? Jo, kanske \u00e4nd\u00e5: f\u00f6r dem som inledde sin DX-bana p\u00e5 sextio- eller b\u00f6rjan av sjuttiotalet \u2013 och de \u00e4r en del \u2013 skedde ofta DX-debuten p\u00e5 en av dessa apparater som d\u00e5 fanns i de flesta hem. I regel hade de en riktigt bra radiodel med l\u00e5ngv\u00e5g, mellanv\u00e5g och kortv\u00e5g, \u00e5tminstone mellan 19 och 49 meter. P\u00e5 den tiden var den vanliga proceduren att man b\u00f6rjade med vad som fanns tillg\u00e4ngligt i hemmet och skaffade en trafikmottagare om intresset h\u00f6ll i sig och n\u00e4r ekonomin s\u00e5 till\u00e4t<\/p>\n<p>&#8211; sj\u00e4lv anv\u00e4nde jag just en radiogrammofon och en annan bordsapparat som fanns hemma under mina f\u00f6rsta tv\u00e5 \u00e5r som DX-are.<\/p>\n<p>Jag hade ingen aning om att det skrivits en bok i \u00e4mnet f\u00f6rr\u00e4n jag hade en stund \u00f6ver i Borl\u00e4nge f\u00f6r n\u00e5gra veckor sedan. Eftersom v\u00e4dret inte visade sig fr\u00e5n sin b\u00e4sta sida besl\u00f6t jag mig f\u00e4r att tillbringa en stund p\u00e5 stadsbiblioteket d\u00e4r jag allts\u00e5 hittade denna bok \u2013 och fann den mycket intressant. D\u00e5 jag kom hem letade jag p\u00e5 Internet och fann att boken fortfarande finns att tillg\u00e5 i \u00f6ppna handeln. N\u00e5gon kanske tycker att f\u00f6rlaget Premium Publishing verkar bekant och i s\u00e5 fall har denne n\u00e5gon r\u00e4tt \u2013 det \u00e4r samma f\u00f6rlag som gav ut Stick iv\u00e4g, Jack! av Jan Kotschack och den har s\u00e4kert \u00e5tskilliga DX-are l\u00e4st. N\u00e4r jag ser vilka \u2013 f\u00f6rutom f\u00f6rfattaren \u2013 medverkat till att g\u00f6ra boken hajar jag till inf\u00f6r namnet Wille Wendt. F\u00f6r det verkar bekant fr\u00e5n Waggeryds Radioamat\u00f6rer i b\u00f6rjan av sjuttiotalet, jag vill minnas att han bodde i Bjerred d\u00e5. Visserligen kan det vara en helt annan person, men troligen inte eftersom namnet \u00e4r ovanligt. Det finns \u00e4ven andra likheter med Kotschacks bok. B\u00e5da avhandlar ett Sverige under den era v\u00e4lf\u00e4rdssamh\u00e4llet utvecklades och Sverige var p\u00e5 v\u00e4g att bli ett av v\u00e4rldens rikaste l\u00e4nder. Sedan m\u00e5nga \u00e5r \u00e4r den utvecklingen bruten och Sverige sjunker bet\u00e4nkligt i den statistik som rankar l\u00e4nder efter v\u00e4lf\u00e4rd. Att det blivit s\u00e5 h\u00e4r \u00e4r inte s\u00e5 sv\u00e5rt att f\u00f6rst\u00e5 i och med de 36 systemfel som introducerades under Palmes \u00e5r vid<br \/>\nmakten och som fortfarande best\u00e5r. Men detta \u00e4r en politisk diskussion \u2013 om \u00e4n nog s\u00e5 intressant \u2013 som f\u00e5r f\u00f6ras i ett annat forum.<\/p>\n<p>F\u00f6r att \u00e5terknyta till radiogrammofonen s\u00e5 var den ett av den tidens tekniska underverk som \u201dalla\u201d m\u00e5ste ha, inte minst f\u00f6r att visa att man hade r\u00e5d. D\u00e5 det begav sig kostade de vanligaste modellerna 500-2000 kronor och det ska ses i relation till en industriarbetarl\u00f6n som d\u00e5 l\u00e5g 700-800 kronor, plus det faktum att de var r\u00e4tt vanligt att kvinnorna var hemmafruar. D\u00e5 kan man ocks\u00e5 f\u00f6rst\u00e5 att f\u00f6r\u00e4ldrarna inte had r\u00e5d att ge sina barn och ungdomar dyra presenter som DX-mottagare utan radiogrammofonen fick duga f\u00f6r det \u00e4ndam\u00e5let ocks\u00e5. Vilket den faktiskt i m\u00e5ngt och mycket gjorde, en av de stationer jag h\u00f6rde p\u00e5 v\u00e5r apparat av m\u00e4rket Philips var Radio Afghanistan som svarade med det QSL-kort som finns p\u00e5 annan plats i denna artikel.<\/p>\n<p>P\u00e5 senare \u00e5r har intresset f\u00f6r femtio- och sextiotalens design f\u00e5tt en ren\u00e4ssans och det omfattar \u00e4ven radiogrammofoner (och f\u00f6r den delen bordsradioapparater) som formgavs f\u00f6r att passa in i ett elegant m\u00f6blemang<\/p>\n<p>&#8211; mahognyfan\u00e9r var mycket vanligt. Naturligtvis \u00e4r 50-60 \u00e5r en l\u00e5ng tid och de flesta apparater har skattat \u00e5t f\u00f6rg\u00e4ngelsen \u2013 men mitt f\u00f6r\u00e4ldrahems radiogrammofon lever vidare hemma hos min bror i Hagfors. \u00c4n idag kan man hitta dessa apparater \u2013 f.n. finns ett tjugofemtal ute p\u00e5 Blocket f\u00f6r priser mellan 300 och 1800 kr. Det g\u00e4ller dock att finna en i sin geografiska n\u00e4rhet, f\u00f6r det h\u00e4r \u00e4r tunga grejor \u2013 30-40 kg \u00e4r inte ovanligt\u2026<\/p>\n<p>Att k\u00f6pa Lars-G\u00f6ran Dybecks bok \u00e4r billigare och enklare \u2013 den kan varmt rekommenderas och jag ger den fem antenner (av fem m\u00f6jliga) i betyg!<\/p>\n<p><span style=\"color: #993300;\"><strong>Magnus jespersson<\/strong><\/span><\/p>\n","protected":false},"excerpt":{"rendered":"<p>F\u00f6rfattare: Lars-G\u00f6ran Dybeck F\u00f6rlag: Premium Publishing F\u00f6rsta upplagan 2008 192 sidor f\u00e4rg ISBN: 978-91-89136-16-8 Tryckt av F\u00e4lth &amp; H\u00e4ssler, V\u00e4rnamo Recension fr\u00e5n Eter-Aktuellt nr 1\/2011 Radiogrammofoner \u2013 inte har v\u00e4l dessa gamla tingestar n\u00e5gonting med DX-ing att g\u00f6ra? Jo, kanske &hellip; <a class=\"more-link\" href=\"https:\/\/dxkop.sdxf.se\/?page_id=257\">L\u00e4s mer <span class=\"meta-nav\">&rarr;<\/span><\/a><\/p>\n","protected":false},"author":3,"featured_media":258,"parent":2,"menu_order":0,"comment_status":"open","ping_status":"open","template":"","meta":{"footnotes":""},"class_list":["post-257","page","type-page","status-publish","has-post-thumbnail","hentry"],"jetpack_sharing_enabled":true,"_links":{"self":[{"href":"https:\/\/dxkop.sdxf.se\/index.php?rest_route=\/wp\/v2\/pages\/257","targetHints":{"allow":["GET"]}}],"collection":[{"href":"https:\/\/dxkop.sdxf.se\/index.php?rest_route=\/wp\/v2\/pages"}],"about":[{"href":"https:\/\/dxkop.sdxf.se\/index.php?rest_route=\/wp\/v2\/types\/page"}],"author":[{"embeddable":true,"href":"https:\/\/dxkop.sdxf.se\/index.php?rest_route=\/wp\/v2\/users\/3"}],"replies":[{"embeddable":true,"href":"https:\/\/dxkop.sdxf.se\/index.php?rest_route=%2Fwp%2Fv2%2Fcomments&post=257"}],"version-history":[{"count":1,"href":"https:\/\/dxkop.sdxf.se\/index.php?rest_route=\/wp\/v2\/pages\/257\/revisions"}],"predecessor-version":[{"id":259,"href":"https:\/\/dxkop.sdxf.se\/index.php?rest_route=\/wp\/v2\/pages\/257\/revisions\/259"}],"up":[{"embeddable":true,"href":"https:\/\/dxkop.sdxf.se\/index.php?rest_route=\/wp\/v2\/pages\/2"}],"wp:featuredmedia":[{"embeddable":true,"href":"https:\/\/dxkop.sdxf.se\/index.php?rest_route=\/wp\/v2\/media\/258"}],"wp:attachment":[{"href":"https:\/\/dxkop.sdxf.se\/index.php?rest_route=%2Fwp%2Fv2%2Fmedia&parent=257"}],"curies":[{"name":"wp","href":"https:\/\/api.w.org\/{rel}","templated":true}]}}