{"id":264,"date":"2014-03-11T10:13:17","date_gmt":"2014-03-11T09:13:17","guid":{"rendered":"http:\/\/dxkop.sdxf.se\/?page_id=264"},"modified":"2014-03-11T10:13:17","modified_gmt":"2014-03-11T09:13:17","slug":"2013-shortwave-frequency-guide","status":"publish","type":"page","link":"https:\/\/dxkop.sdxf.se\/?page_id=264","title":{"rendered":"2013 Shortwave frequency guide"},"content":{"rendered":"<p>2013 Shortwave frequency guide \u00e4r som framg\u00e5r av namnet en \u00e5rsbok som ges ut av Klingenfuss publications som specialiserat sig p\u00e5 litteratur f\u00f6r olika sorters radiomottagning.<\/p>\n<p>Den riktar sig fr\u00e4mst till allroundlyssnaren som lika g\u00e4rna lyssnar p\u00e5 utilitystationer (NDB undantaget) som rundradio (LV och MV undantagna). Som framg\u00e5r av titeln \u00e4r boken skriven p\u00e5 engelska, n\u00e5got som l\u00e5ngt ifr\u00e5n alltid \u00e4r fallet med tyska b\u00f6cker och det \u00e4r en stor f\u00f6rdel f\u00f6r alla de som inte f\u00f6rst\u00e5r tyska.<\/p>\n<p>Undantaget inledningen b\u00f6rjar boken med ett drygt 20 sidor l\u00e5ngt avsnitt som heter Monitoring utility stations och som avhandlar just det. V\u00e4rdefullt f\u00f6r nyb\u00f6rjaren, f\u00f6r den mer erfarne \u00e4r inte lika intressant. D\u00e4refter f\u00f6ljer en 125 sidor l\u00e5ng f\u00f6rteckning av utiltystationer fr\u00e5n 20 till 27870 kHz. F\u00f6rutom frekvens inneh\u00e5ller den signal, stationsnamn, ITU-kod, drifts\u00e4tt (CW, SSB\u2026) och en kolumn med \u00f6vriga detaljer.<\/p>\n<p>D\u00e4rmed har vi avverkat n\u00e4stan halva boken och n\u00e4sta kapitel heter Frequency list of broadcast radio stations. Inledningen \u00e4r h\u00f6gintressant och det \u00e4r inte utan tillfredsst\u00e4llelse jag noterar att DRM (Digital Radio Mondiale som det st\u00e5r f\u00f6r p\u00e5 n\u00e5got slags fransk-engelska) \u00e4r p\u00e5 god v\u00e4g att floppa f\u00f6r s\u00e5vitt inte s\u00e5 redan skett. Sedan kommer d\u00e5 listan av rundradiostationer som b\u00f6rjar med Northern Territory SW Service (Australien) p\u00e5 2310 kHz och slutar med RAI, Rom p\u00e5 26060 kHz. Drygt 102 sidor blev det denna g\u00e5ng. Efter n\u00e5gon sida med aktiva s\u00e4ndaranl\u00e4ggningar kommer s\u00e5 en lista \u00f6ver rundradiostationer i landordning.<\/p>\n<p>D\u00e4rmed \u00e4r boken n\u00e4stan slut. \u00c5terst\u00e5r ett avsnitt \u00f6ver anv\u00e4nda f\u00f6rkortningar och lite reklam f\u00f6r \u00f6vriga Klingenfusspublikationer.<\/p>\n<p>Bokens h\u00e4ftning \u00e4r mycket tackn\u00e4mligt gjord s\u00e5 att den ligger kvar i uppslaget l\u00e4ge, n\u00e5gon inte g\u00e4ller alla b\u00f6cker.<\/p>\n<p>2012 Shortwave frequency guide kan inte ers\u00e4tta WRTH och det \u00e4r heller inte m\u00e5let med den, eftersom man valt att utel\u00e4mna mellanv\u00e5g och adresser till f\u00f6rm\u00e5n f\u00f6r utilitystationerna.<\/p>\n<p>The same procedure as last year blir sammanfattningen, boken inneh\u00e5ller till allra st\u00f6rsta delen samma information som f\u00f6reg\u00e5ende \u00e5rs utg\u00e5va. Naturligtvis \u00e4r allt uppdaterat m\u00e5ste till\u00e4ggas. Drygt 25 f\u00e4rre sidor denna g\u00e5ng, och orsaken \u00e4r f\u00f6rst\u00e5s prim\u00e4rt att stationer st\u00e4ngs (ett \u00f6de som inte bara drabbar rundradiostationer). Den som gillar boken sedan tidigare \u00e5r kommer inte att bli besviken denna g\u00e5ng heller och \u00e4r man intresserad av utility finns mig veterligen inga andra \u00e5rsb\u00f6cker att v\u00e4lja p\u00e5.<\/p>\n<p><strong>2013 Shortwave Frequency <\/strong><strong>Guide<\/strong><br \/>\n<strong>Klingenfuss<\/strong><br \/>\n<strong>ISBN 978-3-941040-63-2<\/strong><br \/>\n<strong>\u00a9 J\u00f6rg Klingenfuss Publications, Hagenloher<\/strong><br \/>\n<strong>Strasse 14, D-72070 T\u00fcbingen, Tyskland <\/strong><strong>2012.<\/strong><br \/>\n<strong>376 sidor h\u00e4ftad, svartvitt tryck.<\/strong><\/p>\n<p><span style=\"color: #800080;\"><em><strong>Testad av: Magnus Jespersson, DX-Aktuellt nr 1\/2013<\/strong><\/em><\/span><\/p>\n","protected":false},"excerpt":{"rendered":"<p>2013 Shortwave frequency guide \u00e4r som framg\u00e5r av namnet en \u00e5rsbok som ges ut av Klingenfuss publications som specialiserat sig p\u00e5 litteratur f\u00f6r olika sorters radiomottagning. Den riktar sig fr\u00e4mst till allroundlyssnaren som lika g\u00e4rna lyssnar p\u00e5 utilitystationer (NDB undantaget) &hellip; <a class=\"more-link\" href=\"https:\/\/dxkop.sdxf.se\/?page_id=264\">L\u00e4s mer <span class=\"meta-nav\">&rarr;<\/span><\/a><\/p>\n","protected":false},"author":3,"featured_media":265,"parent":2,"menu_order":0,"comment_status":"open","ping_status":"open","template":"","meta":{"footnotes":""},"class_list":["post-264","page","type-page","status-publish","has-post-thumbnail","hentry"],"jetpack_sharing_enabled":true,"_links":{"self":[{"href":"https:\/\/dxkop.sdxf.se\/index.php?rest_route=\/wp\/v2\/pages\/264","targetHints":{"allow":["GET"]}}],"collection":[{"href":"https:\/\/dxkop.sdxf.se\/index.php?rest_route=\/wp\/v2\/pages"}],"about":[{"href":"https:\/\/dxkop.sdxf.se\/index.php?rest_route=\/wp\/v2\/types\/page"}],"author":[{"embeddable":true,"href":"https:\/\/dxkop.sdxf.se\/index.php?rest_route=\/wp\/v2\/users\/3"}],"replies":[{"embeddable":true,"href":"https:\/\/dxkop.sdxf.se\/index.php?rest_route=%2Fwp%2Fv2%2Fcomments&post=264"}],"version-history":[{"count":1,"href":"https:\/\/dxkop.sdxf.se\/index.php?rest_route=\/wp\/v2\/pages\/264\/revisions"}],"predecessor-version":[{"id":266,"href":"https:\/\/dxkop.sdxf.se\/index.php?rest_route=\/wp\/v2\/pages\/264\/revisions\/266"}],"up":[{"embeddable":true,"href":"https:\/\/dxkop.sdxf.se\/index.php?rest_route=\/wp\/v2\/pages\/2"}],"wp:featuredmedia":[{"embeddable":true,"href":"https:\/\/dxkop.sdxf.se\/index.php?rest_route=\/wp\/v2\/media\/265"}],"wp:attachment":[{"href":"https:\/\/dxkop.sdxf.se\/index.php?rest_route=%2Fwp%2Fv2%2Fmedia&parent=264"}],"curies":[{"name":"wp","href":"https:\/\/api.w.org\/{rel}","templated":true}]}}