{"id":630,"date":"2014-03-19T09:11:55","date_gmt":"2014-03-19T08:11:55","guid":{"rendered":"http:\/\/dxkop.sdxf.se\/?page_id=630"},"modified":"2014-03-19T09:11:55","modified_gmt":"2014-03-19T08:11:55","slug":"lankar","status":"publish","type":"page","link":"https:\/\/dxkop.sdxf.se\/?page_id=630","title":{"rendered":"L\u00e4nkar"},"content":{"rendered":"<p>Nu finns senaste uppdateringen till WRTH att h\u00e4mta h\u00e4r :\u00a0 <a title=\"WRTH2014IntRadioSuppl1_B13SchedulesUpdate\" href=\"http:\/\/www.wrth.com\/_shop\/wp-content\/uploads\/WRTH2014IntRadioSuppl1_B13SchedulesUpdate.pdf\" target=\"_blank\">WRTH 2014 International Radio B13 update<\/a><\/p>\n","protected":false},"excerpt":{"rendered":"<p>Nu finns senaste uppdateringen till WRTH att h\u00e4mta h\u00e4r :\u00a0 WRTH 2014 International Radio B13 update &hellip; <a class=\"more-link\" href=\"https:\/\/dxkop.sdxf.se\/?page_id=630\">L\u00e4s mer <span class=\"meta-nav\">&rarr;<\/span><\/a><\/p>\n","protected":false},"author":3,"featured_media":0,"parent":0,"menu_order":0,"comment_status":"open","ping_status":"open","template":"","meta":{"footnotes":""},"class_list":["post-630","page","type-page","status-publish","hentry"],"jetpack_sharing_enabled":true,"_links":{"self":[{"href":"https:\/\/dxkop.sdxf.se\/index.php?rest_route=\/wp\/v2\/pages\/630","targetHints":{"allow":["GET"]}}],"collection":[{"href":"https:\/\/dxkop.sdxf.se\/index.php?rest_route=\/wp\/v2\/pages"}],"about":[{"href":"https:\/\/dxkop.sdxf.se\/index.php?rest_route=\/wp\/v2\/types\/page"}],"author":[{"embeddable":true,"href":"https:\/\/dxkop.sdxf.se\/index.php?rest_route=\/wp\/v2\/users\/3"}],"replies":[{"embeddable":true,"href":"https:\/\/dxkop.sdxf.se\/index.php?rest_route=%2Fwp%2Fv2%2Fcomments&post=630"}],"version-history":[{"count":2,"href":"https:\/\/dxkop.sdxf.se\/index.php?rest_route=\/wp\/v2\/pages\/630\/revisions"}],"predecessor-version":[{"id":632,"href":"https:\/\/dxkop.sdxf.se\/index.php?rest_route=\/wp\/v2\/pages\/630\/revisions\/632"}],"wp:attachment":[{"href":"https:\/\/dxkop.sdxf.se\/index.php?rest_route=%2Fwp%2Fv2%2Fmedia&parent=630"}],"curies":[{"name":"wp","href":"https:\/\/api.w.org\/{rel}","templated":true}]}}