{"id":1002,"date":"2015-11-28T22:33:20","date_gmt":"2015-11-28T21:33:20","guid":{"rendered":"http:\/\/dxkop.sdxf.se\/?post_type=product&#038;p=1002"},"modified":"2025-04-10T13:38:58","modified_gmt":"2025-04-10T11:38:58","slug":"piraterna-pa-oresund-vi-minns-radio-syd-skanes-egen-radio","status":"publish","type":"product","link":"https:\/\/dxkop.sdxf.se\/?product=piraterna-pa-oresund-vi-minns-radio-syd-skanes-egen-radio","title":{"rendered":"Piraterna p\u00e5 \u00d6resund. Vi minns Radio Syd &#8211; Sk\u00e5nes egen radio"},"content":{"rendered":"<p><i>Klockan n\u00e4rmade sig midnatt, onsdagen den 19 januari 1966, n\u00e4r piratradiodrottningen Britt Wadner greppade mikrofonen i Radio Syds studio p\u00e5 fartyget Cheeta II. F\u00f6r lyssnarna ber\u00e4ttade hon att isl\u00e4get nu tvingade dem att l\u00e4mna sin plats p\u00e5 internationellt vatten i \u00d6resund, varifr\u00e5n de s\u00e4nde, men att de snart skulle vara tillbaka.<br \/>\nVad lyssnarna inte visste var att det skulle bli den allra sista s\u00e4ndningen fr\u00e5n Radio Syd, piratradiostationen som under sex intensiva \u00e5r engagerat advokater, politiker, ledarskribenter, aff\u00e4rsidkare, artister, kulturpersonligheter och, inte minst, en stor och h\u00e4ngiven lyssnarskara.<\/i><\/p>\n<p>Det har g\u00e5tt femtio \u00e5r sedan landets f\u00f6rsta piratradiostation tystnade. Kampen mot politikerna och myndigheterna blev till slut f\u00f6r sv\u00e5r f\u00f6r radiostationen som var f\u00f6reg\u00e5ngaren till dagens reklamradio.<br \/>\nF\u00f6rfattarna Ulf Clar\u00e9n och Staffan Olander gjort en djupdykning i arkiv och andra g\u00f6mmor och letat upp entusiaster och nyckelpersoner fr\u00e5n n\u00e4r det begav sig f\u00f6r att ber\u00e4tta historien om Radio Syd genom bilder, tidningsklipp, l\u00f6psedlar och intervjuer.<br \/>\nDet \u00e4r en historia full av motst\u00e5ndskamp och demonstrationer, \u00e5tal och f\u00e4ngelsedomar, stormar och dramatik. Men ocks\u00e5 av gl\u00e4dje, engagemang, profiler och massor av musik.<\/p>\n<p>Format: 220 x 220 mm<br \/>\nInlaga i fyrf\u00e4rg<br \/>\nCirka 150 sidor<\/p>\n","protected":false},"excerpt":{"rendered":"<p>Klockan n\u00e4rmade sig midnatt, onsdagen den 19 januari 1966, n\u00e4r piratradiodrottningen Britt Wadner greppade mikrofonen i Radio Syds studio p\u00e5 fartyget Cheeta II. F\u00f6r lyssnarna ber\u00e4ttade hon att isl\u00e4get nu tvingade dem att l\u00e4mna sin plats p\u00e5 internationellt vatten i &hellip; <a class=\"more-link\" href=\"https:\/\/dxkop.sdxf.se\/?product=piraterna-pa-oresund-vi-minns-radio-syd-skanes-egen-radio\">L\u00e4s mer <span class=\"meta-nav\">&rarr;<\/span><\/a><\/p>\n","protected":false},"featured_media":1003,"template":"","meta":[],"product_brand":[],"product_cat":[13,17,18],"product_tag":[],"class_list":{"0":"post-1002","1":"product","2":"type-product","3":"status-publish","4":"has-post-thumbnail","6":"product_cat-bocker","7":"product_cat-historik","8":"product_cat-pirater","10":"first","11":"instock","12":"shipping-taxable","13":"purchasable","14":"product-type-simple"},"jetpack_sharing_enabled":true,"_links":{"self":[{"href":"https:\/\/dxkop.sdxf.se\/index.php?rest_route=\/wp\/v2\/product\/1002","targetHints":{"allow":["GET"]}}],"collection":[{"href":"https:\/\/dxkop.sdxf.se\/index.php?rest_route=\/wp\/v2\/product"}],"about":[{"href":"https:\/\/dxkop.sdxf.se\/index.php?rest_route=\/wp\/v2\/types\/product"}],"wp:featuredmedia":[{"embeddable":true,"href":"https:\/\/dxkop.sdxf.se\/index.php?rest_route=\/wp\/v2\/media\/1003"}],"wp:attachment":[{"href":"https:\/\/dxkop.sdxf.se\/index.php?rest_route=%2Fwp%2Fv2%2Fmedia&parent=1002"}],"wp:term":[{"taxonomy":"product_brand","embeddable":true,"href":"https:\/\/dxkop.sdxf.se\/index.php?rest_route=%2Fwp%2Fv2%2Fproduct_brand&post=1002"},{"taxonomy":"product_cat","embeddable":true,"href":"https:\/\/dxkop.sdxf.se\/index.php?rest_route=%2Fwp%2Fv2%2Fproduct_cat&post=1002"},{"taxonomy":"product_tag","embeddable":true,"href":"https:\/\/dxkop.sdxf.se\/index.php?rest_route=%2Fwp%2Fv2%2Fproduct_tag&post=1002"}],"curies":[{"name":"wp","href":"https:\/\/api.w.org\/{rel}","templated":true}]}}