{"id":10123,"date":"2025-07-20T07:10:54","date_gmt":"2025-07-20T05:10:54","guid":{"rendered":"https:\/\/dxkop.sdxf.se\/?post_type=product&#038;p=10123"},"modified":"2026-01-28T13:42:59","modified_gmt":"2026-01-28T12:42:59","slug":"the-radio-luxembourg-story","status":"publish","type":"product","link":"https:\/\/dxkop.sdxf.se\/?product=the-radio-luxembourg-story","title":{"rendered":"The Radio Luxembourg Story"},"content":{"rendered":"<p>Res p\u00e5 en episk resa genom historien om Radio Luxembourg &#8211; &#8221;The Great 208&#8221;.\u00a0Nathan Morley sp\u00e5rar ursprunget till Luxemburg, hyllar den tidiga pionj\u00e4randan och avsl\u00f6jar sedan l\u00e4nge bortgl\u00f6mda karakt\u00e4rer och program.\u00a0Med exklusiva bidrag fr\u00e5n stj\u00e4rnor fr\u00e5n musikens och s\u00e4ndningens guld\u00e5lder, inklusive Vera Lynn, Pete Murray, Teddy Johnson, Gerry Marsden, Desmond Carrington, David Jacobs, David Gell, Ray Orchard, Alan Freeman, David Attenbrough, Don Wardell, Shaw Taylor , Arthur Brown, David Hamilton och m\u00e5nga andra.\u00a0Boken tittar p\u00e5 de brutala krigs\u00e5ren och omvandlingen av kanalen till en nazistisk propagandastation, d\u00e5 som en amerikansk psykologisk krigsf\u00f6ringskanal.\u00a0Den ger en inblick i viktiga h\u00e4ndelser, personligheter, program, interna problem och dess storslagna framg\u00e5ngar.\u00a0Det kalla krigets \u00e5r \u00e5terkallas av s\u00e5ngerskan Connie Francis, som blev en popul\u00e4r underh\u00e5llare p\u00e5 kanalen, som f\u00f6rbj\u00f6ds i \u00f6stra blocket och Sovjetunionen, men lockade \u00f6ver 35 miljoner lyssnare.\u00a0I en av sina sista intervjuer f\u00f6re sin d\u00f6d och efterf\u00f6ljande exponering som en av Storbritanniens mest produktiva sexf\u00f6rbrytare, pratade Jimmy Savile med f\u00f6rfattaren om hans Radio Luxembourg-karri\u00e4r, stationen som hade gjort honom till en legend;\u00a0n\u00e4r han blev ber\u00f6mmelse som en leverant\u00f6r av pop, sprutade ut meningsl\u00f6sa slagord och insinuationer.\u00a0Inf\u00f6r en fientlig BBC och poppiraterna lyckades Radio Luxembourg \u00f6verleva 60- och 70-talen.\u00a0Personliga minnen delas av Noel Edmonds, Paul Burnett, Kid Jenson, Roger Day, Benny Brown, David Symonds, Colin Nichol, Timmy Mallett, Tony Blewitt, Alton Andrews och kejsar Rosko, som alla ger sin syn p\u00e5 eran, f\u00f6rutom att bidrag fr\u00e5n popstj\u00e4rnor, inklusive David Soul och Dave Berry, och tidigare Controllers Alan Keen och Ken Evans.<\/p>\n<ul class=\"a-unordered-list a-nostyle a-vertical a-spacing-none detail-bullet-list\">\n<li><span class=\"a-list-item\"><span class=\"a-text-bold\">Utgivare \u200f : \u200e\u00a0<\/span>Independently published<\/span><\/li>\n<li><span class=\"a-list-item\"><span class=\"a-text-bold\">Publiceringsdatum \u200f : \u200e 12 april<\/span>\u00a02023<\/span><\/li>\n<li><span class=\"a-list-item\"><span class=\"a-text-bold\">Spr\u00e5k \u200f : \u200e\u00a0<\/span>Engelska<\/span><\/li>\n<li><span class=\"a-list-item\"><span class=\"a-text-bold\">L\u00e4ngd (tryckt bok) \u200f : \u200e\u00a0<\/span>247 sidor<\/span><\/li>\n<li>Pocketbok<\/li>\n<li><span class=\"a-list-item\"><span class=\"a-text-bold\">Artikelns vikt \u200f : \u200e\u00a0<\/span>386 gram<\/span><\/li>\n<li><span class=\"a-list-item\"><span class=\"a-text-bold\">M\u00e5tt \u200f : \u200e 13.97 x 1.91 x 21.59 cm<\/span><\/span><\/li>\n<\/ul>\n","protected":false},"excerpt":{"rendered":"<p>Res p\u00e5 en episk resa genom historien om Radio Luxembourg &#8211; &#8221;The Great 208&#8221;.\u00a0Nathan Morley sp\u00e5rar ursprunget till Luxemburg, hyllar den tidiga pionj\u00e4randan och avsl\u00f6jar sedan l\u00e4nge bortgl\u00f6mda karakt\u00e4rer och program.\u00a0Med exklusiva bidrag fr\u00e5n stj\u00e4rnor fr\u00e5n musikens och s\u00e4ndningens guld\u00e5lder, &hellip; <a class=\"more-link\" href=\"https:\/\/dxkop.sdxf.se\/?product=the-radio-luxembourg-story\">L\u00e4s mer <span class=\"meta-nav\">&rarr;<\/span><\/a><\/p>\n","protected":false},"featured_media":10124,"template":"","meta":[],"product_brand":[],"product_cat":[13,17],"product_tag":[],"class_list":{"0":"post-10123","1":"product","2":"type-product","3":"status-publish","4":"has-post-thumbnail","6":"product_cat-bocker","7":"product_cat-historik","9":"first","10":"instock","11":"shipping-taxable","12":"purchasable","13":"product-type-simple"},"jetpack_sharing_enabled":true,"_links":{"self":[{"href":"https:\/\/dxkop.sdxf.se\/index.php?rest_route=\/wp\/v2\/product\/10123","targetHints":{"allow":["GET"]}}],"collection":[{"href":"https:\/\/dxkop.sdxf.se\/index.php?rest_route=\/wp\/v2\/product"}],"about":[{"href":"https:\/\/dxkop.sdxf.se\/index.php?rest_route=\/wp\/v2\/types\/product"}],"wp:featuredmedia":[{"embeddable":true,"href":"https:\/\/dxkop.sdxf.se\/index.php?rest_route=\/wp\/v2\/media\/10124"}],"wp:attachment":[{"href":"https:\/\/dxkop.sdxf.se\/index.php?rest_route=%2Fwp%2Fv2%2Fmedia&parent=10123"}],"wp:term":[{"taxonomy":"product_brand","embeddable":true,"href":"https:\/\/dxkop.sdxf.se\/index.php?rest_route=%2Fwp%2Fv2%2Fproduct_brand&post=10123"},{"taxonomy":"product_cat","embeddable":true,"href":"https:\/\/dxkop.sdxf.se\/index.php?rest_route=%2Fwp%2Fv2%2Fproduct_cat&post=10123"},{"taxonomy":"product_tag","embeddable":true,"href":"https:\/\/dxkop.sdxf.se\/index.php?rest_route=%2Fwp%2Fv2%2Fproduct_tag&post=10123"}],"curies":[{"name":"wp","href":"https:\/\/api.w.org\/{rel}","templated":true}]}}