{"id":10125,"date":"2024-03-05T19:38:40","date_gmt":"2024-03-05T18:38:40","guid":{"rendered":"https:\/\/dxkop.sdxf.se\/?post_type=product&#038;p=10125"},"modified":"2024-06-10T20:47:44","modified_gmt":"2024-06-10T18:47:44","slug":"tales-of-a-vagabond-dxer","status":"publish","type":"product","link":"https:\/\/dxkop.sdxf.se\/?product=tales-of-a-vagabond-dxer","title":{"rendered":"Tales of a Vagabond DXer"},"content":{"rendered":"<p>F\u00f6r \u00f6ver fem decennier sedan uppt\u00e4ckte Don Moore &#8221;SW&#8221;-knappen p\u00e5 en familjeradio och hans liv f\u00f6r\u00e4ndrades f\u00f6r alltid.\u00a0Kortv\u00e5gsradio \u00f6ppnade ett f\u00f6nster mot v\u00e4rlden n\u00e4r han st\u00e4llde in radiostationer fr\u00e5n dussintals l\u00e4nder.\u00a0Men fr\u00e5n b\u00f6rjan var hans favorit DX-m\u00e5l de sm\u00e5 stationerna i Latinamerika.\u00a0Hans fascination f\u00f6r regionen inspirerade honom att tj\u00e4nstg\u00f6ra med fredsk\u00e5ren i Honduras, d\u00e4r han l\u00e4rde sig att leva och resa p\u00e5 platser utanf\u00f6r allfartsv\u00e4garna.\u00a0Medan han var i Honduras ut\u00f6kade han sin radiohobby till att \u00e4ven bes\u00f6ka s\u00e4ndningsstationer, inte bara lyssna p\u00e5 dem.\u00a0Under \u00e5ren sedan dess har han rest mycket i Latinamerika, bes\u00f6kt \u00f6ver 150 latinamerikanska radiostationer och blivit en av DX-hobbyns ledande experter i regionen.<\/p>\n<p>I denna volym blandar Don samman ber\u00e4ttelser om sina resor, bes\u00f6k p\u00e5 radiostationer och upplevelser som DXer.\u00a0Boken b\u00f6rjar med historien om den f\u00f6rsta kortv\u00e5gsstationen n\u00e5gonsin i Latinamerika och hur Don jagade den ursprungliga platsen n\u00e4stan 50 \u00e5r efter att den st\u00e4ngdes.\u00a0Andra resor inkluderar bes\u00f6k p\u00e5 hemmagjorda radiostationer i de peruanska Anderna, en CIA-sponsrad politisk s\u00e4ndare och en liten katolsk radiostation i en guatemalansk stad som bel\u00e4gras av sin egen arm\u00e9.\u00a0Historiska artiklar \u00e5terger ber\u00e4ttelserna om hemliga gerillas\u00e4ndare p\u00e5 1950-talet och om ett f\u00f6ga k\u00e4nt &#8221;War of the Worlds&#8221;-program i Ecuador som fick mycket v\u00e4rre konsekvenser \u00e4n den mer k\u00e4nda incidenten i USA 1938. Nu<\/p>\n<p>pensionerad, spenderar Don flera m\u00e5nader om \u00e5ret p\u00e5 resande fot, mestadels p\u00e5 mindre resande platser.\u00a0Han forts\u00e4tter att njuta av DXing och tittar fortfarande in p\u00e5 radiostationer d\u00e5 och d\u00e5.\u00a0Han skickar regelbundet in inslag till\u00a0<span class=\"a-text-italic\">SWL-bloggen\u00a0<\/span>och \u00e4r en bidragsgivare till\u00a0<span class=\"a-text-italic\">World Radio TV Handbook\u00a0<\/span>.<\/p>\n<p>Se Christer Brunstr\u00f6ms recension i EA\/QTC.<\/p>\n","protected":false},"excerpt":{"rendered":"<p>F\u00f6r \u00f6ver fem decennier sedan uppt\u00e4ckte Don Moore &#8221;SW&#8221;-knappen p\u00e5 en familjeradio och hans liv f\u00f6r\u00e4ndrades f\u00f6r alltid.\u00a0Kortv\u00e5gsradio \u00f6ppnade ett f\u00f6nster mot v\u00e4rlden n\u00e4r han st\u00e4llde in radiostationer fr\u00e5n dussintals l\u00e4nder.\u00a0Men fr\u00e5n b\u00f6rjan var hans favorit DX-m\u00e5l de sm\u00e5 stationerna &hellip; <a class=\"more-link\" href=\"https:\/\/dxkop.sdxf.se\/?product=tales-of-a-vagabond-dxer\">L\u00e4s mer <span class=\"meta-nav\">&rarr;<\/span><\/a><\/p>\n","protected":false},"featured_media":10126,"template":"","meta":[],"product_brand":[],"product_cat":[13,17],"product_tag":[],"class_list":{"0":"post-10125","1":"product","2":"type-product","3":"status-publish","4":"has-post-thumbnail","6":"product_cat-bocker","7":"product_cat-historik","9":"first","10":"instock","11":"shipping-taxable","12":"purchasable","13":"product-type-simple"},"jetpack_sharing_enabled":true,"_links":{"self":[{"href":"https:\/\/dxkop.sdxf.se\/index.php?rest_route=\/wp\/v2\/product\/10125","targetHints":{"allow":["GET"]}}],"collection":[{"href":"https:\/\/dxkop.sdxf.se\/index.php?rest_route=\/wp\/v2\/product"}],"about":[{"href":"https:\/\/dxkop.sdxf.se\/index.php?rest_route=\/wp\/v2\/types\/product"}],"wp:featuredmedia":[{"embeddable":true,"href":"https:\/\/dxkop.sdxf.se\/index.php?rest_route=\/wp\/v2\/media\/10126"}],"wp:attachment":[{"href":"https:\/\/dxkop.sdxf.se\/index.php?rest_route=%2Fwp%2Fv2%2Fmedia&parent=10125"}],"wp:term":[{"taxonomy":"product_brand","embeddable":true,"href":"https:\/\/dxkop.sdxf.se\/index.php?rest_route=%2Fwp%2Fv2%2Fproduct_brand&post=10125"},{"taxonomy":"product_cat","embeddable":true,"href":"https:\/\/dxkop.sdxf.se\/index.php?rest_route=%2Fwp%2Fv2%2Fproduct_cat&post=10125"},{"taxonomy":"product_tag","embeddable":true,"href":"https:\/\/dxkop.sdxf.se\/index.php?rest_route=%2Fwp%2Fv2%2Fproduct_tag&post=10125"}],"curies":[{"name":"wp","href":"https:\/\/api.w.org\/{rel}","templated":true}]}}