{"id":10213,"date":"2024-11-03T13:32:27","date_gmt":"2024-11-03T12:32:27","guid":{"rendered":"https:\/\/dxkop.sdxf.se\/?post_type=product&#038;p=10213"},"modified":"2025-03-04T18:50:09","modified_gmt":"2025-03-04T17:50:09","slug":"wrth-2025","status":"publish","type":"product","link":"https:\/\/dxkop.sdxf.se\/?product=wrth-2025","title":{"rendered":"WRTH 2025"},"content":{"rendered":"<p>WRTH 2025 \u00e4r v\u00e4rldens mest omfattande och uppdaterade f\u00f6r radio- och TV-s\u00e4ndningar. Detta \u00e4r den 79:e upplagan av World Radio TV Handbook.<\/p>\n<p>WRTH forts\u00e4tter sin tradition att vara den definitiva guiden f\u00f6r s\u00e4ndningar \u00f6ver hela v\u00e4rlden. Denna utg\u00e5va \u00f6ppnar d\u00f6rren till omfattande insikter i radios\u00e4ndningar och s\u00e4ndare \u00f6ver LW, MW (AM), SW, FM-frekvenser, digitalradio (HD och DAB) och \u00e4ven nationella TV-kanaler.<\/p>\n<p>Under ledning av Radio Data Center GmbH, med s\u00e4te i Freising, Tyskland, f\u00f6rblir handboken en o\u00f6vertr\u00e4ffad k\u00e4lla till information och insikt i den st\u00e4ndigt f\u00f6r\u00e4nderliga radiov\u00e4rlden.<\/p>\n<p>Boken \u00e4r p\u00e5 \u00f6ver 800 sidor med berikade data, skr\u00e4ddarsydda f\u00f6r den h\u00e4ngivna radioentusiasten. En symfoni av frekvenser v\u00e4ntar. Man f\u00e5r bevittna utvecklingen av radio kika in i framtiden f\u00f6r kortv\u00e5gss\u00e4ndningar av de stora akt\u00f6rer.<\/p>\n<p>&nbsp;<\/p>\n","protected":false},"excerpt":{"rendered":"<p>WRTH 2025 \u00e4r v\u00e4rldens mest omfattande och uppdaterade f\u00f6r radio- och TV-s\u00e4ndningar. Detta \u00e4r den 79:e upplagan av World Radio TV Handbook. WRTH forts\u00e4tter sin tradition att vara den definitiva guiden f\u00f6r s\u00e4ndningar \u00f6ver hela v\u00e4rlden. Denna utg\u00e5va \u00f6ppnar d\u00f6rren &hellip; <a class=\"more-link\" href=\"https:\/\/dxkop.sdxf.se\/?product=wrth-2025\">L\u00e4s mer <span class=\"meta-nav\">&rarr;<\/span><\/a><\/p>\n","protected":false},"featured_media":10214,"template":"","meta":[],"product_brand":[],"product_cat":[13,16],"product_tag":[],"class_list":{"0":"post-10213","1":"product","2":"type-product","3":"status-publish","4":"has-post-thumbnail","6":"product_cat-bocker","7":"product_cat-frekvenstabeller","9":"first","10":"outofstock","11":"shipping-taxable","12":"purchasable","13":"product-type-simple"},"jetpack_sharing_enabled":true,"_links":{"self":[{"href":"https:\/\/dxkop.sdxf.se\/index.php?rest_route=\/wp\/v2\/product\/10213","targetHints":{"allow":["GET"]}}],"collection":[{"href":"https:\/\/dxkop.sdxf.se\/index.php?rest_route=\/wp\/v2\/product"}],"about":[{"href":"https:\/\/dxkop.sdxf.se\/index.php?rest_route=\/wp\/v2\/types\/product"}],"wp:featuredmedia":[{"embeddable":true,"href":"https:\/\/dxkop.sdxf.se\/index.php?rest_route=\/wp\/v2\/media\/10214"}],"wp:attachment":[{"href":"https:\/\/dxkop.sdxf.se\/index.php?rest_route=%2Fwp%2Fv2%2Fmedia&parent=10213"}],"wp:term":[{"taxonomy":"product_brand","embeddable":true,"href":"https:\/\/dxkop.sdxf.se\/index.php?rest_route=%2Fwp%2Fv2%2Fproduct_brand&post=10213"},{"taxonomy":"product_cat","embeddable":true,"href":"https:\/\/dxkop.sdxf.se\/index.php?rest_route=%2Fwp%2Fv2%2Fproduct_cat&post=10213"},{"taxonomy":"product_tag","embeddable":true,"href":"https:\/\/dxkop.sdxf.se\/index.php?rest_route=%2Fwp%2Fv2%2Fproduct_tag&post=10213"}],"curies":[{"name":"wp","href":"https:\/\/api.w.org\/{rel}","templated":true}]}}