{"id":10253,"date":"2025-12-10T11:46:45","date_gmt":"2025-12-10T10:46:45","guid":{"rendered":"https:\/\/dxkop.sdxf.se\/?post_type=product&#038;p=10253"},"modified":"2026-01-12T09:28:15","modified_gmt":"2026-01-12T08:28:15","slug":"2025-2026-guide-to-utility-radio-stations","status":"publish","type":"product","link":"https:\/\/dxkop.sdxf.se\/?product=2025-2026-guide-to-utility-radio-stations","title":{"rendered":"2025\/2026 Guide to Utility Radio Stations"},"content":{"rendered":"<p>Detta \u00e4r Klingenfuss f\u00f6rlags stors\u00e4ljare. Som framg\u00e5r av titeln utkommer boken vartannat \u00e5r.<\/p>\n<p>V\u00e4rldens st\u00f6rsta och b\u00e4sta handledning om icke- rundradiostationer inom hela kortv\u00e5gsomr\u00e5det 3\u2013 30 MHz samt frekvensomr\u00e5dena 0 \u2013 150 kHz<\/p>\n<p>och 1,6 \u2013 3 MHz. Stationer f\u00f6r luftfart, sj\u00f6fart, milit\u00e4r trafik, diplomatisk trafik, tidsignalstationer, med mera. 544 sidor<\/p>\n<p>Mer information: <a href=\"http:\/\/www.klingenfuss.org\/k_util1.gif\">https:\/\/www.klingenfuss.org\/homepage.htmhttp:\/\/www.klingenfuss.org\/utility.htm<\/a><\/p>\n<p>Kommer i slutet av december<\/p>\n<p>&nbsp;<\/p>\n","protected":false},"excerpt":{"rendered":"<p>Detta \u00e4r Klingenfuss f\u00f6rlags stors\u00e4ljare. Som framg\u00e5r av titeln utkommer boken vartannat \u00e5r. V\u00e4rldens st\u00f6rsta och b\u00e4sta handledning om icke- rundradiostationer inom hela kortv\u00e5gsomr\u00e5det 3\u2013 30 MHz samt frekvensomr\u00e5dena 0 \u2013 150 kHz och 1,6 \u2013 3 MHz. Stationer f\u00f6r &hellip; <a class=\"more-link\" href=\"https:\/\/dxkop.sdxf.se\/?product=2025-2026-guide-to-utility-radio-stations\">L\u00e4s mer <span class=\"meta-nav\">&rarr;<\/span><\/a><\/p>\n","protected":false},"featured_media":10254,"template":"","meta":[],"product_brand":[],"product_cat":[13,21],"product_tag":[],"class_list":{"0":"post-10253","1":"product","2":"type-product","3":"status-publish","4":"has-post-thumbnail","6":"product_cat-bocker","7":"product_cat-utility","9":"first","10":"instock","11":"shipping-taxable","12":"purchasable","13":"product-type-simple"},"jetpack_sharing_enabled":true,"_links":{"self":[{"href":"https:\/\/dxkop.sdxf.se\/index.php?rest_route=\/wp\/v2\/product\/10253","targetHints":{"allow":["GET"]}}],"collection":[{"href":"https:\/\/dxkop.sdxf.se\/index.php?rest_route=\/wp\/v2\/product"}],"about":[{"href":"https:\/\/dxkop.sdxf.se\/index.php?rest_route=\/wp\/v2\/types\/product"}],"wp:featuredmedia":[{"embeddable":true,"href":"https:\/\/dxkop.sdxf.se\/index.php?rest_route=\/wp\/v2\/media\/10254"}],"wp:attachment":[{"href":"https:\/\/dxkop.sdxf.se\/index.php?rest_route=%2Fwp%2Fv2%2Fmedia&parent=10253"}],"wp:term":[{"taxonomy":"product_brand","embeddable":true,"href":"https:\/\/dxkop.sdxf.se\/index.php?rest_route=%2Fwp%2Fv2%2Fproduct_brand&post=10253"},{"taxonomy":"product_cat","embeddable":true,"href":"https:\/\/dxkop.sdxf.se\/index.php?rest_route=%2Fwp%2Fv2%2Fproduct_cat&post=10253"},{"taxonomy":"product_tag","embeddable":true,"href":"https:\/\/dxkop.sdxf.se\/index.php?rest_route=%2Fwp%2Fv2%2Fproduct_tag&post=10253"}],"curies":[{"name":"wp","href":"https:\/\/api.w.org\/{rel}","templated":true}]}}