{"id":10255,"date":"2025-12-10T12:54:24","date_gmt":"2025-12-10T11:54:24","guid":{"rendered":"https:\/\/dxkop.sdxf.se\/?post_type=product&#038;p=10255"},"modified":"2026-03-31T08:15:19","modified_gmt":"2026-03-31T06:15:19","slug":"2025-shortwave-frequency-guide","status":"publish","type":"product","link":"https:\/\/dxkop.sdxf.se\/?product=2025-shortwave-frequency-guide","title":{"rendered":"2026 Shortwave Frequency Guide"},"content":{"rendered":"<p>Den mest uppdaterade kortv\u00e5gsradio handboken f\u00f6r utility i v\u00e4rlden n\u00e4r nu inne p\u00e5 sitt 29:e utg\u00e5va.\u00a0 Boken \u00e4r p\u00e5 324 sidor.<\/p>\n<p>2026-\u00e5rs Shortwave Frequency guide t\u00e4cker de senaste scheman \u00f6ver alla clandestine, inrikes och internationella stationer \u00f6ver hela v\u00e4rlden.<\/p>\n<p><span id=\"result_box\" lang=\"sv\">2026 Shortwave Frequency Guide har en gigantisk s\u00e4ndningsfrekvenslista med 3,344 poster, och en utm\u00e4rkt alfabetisk lista \u00f6ver stationer ocks\u00e5. Ytterligare 8 704 poster.\u00a0 Ny typsnitt ger utm\u00e4rkt l\u00e4sbarhet.\u00a0 Detta \u00e4r den enda tryckta radiofrekvenslistan \u00f6ver hela v\u00e4rlden som ocks\u00e5 ger fullst\u00e4ndig schemainformation!<\/span><\/p>\n<p>Mer om boken finns att l\u00e4sa p\u00e5: http:\/\/www.klingenfuss.org\/swfguide.htm<\/p>\n<p>&nbsp;<\/p>\n","protected":false},"excerpt":{"rendered":"<p>Den mest uppdaterade kortv\u00e5gsradio handboken f\u00f6r utility i v\u00e4rlden n\u00e4r nu inne p\u00e5 sitt 29:e utg\u00e5va.\u00a0 Boken \u00e4r p\u00e5 324 sidor. 2026-\u00e5rs Shortwave Frequency guide t\u00e4cker de senaste scheman \u00f6ver alla clandestine, inrikes och internationella stationer \u00f6ver hela v\u00e4rlden. 2026 &hellip; <a class=\"more-link\" href=\"https:\/\/dxkop.sdxf.se\/?product=2025-shortwave-frequency-guide\">L\u00e4s mer <span class=\"meta-nav\">&rarr;<\/span><\/a><\/p>\n","protected":false},"featured_media":10419,"template":"","meta":[],"product_brand":[],"product_cat":[13,21],"product_tag":[],"class_list":{"0":"post-10255","1":"product","2":"type-product","3":"status-publish","4":"has-post-thumbnail","6":"product_cat-bocker","7":"product_cat-utility","9":"first","10":"outofstock","11":"shipping-taxable","12":"purchasable","13":"product-type-simple"},"jetpack_sharing_enabled":true,"_links":{"self":[{"href":"https:\/\/dxkop.sdxf.se\/index.php?rest_route=\/wp\/v2\/product\/10255","targetHints":{"allow":["GET"]}}],"collection":[{"href":"https:\/\/dxkop.sdxf.se\/index.php?rest_route=\/wp\/v2\/product"}],"about":[{"href":"https:\/\/dxkop.sdxf.se\/index.php?rest_route=\/wp\/v2\/types\/product"}],"wp:featuredmedia":[{"embeddable":true,"href":"https:\/\/dxkop.sdxf.se\/index.php?rest_route=\/wp\/v2\/media\/10419"}],"wp:attachment":[{"href":"https:\/\/dxkop.sdxf.se\/index.php?rest_route=%2Fwp%2Fv2%2Fmedia&parent=10255"}],"wp:term":[{"taxonomy":"product_brand","embeddable":true,"href":"https:\/\/dxkop.sdxf.se\/index.php?rest_route=%2Fwp%2Fv2%2Fproduct_brand&post=10255"},{"taxonomy":"product_cat","embeddable":true,"href":"https:\/\/dxkop.sdxf.se\/index.php?rest_route=%2Fwp%2Fv2%2Fproduct_cat&post=10255"},{"taxonomy":"product_tag","embeddable":true,"href":"https:\/\/dxkop.sdxf.se\/index.php?rest_route=%2Fwp%2Fv2%2Fproduct_tag&post=10255"}],"curies":[{"name":"wp","href":"https:\/\/api.w.org\/{rel}","templated":true}]}}