{"id":10257,"date":"2025-12-10T12:59:47","date_gmt":"2025-12-10T11:59:47","guid":{"rendered":"https:\/\/dxkop.sdxf.se\/?post_type=product&#038;p=10257"},"modified":"2026-04-12T10:05:17","modified_gmt":"2026-04-12T08:05:17","slug":"2025-super-frequency-list-on-cd","status":"publish","type":"product","link":"https:\/\/dxkop.sdxf.se\/?product=2025-super-frequency-list-on-cd","title":{"rendered":"2026 Super Frequency List on CD"},"content":{"rendered":"<p>2026-\u00e5rs Shortwave Frequency on CD \u00a0t\u00e4cker de senaste scheman \u00f6ver alla clandestine, inrikes och internationella stationer \u00f6ver hela v\u00e4rlden. 3344 kortv\u00e5gsfrekvenser, frekvenser f\u00f6r utility radio stationer med mera.<\/p>\n<p>Den enda cd-skivan som inneh\u00e5ller alla kortv\u00e5gss\u00e4ndningsstationer v\u00e4rlden \u00f6ver<br \/>\nPLUS alla professionella radiostationer fr\u00e5n 0 till 30 MHz &#8211;<br \/>\nPLUS hundratals digitala data dekoder sk\u00e4rmdumpar !<\/p>\n<p>Den ber\u00f6mda\u00a0guiden till nyttoradiostationer finns i sin helt nya 33:e upplaga. mAN erbjuder nu mer \u00e4n 29 000 (tjugonio tusen!)<\/p>\n","protected":false},"excerpt":{"rendered":"<p>2026-\u00e5rs Shortwave Frequency on CD \u00a0t\u00e4cker de senaste scheman \u00f6ver alla clandestine, inrikes och internationella stationer \u00f6ver hela v\u00e4rlden. 3344 kortv\u00e5gsfrekvenser, frekvenser f\u00f6r utility radio stationer med mera. Den enda cd-skivan som inneh\u00e5ller alla kortv\u00e5gss\u00e4ndningsstationer v\u00e4rlden \u00f6ver PLUS alla professionella &hellip; <a class=\"more-link\" href=\"https:\/\/dxkop.sdxf.se\/?product=2025-super-frequency-list-on-cd\">L\u00e4s mer <span class=\"meta-nav\">&rarr;<\/span><\/a><\/p>\n","protected":false},"featured_media":10413,"template":"","meta":[],"product_brand":[],"product_cat":[26,21],"product_tag":[],"class_list":{"0":"post-10257","1":"product","2":"type-product","3":"status-publish","4":"has-post-thumbnail","6":"product_cat-skivor","7":"product_cat-utility","9":"first","10":"outofstock","11":"shipping-taxable","12":"purchasable","13":"product-type-simple"},"jetpack_sharing_enabled":true,"_links":{"self":[{"href":"https:\/\/dxkop.sdxf.se\/index.php?rest_route=\/wp\/v2\/product\/10257","targetHints":{"allow":["GET"]}}],"collection":[{"href":"https:\/\/dxkop.sdxf.se\/index.php?rest_route=\/wp\/v2\/product"}],"about":[{"href":"https:\/\/dxkop.sdxf.se\/index.php?rest_route=\/wp\/v2\/types\/product"}],"wp:featuredmedia":[{"embeddable":true,"href":"https:\/\/dxkop.sdxf.se\/index.php?rest_route=\/wp\/v2\/media\/10413"}],"wp:attachment":[{"href":"https:\/\/dxkop.sdxf.se\/index.php?rest_route=%2Fwp%2Fv2%2Fmedia&parent=10257"}],"wp:term":[{"taxonomy":"product_brand","embeddable":true,"href":"https:\/\/dxkop.sdxf.se\/index.php?rest_route=%2Fwp%2Fv2%2Fproduct_brand&post=10257"},{"taxonomy":"product_cat","embeddable":true,"href":"https:\/\/dxkop.sdxf.se\/index.php?rest_route=%2Fwp%2Fv2%2Fproduct_cat&post=10257"},{"taxonomy":"product_tag","embeddable":true,"href":"https:\/\/dxkop.sdxf.se\/index.php?rest_route=%2Fwp%2Fv2%2Fproduct_tag&post=10257"}],"curies":[{"name":"wp","href":"https:\/\/api.w.org\/{rel}","templated":true}]}}