{"id":10350,"date":"2026-01-28T08:03:23","date_gmt":"2026-01-28T07:03:23","guid":{"rendered":"https:\/\/dxkop.sdxf.se\/?post_type=product&#038;p=10350"},"modified":"2026-01-28T13:34:36","modified_gmt":"2026-01-28T12:34:36","slug":"sdr-2-0-software-defined-radio","status":"publish","type":"product","link":"https:\/\/dxkop.sdxf.se\/?product=sdr-2-0-software-defined-radio","title":{"rendered":"SDR 2.0: Software Defined Radio"},"content":{"rendered":"<p>Saker och ting har f\u00f6r\u00e4ndrats sedan jag skrev den f\u00f6rsta utg\u00e5van av &#8217;SDR&#8217; \u00e5r 2016. Denna uppdaterade utg\u00e5va l\u00e4gger st\u00f6rre vikt vid de senaste SDR- och hybridradioapparaterna och introducerar n\u00e5gra nya id\u00e9er, s\u00e5som designen av QDX-s\u00e4ndtagaren fr\u00e5n QRP Labs. All grundl\u00e4ggande teori \u00e4r densamma. Vissa radioapparater har f\u00f6rsvunnit och n\u00e5gra nya har anslutit sig till listan.<\/p>\n<p>Alla pratar om programvarudefinierade radioapparater. Men \u00e4r en SDR r\u00e4tt f\u00f6r dig? Den h\u00e4r boken f\u00f6rklarar grunderna utan att bli f\u00f6r teknisk. Den hj\u00e4lper dig att f\u00e5 ut det mesta av din nya programvarudefinierade radio eller best\u00e4mma om du vill k\u00f6pa en. Anv\u00e4ndningen av programvarudefinierad radio av amat\u00f6rradiooperat\u00f6rer och kortv\u00e5gslyssnare v\u00e4xer snabbt i popularitet i takt med att m\u00e4nniskor blir medvetna om deras fantastiska funktioner och prestanda.<\/p>\n<h2>Produktinformation<\/h2>\n<div id=\"detailBullets_feature_div\">\n<ul>\n<li>Pocketbok<\/li>\n<\/ul>\n<ul class=\"a-unordered-list a-nostyle a-vertical a-spacing-none detail-bullet-list\">\n<li><span class=\"a-list-item\"><span class=\"a-text-bold\">Utgivare \u200f : \u200e\u00a0<\/span>Independently published<\/span><\/li>\n<li><span class=\"a-list-item\"><span class=\"a-text-bold\">Publiceringsdatum \u200f : \u200e\u00a0<\/span>12 September 2024<\/span><\/li>\n<li><span class=\"a-list-item\"><span class=\"a-text-bold\">Spr\u00e5k \u200f : \u200e\u00a0<\/span>Engelska<\/span><\/li>\n<li><span class=\"a-list-item\"><span class=\"a-text-bold\">L\u00e4ngd (tryckt bok) \u200f : \u200e\u00a0<\/span>304 sidor<\/span><\/li>\n<li><span class=\"a-list-item\"><span class=\"a-text-bold\">Artikelns vikt \u200f : \u200e\u00a0<\/span>617 gram<\/span><\/li>\n<li><span class=\"a-list-item\"><span class=\"a-text-bold\">M\u00e5tt \u200f : \u200e\u00a0<\/span>16.99 x 1.75 x 24.41 cm<\/span><\/li>\n<\/ul>\n<\/div>\n","protected":false},"excerpt":{"rendered":"<p>Saker och ting har f\u00f6r\u00e4ndrats sedan jag skrev den f\u00f6rsta utg\u00e5van av &#8217;SDR&#8217; \u00e5r 2016. Denna uppdaterade utg\u00e5va l\u00e4gger st\u00f6rre vikt vid de senaste SDR- och hybridradioapparaterna och introducerar n\u00e5gra nya id\u00e9er, s\u00e5som designen av QDX-s\u00e4ndtagaren fr\u00e5n QRP Labs. All &hellip; <a class=\"more-link\" href=\"https:\/\/dxkop.sdxf.se\/?product=sdr-2-0-software-defined-radio\">L\u00e4s mer <span class=\"meta-nav\">&rarr;<\/span><\/a><\/p>\n","protected":false},"featured_media":10351,"template":"","meta":[],"product_brand":[],"product_cat":[13,19],"product_tag":[],"class_list":{"0":"post-10350","1":"product","2":"type-product","3":"status-publish","4":"has-post-thumbnail","6":"product_cat-bocker","7":"product_cat-radioteknik-mottagare","9":"first","10":"instock","11":"shipping-taxable","12":"purchasable","13":"product-type-simple"},"jetpack_sharing_enabled":true,"_links":{"self":[{"href":"https:\/\/dxkop.sdxf.se\/index.php?rest_route=\/wp\/v2\/product\/10350","targetHints":{"allow":["GET"]}}],"collection":[{"href":"https:\/\/dxkop.sdxf.se\/index.php?rest_route=\/wp\/v2\/product"}],"about":[{"href":"https:\/\/dxkop.sdxf.se\/index.php?rest_route=\/wp\/v2\/types\/product"}],"wp:featuredmedia":[{"embeddable":true,"href":"https:\/\/dxkop.sdxf.se\/index.php?rest_route=\/wp\/v2\/media\/10351"}],"wp:attachment":[{"href":"https:\/\/dxkop.sdxf.se\/index.php?rest_route=%2Fwp%2Fv2%2Fmedia&parent=10350"}],"wp:term":[{"taxonomy":"product_brand","embeddable":true,"href":"https:\/\/dxkop.sdxf.se\/index.php?rest_route=%2Fwp%2Fv2%2Fproduct_brand&post=10350"},{"taxonomy":"product_cat","embeddable":true,"href":"https:\/\/dxkop.sdxf.se\/index.php?rest_route=%2Fwp%2Fv2%2Fproduct_cat&post=10350"},{"taxonomy":"product_tag","embeddable":true,"href":"https:\/\/dxkop.sdxf.se\/index.php?rest_route=%2Fwp%2Fv2%2Fproduct_tag&post=10350"}],"curies":[{"name":"wp","href":"https:\/\/api.w.org\/{rel}","templated":true}]}}