{"id":10353,"date":"2025-07-20T08:07:46","date_gmt":"2025-07-20T06:07:46","guid":{"rendered":"https:\/\/dxkop.sdxf.se\/?post_type=product&#038;p=10353"},"modified":"2025-07-20T08:13:55","modified_gmt":"2025-07-20T06:13:55","slug":"all-europe-radio-laser-558","status":"publish","type":"product","link":"https:\/\/dxkop.sdxf.se\/?product=all-europe-radio-laser-558","title":{"rendered":"All Europe Radio &#8211; LASER 558"},"content":{"rendered":"<p>Ber\u00e4ttelsen om Europas mest framg\u00e5ngsrika radioskepp p\u00e5 1980-talet, Laser 558, ber\u00e4ttad av den ber\u00f6mde holl\u00e4ndska radiohistorikern Hans Knot, som adlades av drottning Beatrix av Nederl\u00e4nderna f\u00f6r sitt arbete.<\/p>\n<p>Laser drevs p\u00e5st\u00e5s fr\u00e5n New York, \u00e4ven om det finansierades av en irl\u00e4ndsk entrepren\u00f6r som f\u00f6redrog att h\u00e5lla en l\u00e5g profil. Lasers lednings oskicklighet hindrade det fr\u00e5n att bli en succ\u00e9 och v\u00e5rdsl\u00f6sa kostnadsbesparingar ledde s\u00e5 sm\u00e5ningom till stationens kollaps n\u00e4r en myterikapten och hans bes\u00e4ttning tog fartyget i hamn.<\/p>\n<p>Denna bok ber\u00e4ttar f\u00f6r l\u00e4sarna hur Laser 558 l\u00e4t f\u00f6r lyssnare, och kartl\u00e4gger stora programh\u00e4ndelser, byten av discjockeyer, utrustningshaveri, reklam och plugin-skivor under stationens turbulenta arton m\u00e5nader l\u00e5nga livstid. M\u00e5nga tidningsrapporter citeras, liksom TV-nyhetsinslag om Laser. F\u00f6rfattaren har ocks\u00e5 m\u00e5nga unika citat fr\u00e5n showens stj\u00e4rnor, musiken fr\u00e5n DJ:s som bemannade den flytande studion och underh\u00f6ll miljontals m\u00e4nniskor i l\u00e4nder runt Nordsj\u00f6n i mitten av \u00e5ttiotalet.<\/p>\n<h2>Produktinformation<\/h2>\n<div id=\"detailBullets_feature_div\">\n<ul class=\"a-unordered-list a-nostyle a-vertical a-spacing-none detail-bullet-list\">\n<li><span class=\"a-list-item\"><span class=\"a-text-bold\">Utgivare \u200f : \u200e\u00a0<\/span>World of Radio<\/span><\/li>\n<li><span class=\"a-list-item\"><span class=\"a-text-bold\">Publiceringsdatum \u200f : \u200e\u00a0<\/span>11 Februari 2022<\/span><\/li>\n<li><span class=\"a-list-item\"><span class=\"a-text-bold\">Spr\u00e5k \u200f : \u200e\u00a0<\/span>Engelska<\/span><\/li>\n<li><span class=\"a-list-item\"><span class=\"a-text-bold\">L\u00e4ngd (tryckt bok) \u200f : \u200e\u00a0<\/span>181 sidor<\/span><\/li>\n<li>Pocketbok<\/li>\n<li><span class=\"a-list-item\"><span class=\"a-text-bold\">Artikelns vikt \u200f : \u200e\u00a0<\/span>336 gram<\/span><\/li>\n<li><span class=\"a-list-item\"><span class=\"a-text-bold\">M\u00e5tt \u200f : \u200e\u00a0<\/span>15.24 x 1.04 x 22.86 cm<\/span><\/li>\n<\/ul>\n<\/div>\n","protected":false},"excerpt":{"rendered":"<p>Ber\u00e4ttelsen om Europas mest framg\u00e5ngsrika radioskepp p\u00e5 1980-talet, Laser 558, ber\u00e4ttad av den ber\u00f6mde holl\u00e4ndska radiohistorikern Hans Knot, som adlades av drottning Beatrix av Nederl\u00e4nderna f\u00f6r sitt arbete. Laser drevs p\u00e5st\u00e5s fr\u00e5n New York, \u00e4ven om det finansierades av en &hellip; <a class=\"more-link\" href=\"https:\/\/dxkop.sdxf.se\/?product=all-europe-radio-laser-558\">L\u00e4s mer <span class=\"meta-nav\">&rarr;<\/span><\/a><\/p>\n","protected":false},"featured_media":10354,"template":"","meta":[],"product_brand":[],"product_cat":[13,18],"product_tag":[],"class_list":{"0":"post-10353","1":"product","2":"type-product","3":"status-publish","4":"has-post-thumbnail","6":"product_cat-bocker","7":"product_cat-pirater","9":"first","10":"instock","11":"shipping-taxable","12":"purchasable","13":"product-type-simple"},"jetpack_sharing_enabled":true,"_links":{"self":[{"href":"https:\/\/dxkop.sdxf.se\/index.php?rest_route=\/wp\/v2\/product\/10353","targetHints":{"allow":["GET"]}}],"collection":[{"href":"https:\/\/dxkop.sdxf.se\/index.php?rest_route=\/wp\/v2\/product"}],"about":[{"href":"https:\/\/dxkop.sdxf.se\/index.php?rest_route=\/wp\/v2\/types\/product"}],"wp:featuredmedia":[{"embeddable":true,"href":"https:\/\/dxkop.sdxf.se\/index.php?rest_route=\/wp\/v2\/media\/10354"}],"wp:attachment":[{"href":"https:\/\/dxkop.sdxf.se\/index.php?rest_route=%2Fwp%2Fv2%2Fmedia&parent=10353"}],"wp:term":[{"taxonomy":"product_brand","embeddable":true,"href":"https:\/\/dxkop.sdxf.se\/index.php?rest_route=%2Fwp%2Fv2%2Fproduct_brand&post=10353"},{"taxonomy":"product_cat","embeddable":true,"href":"https:\/\/dxkop.sdxf.se\/index.php?rest_route=%2Fwp%2Fv2%2Fproduct_cat&post=10353"},{"taxonomy":"product_tag","embeddable":true,"href":"https:\/\/dxkop.sdxf.se\/index.php?rest_route=%2Fwp%2Fv2%2Fproduct_tag&post=10353"}],"curies":[{"name":"wp","href":"https:\/\/api.w.org\/{rel}","templated":true}]}}