{"id":10373,"date":"2025-09-24T08:07:01","date_gmt":"2025-09-24T06:07:01","guid":{"rendered":"https:\/\/dxkop.sdxf.se\/?post_type=product&#038;p=10373"},"modified":"2026-04-14T12:51:26","modified_gmt":"2026-04-14T10:51:26","slug":"wrth-2026-sista-utgavan","status":"publish","type":"product","link":"https:\/\/dxkop.sdxf.se\/?product=wrth-2026-sista-utgavan","title":{"rendered":"WRTH 2026 Sista utg\u00e5van!"},"content":{"rendered":"<p>WRTH 2026 kommer snart! Denna historiska 80:e upplaga av World Radio TV Handbook markerar \u00e5tta decennier av p\u00e5litlig s\u00e4ndningsreferens. Med \u00f6ver 800 sidor global bevakning, ut\u00f6kade jubileumsfunktioner och exklusiva artiklar \u00e4r det mer \u00e4n en guide \u2013 det \u00e4r en milstolpsfest och en omissbar samlarutg\u00e5va f\u00f6r alla radioentusiaster.<span class=\"Y2IQFc\" lang=\"sv\">WRTH 2026 \u00e4r mer \u00e4n en bok \u2013 det \u00e4r en hyllning till s\u00e4ndningarnas best\u00e5ende historia. Vid sidan av den tryckta utg\u00e5van f\u00e5r du tillg\u00e5ng till e-boken och webbappen, schemauppdateringar och den blomstrande Community Corner. Tillsammans g\u00f6r dessa verktyg WRTH 2026 b\u00e5de till ett samlarminne och din ultimata f\u00f6ljeslagare f\u00f6r att utforska, l\u00e4ra dig och uppleva radio.<\/span><\/p>\n<p>WRTH 2026 \u00e4r mer \u00e4n en bok \u2013 det \u00e4r en hyllning till s\u00e4ndningarnas best\u00e5ende historia. Vid sidan av den tryckta utg\u00e5van f\u00e5r du tillg\u00e5ng till e-boken och webbappen, schemauppdateringar och den blomstrande Community Corner. Tillsammans g\u00f6r dessa verktyg WRTH 2026 b\u00e5de till ett samlarminne och din ultimata f\u00f6ljeslagare f\u00f6r att utforska, l\u00e4ra dig och uppleva radio. Detta \u00e4r den sista tryckta utg\u00e5van, fram\u00f6ver kommer den finnas kvar som e-bok.<\/p>\n","protected":false},"excerpt":{"rendered":"<p>WRTH 2026 kommer snart! Denna historiska 80:e upplaga av World Radio TV Handbook markerar \u00e5tta decennier av p\u00e5litlig s\u00e4ndningsreferens. Med \u00f6ver 800 sidor global bevakning, ut\u00f6kade jubileumsfunktioner och exklusiva artiklar \u00e4r det mer \u00e4n en guide \u2013 det \u00e4r en &hellip; <a class=\"more-link\" href=\"https:\/\/dxkop.sdxf.se\/?product=wrth-2026-sista-utgavan\">L\u00e4s mer <span class=\"meta-nav\">&rarr;<\/span><\/a><\/p>\n","protected":false},"featured_media":10375,"template":"","meta":[],"product_brand":[],"product_cat":[13,16],"product_tag":[],"class_list":{"0":"post-10373","1":"product","2":"type-product","3":"status-publish","4":"has-post-thumbnail","6":"product_cat-bocker","7":"product_cat-frekvenstabeller","9":"first","10":"instock","11":"shipping-taxable","12":"purchasable","13":"product-type-simple"},"jetpack_sharing_enabled":true,"_links":{"self":[{"href":"https:\/\/dxkop.sdxf.se\/index.php?rest_route=\/wp\/v2\/product\/10373","targetHints":{"allow":["GET"]}}],"collection":[{"href":"https:\/\/dxkop.sdxf.se\/index.php?rest_route=\/wp\/v2\/product"}],"about":[{"href":"https:\/\/dxkop.sdxf.se\/index.php?rest_route=\/wp\/v2\/types\/product"}],"wp:featuredmedia":[{"embeddable":true,"href":"https:\/\/dxkop.sdxf.se\/index.php?rest_route=\/wp\/v2\/media\/10375"}],"wp:attachment":[{"href":"https:\/\/dxkop.sdxf.se\/index.php?rest_route=%2Fwp%2Fv2%2Fmedia&parent=10373"}],"wp:term":[{"taxonomy":"product_brand","embeddable":true,"href":"https:\/\/dxkop.sdxf.se\/index.php?rest_route=%2Fwp%2Fv2%2Fproduct_brand&post=10373"},{"taxonomy":"product_cat","embeddable":true,"href":"https:\/\/dxkop.sdxf.se\/index.php?rest_route=%2Fwp%2Fv2%2Fproduct_cat&post=10373"},{"taxonomy":"product_tag","embeddable":true,"href":"https:\/\/dxkop.sdxf.se\/index.php?rest_route=%2Fwp%2Fv2%2Fproduct_tag&post=10373"}],"curies":[{"name":"wp","href":"https:\/\/api.w.org\/{rel}","templated":true}]}}