{"id":10456,"date":"2026-01-28T19:27:40","date_gmt":"2026-01-28T18:27:40","guid":{"rendered":"https:\/\/dxkop.sdxf.se\/?post_type=product&#038;p=10456"},"modified":"2026-01-30T09:38:06","modified_gmt":"2026-01-30T08:38:06","slug":"antenna-basics-a-guide-for-the","status":"publish","type":"product","link":"https:\/\/dxkop.sdxf.se\/?product=antenna-basics-a-guide-for-the","title":{"rendered":"Antenna Basics: A guide for the&#8230;"},"content":{"rendered":"<p>Antenner \u00e4r det viktigaste tillbeh\u00f6ret i en radioinstallation. Oavsett om det g\u00e4ller amat\u00f6rradio, kortv\u00e5gslyssning eller skanning finns det enkla svar p\u00e5 komplexa problem. Inneh\u00e5llet i den h\u00e4r boken \u00e4r sammanst\u00e4llt fr\u00e5n auktoritativa artiklar i tidskriften Monitoring Times.<\/p>\n<hr class=\"a-divider-normal bucketDivider\" aria-hidden=\"true\" \/>\n<h2>Produktinformation<\/h2>\n<div id=\"detailBullets_feature_div\">\n<ul class=\"a-unordered-list a-nostyle a-vertical a-spacing-none detail-bullet-list\">\n<li><span class=\"a-list-item\"><span class=\"a-text-bold\">Utgivare \u200f : \u200e\u00a0<\/span>CreateSpace Independent Publishing Platform<\/span><\/li>\n<li><span class=\"a-list-item\"><span class=\"a-text-bold\">Publiceringsdatum \u200f : \u200e\u00a0<\/span>8 Juli 2017<\/span><\/li>\n<li><span class=\"a-list-item\"><span class=\"a-text-bold\">Spr\u00e5k \u200f : \u200e\u00a0<\/span>Engelska<\/span><\/li>\n<li><span class=\"a-list-item\"><span class=\"a-text-bold\">L\u00e4ngd (tryckt bok) \u200f : \u200e\u00a0<\/span>76 sidor<\/span><\/li>\n<li><span class=\"a-list-item\"><span class=\"a-text-bold\">Artikelns vikt \u200f : \u200e\u00a0<\/span>113 gram<\/span><\/li>\n<li><span class=\"a-list-item\"><span class=\"a-text-bold\">M\u00e5tt \u200f : \u200e\u00a0<\/span>15.24 x 0.46 x 22.86 cm<\/span><\/li>\n<\/ul>\n<\/div>\n","protected":false},"excerpt":{"rendered":"<p>Antenner \u00e4r det viktigaste tillbeh\u00f6ret i en radioinstallation. Oavsett om det g\u00e4ller amat\u00f6rradio, kortv\u00e5gslyssning eller skanning finns det enkla svar p\u00e5 komplexa problem. Inneh\u00e5llet i den h\u00e4r boken \u00e4r sammanst\u00e4llt fr\u00e5n auktoritativa artiklar i tidskriften Monitoring Times. Produktinformation Utgivare \u200f &hellip; <a class=\"more-link\" href=\"https:\/\/dxkop.sdxf.se\/?product=antenna-basics-a-guide-for-the\">L\u00e4s mer <span class=\"meta-nav\">&rarr;<\/span><\/a><\/p>\n","protected":false},"featured_media":10457,"template":"","meta":[],"product_brand":[],"product_cat":[15,13,62],"product_tag":[],"class_list":{"0":"post-10456","1":"product","2":"type-product","3":"status-publish","4":"has-post-thumbnail","6":"product_cat-antenner","7":"product_cat-bocker","8":"product_cat-okategoriserad","10":"first","11":"instock","12":"shipping-taxable","13":"purchasable","14":"product-type-simple"},"jetpack_sharing_enabled":true,"_links":{"self":[{"href":"https:\/\/dxkop.sdxf.se\/index.php?rest_route=\/wp\/v2\/product\/10456","targetHints":{"allow":["GET"]}}],"collection":[{"href":"https:\/\/dxkop.sdxf.se\/index.php?rest_route=\/wp\/v2\/product"}],"about":[{"href":"https:\/\/dxkop.sdxf.se\/index.php?rest_route=\/wp\/v2\/types\/product"}],"wp:featuredmedia":[{"embeddable":true,"href":"https:\/\/dxkop.sdxf.se\/index.php?rest_route=\/wp\/v2\/media\/10457"}],"wp:attachment":[{"href":"https:\/\/dxkop.sdxf.se\/index.php?rest_route=%2Fwp%2Fv2%2Fmedia&parent=10456"}],"wp:term":[{"taxonomy":"product_brand","embeddable":true,"href":"https:\/\/dxkop.sdxf.se\/index.php?rest_route=%2Fwp%2Fv2%2Fproduct_brand&post=10456"},{"taxonomy":"product_cat","embeddable":true,"href":"https:\/\/dxkop.sdxf.se\/index.php?rest_route=%2Fwp%2Fv2%2Fproduct_cat&post=10456"},{"taxonomy":"product_tag","embeddable":true,"href":"https:\/\/dxkop.sdxf.se\/index.php?rest_route=%2Fwp%2Fv2%2Fproduct_tag&post=10456"}],"curies":[{"name":"wp","href":"https:\/\/api.w.org\/{rel}","templated":true}]}}