{"id":1054,"date":"2015-12-21T09:58:04","date_gmt":"2015-12-21T08:58:04","guid":{"rendered":"http:\/\/dxkop.sdxf.se\/?post_type=product&#038;p=1054"},"modified":"2026-01-12T08:51:43","modified_gmt":"2026-01-12T07:51:43","slug":"porto-norden-3","status":"publish","type":"product","link":"https:\/\/dxkop.sdxf.se\/?product=porto-norden-3","title":{"rendered":"Porto Norden"},"content":{"rendered":"<p>F\u00f6r ex en WRTH + Sender &amp; Frequenzen &#8230;.. ev n\u00e5got mera<strong><span style=\"color: #ff0000;\"> fr\u00e5ga f\u00f6rst innan ni g\u00f6r best\u00e4llningen<\/span><\/strong>, tar alltid det billigaste alternativet.<\/p>\n","protected":false},"excerpt":{"rendered":"<p>F\u00f6r ex en WRTH + Sender &amp; Frequenzen &#8230;.. ev n\u00e5got mera fr\u00e5ga f\u00f6rst innan ni g\u00f6r best\u00e4llningen, tar alltid det billigaste alternativet. &hellip; <a class=\"more-link\" href=\"https:\/\/dxkop.sdxf.se\/?product=porto-norden-3\">L\u00e4s mer <span class=\"meta-nav\">&rarr;<\/span><\/a><\/p>\n","protected":false},"featured_media":1053,"template":"","meta":[],"product_brand":[],"product_cat":[52,48],"product_tag":[],"class_list":{"0":"post-1054","1":"product","2":"type-product","3":"status-publish","4":"has-post-thumbnail","6":"product_cat-90-kr","7":"product_cat-portokostnad","9":"first","10":"instock","11":"shipping-taxable","12":"purchasable","13":"product-type-simple"},"jetpack_sharing_enabled":true,"_links":{"self":[{"href":"https:\/\/dxkop.sdxf.se\/index.php?rest_route=\/wp\/v2\/product\/1054","targetHints":{"allow":["GET"]}}],"collection":[{"href":"https:\/\/dxkop.sdxf.se\/index.php?rest_route=\/wp\/v2\/product"}],"about":[{"href":"https:\/\/dxkop.sdxf.se\/index.php?rest_route=\/wp\/v2\/types\/product"}],"wp:featuredmedia":[{"embeddable":true,"href":"https:\/\/dxkop.sdxf.se\/index.php?rest_route=\/wp\/v2\/media\/1053"}],"wp:attachment":[{"href":"https:\/\/dxkop.sdxf.se\/index.php?rest_route=%2Fwp%2Fv2%2Fmedia&parent=1054"}],"wp:term":[{"taxonomy":"product_brand","embeddable":true,"href":"https:\/\/dxkop.sdxf.se\/index.php?rest_route=%2Fwp%2Fv2%2Fproduct_brand&post=1054"},{"taxonomy":"product_cat","embeddable":true,"href":"https:\/\/dxkop.sdxf.se\/index.php?rest_route=%2Fwp%2Fv2%2Fproduct_cat&post=1054"},{"taxonomy":"product_tag","embeddable":true,"href":"https:\/\/dxkop.sdxf.se\/index.php?rest_route=%2Fwp%2Fv2%2Fproduct_tag&post=1054"}],"curies":[{"name":"wp","href":"https:\/\/api.w.org\/{rel}","templated":true}]}}