{"id":1059,"date":"2015-12-21T20:48:42","date_gmt":"2015-12-21T19:48:42","guid":{"rendered":"http:\/\/dxkop.sdxf.se\/?post_type=product&#038;p=1059"},"modified":"2023-08-08T16:33:07","modified_gmt":"2023-08-08T14:33:07","slug":"nils-schiffhauers-weltempfanger-testbucher","status":"publish","type":"product","link":"https:\/\/dxkop.sdxf.se\/?product=nils-schiffhauers-weltempfanger-testbucher","title":{"rendered":"Nils Schiffhauers \u201eWeltempf\u00e4nger Testb\u00fccher"},"content":{"rendered":"<p><span title=\"Der Fachjournalist Nils Schiffhauer war jahrelang die Instanz im deutschen Sprachraum, wenn es um praxisnahe Tests von Weltempf\u00e4ngern ging.\">Journalisten Nils schiffhauer var\u00a0en institution \u00a0i den tyskspr\u00e5kiga v\u00e4rlden, n\u00e4r det kom till praktiska tester av v\u00e4rldsradiomottagare. <\/span><span title=\"Zun\u00e4chst erschienen seine Testberichte in Zeitschriften, ab 1985 auch regelm\u00e4\u00dfig in Buchform beim Siebel Verlag.\">F\u00f6rst d\u00f6k hans recensioner d\u00f6k upp i tidningar, fr\u00e5n 1985 regelbundet i bokform\u00a0fr\u00e5n Siebel Verlag. <\/span><\/p>\n<p><span title=\"Wir haben sowohl vom Autor als auch von den damaligen Verlegern die Erlaubnis erhalten, alle jemals ver\u00f6ffentlichten Weltempf\u00e4nger-Testb\u00fccher zu digitalisieren und auf CD zu vertreiben.\">Vi har f\u00e5tt b\u00e5de av f\u00f6rfattaren och den tidigare f\u00f6rl\u00e4ggarens tillst\u00e5nd att digitalisera alla som n\u00e5gonsin publicerats\u00a0mottagarnas\u00a0tester p\u00e5 en CD. <\/span><span title=\"Herausgekommen ist ein elektronischer Reprint, der in leicht verst\u00e4ndlicher und praxisnaher Form eine schier unglaubliche Vielfalt von Empf\u00e4ngern vorstellt und ausf\u00fchrlich unter die Lupe nimmt: \">Resultatet \u00e4r en elektronisk nytryck av en otrolig m\u00e5ngfald av mottagare presenterar p\u00e5 ett l\u00e4ttf\u00f6rst\u00e5eligt och praktisk form och detalj under mikroskop.<br \/>\n<\/span><\/p>\n<p>Mottagarna \u00e4r:<\/p>\n<p>AKD Target HF3 \u00b7 AKD Target HF4E \u00b7 AOR AR-3000 \u00b7 AOR AR-3030 \u00b7 AOR AR-5000 \u00b7 AOR AR-7000 \u00b7 AOR AR-7030 \u00b7 AOR AR-8200 \u00b7 Barlow Wadley XCR-30 \u00b7 Bearcat DX-1000 \u00b7 Braun T1000 \u00b7 Collins 51S-1 \u00b7 Collins 95S-1A \u00b7 Collins R-388 \u00b7 Collins R-390A\/URR \u00b7 Collins R-392 \u00b7 Conrad DX-100 \u00b7 DASA E-1800A \u00b7 Debeg 2000 \u00b7 Drake 2-C \u00b7 Drake DSR-1 \/ DSR-2 \u00b7 Drake R-4C \u00b7 Drake R-7 \u00b7 Drake R-7 A \u00b7 Drake R-8 \u00b7 Drake R-8A \u00b7 Drake R-8B \u00b7 Drake R-8E \u00b7 Drake SPR-4 \u00b7 Drake SW-8 \u00b7 Dymek DR333 \u00b7 Eddystone EC-958 \u00b7 EKD 315 \u00b7 EKD 514 \u00b7 ERF-Weltempf\u00e4nger \u00b7 ESKA RX-33 \u00b7 ESKA RX-99 \u00b7 Euromatic 001 \u00b7 Fairhaven RD500 \u00b7 Grundig Cosmopolit \u00b7 Grundig Satellit 300 \u00b7 Grundig Satellit 400 \u00b7 Grundig Satellit 500 \u00b7 Grundig Satellit 600 \u00b7 Grundig Satellit 650 \u00b7 Grundig Satellit 800 \u00b7 Grundig Satellit 3000\/3400 \u00b7 Grundig Yacht Boy 100 \u00b7 Grundig Yacht Boy 208 \u00b7 Grundig Yacht Boy 218 \u00b7 Grundig Yacht Boy 220 \u00b7 Grundig Yacht Boy 225 \u00b7 Grundig Yacht Boy 230 \u00b7 Grundig Yacht Boy 360 \u00b7 Grundig Yacht Boy 400 \u00b7 Grundig Yacht Boy 500 \u00b7 Grundig Yacht Boy 600 \u00b7 Grundig Yacht Boy 210 \u00b7 Grundig Yacht Boy 215 \u00b7 Grundig Yacht Boy 460 \u00b7 Grundig Yacht Boy 700 \u00b7 Grundig Yacht Boy P2000 \u00b7 Hallicrafters SX-122A \u00b7 Hammarlund HQ-180A \u00b7 Hammarlund SP-600 \u00b7 Hy Gen Galaxy R-1530 \u00b7 Icom IC-PCR100 \u00b7 Icom IC-PCR1000 \u00b7 Icom IC-R3 \u00b7 Icom IC-R70 \u00b7 Icom IC-R71 \u00b7 Icom IC-R72 \u00b7 Icom IC-R75 \u00b7 Icom IC-R7000 \u00b7 Icom IC-R8500 \u00b7 Icom IC-R9000 \u00b7 Icom IC-R9000L \u00b7 Intersound WE-415PLL \u00b7 ITT Golf 320 \u00b7 ITT Golf 506 \u00b7 ITT Polo 504 \u00b7 ITT Tiny 320 \u00b7 ITT Tiny 503 \u00b7 ITT Touroport 220 \u00b7 JRC NRD-301A \u00b7 JRC NRD-345 \u00b7 JRC NRC-505 \u00b7 JRC NRD-515 \u00b7 JRC NRD-525 \u00b7 JRC NRC-525G \u00b7 JRC NRD-535DG \u00b7 JRC NRD-545DSP \u00b7 Kenwood R-600 \u00b7 Kenwood R-1000 \u00b7 Kenwood R-2000 \u00b7 Kenwood R-5000 \u00b7 Kenwood RZ-1 \u00b7 Kneisner-Doering KWZ-30 \u00b7 Lafayette KT-340 \u00b7 Liniplex F2 \u00b7 Liniplex OSC-1 \u00b7 Lowe HF-125 \u00b7 Lowe HF-150 \u00b7 Lowe HF-150E \u00b7 Lowe HF-225 \u00b7 Lowe HF-250 \u00b7 Lowe HF-350 \u00b7 Minix MR-73 \u00b7 National HRO-500 \u00b7 National Panasonic RF-B10 \u00b7 National Panasonic RF-B20L \u00b7 National Panasonic RF-B40DAL \u00b7 National Panasonic RF-B40DL \u00b7 National Panasonic RF-B45 \u00b7 National Panasonic RF-B 50L \u00b7 National Panasonic RF-B60L \u00b7 National Panasonic RF-B65 \u00b7 National Panasonic RF-B65DA \u00b7 National Panasonic RF-B600 \u00b7 National Panasonic RF-9L \u00b7 Neckermann Palladium 949.655 \u00b7 Nordmende Globemaster 2016 \u00b7 Nordmende Globetrotter 2019 \u00b7 PalStar R-30 \u00b7 Pan Crusader \u00b7 Pan Crusader 8000 PLL \u00b7 Patcomm RX-16000E \u00b7 Philips AE3405 \u00b7 Philips AL-990 \u00b7 Philips D1835 \u00b7 Philips D2825 \u00b7 Philips D2935 \u00b7 Philips D-2999 \u00b7 Plessey PR-155 \u00b7 Quelle Universum Worldband Receiver \u00b7 Racal RA-17 \u00b7 Racal RA-6217 \u00b7 Radio Shack DX-394 \u00b7 Ramert RD-833 \u00b7 RCA AR-88 \u00b7 Rohde &amp; Schwarz EB200 \u00b7 Rohde &amp; Schwarz EK 07 \u00b7 Rohde &amp; Schwarz EK890 \u00b7 Rohde &amp; Schwarz EK895 \u00b7 Saba Transworld \u00b7 SAIT MR-1411 \u00b7 Sangean ATS-303 \u00b7 Sangean ATS-305 \u00b7 Sangean ATS-404 \u00b7 Sangean ATS-505 \u00b7 Sangean ATS-606 \u00b7 Sangean ATS-803 \u00b7 Sangean ATS-818 \u00b7 Sangean ATS-909 \u00b7 Sangean SG-789 \u00b7 Sangean SG-796 \u00b7 Selena 215 \u00b7 Selena 216 \u00b7 Selena 217 \u00b7 Sharp FV-310 \u00b7 Sharp FV-610 \u00b7 Siemens E-311 \u00b7 Siemens E-410 \u00b7 Siemens RK-621 \u00b7 Siemens RK-641 \u00b7 Siemens RK-651 \u00b7 Siemens RK-661 \u00b7 Siemens RK-665 \u00b7 Siemens RK-670 \u00b7 Siemens RK-702 \u00b7 Siemens RK-759 \u00b7 Siemens RK-765 \u00b7 Siemens RK-770 \u00b7 Siemens RK-777 \u00b7 Siemens RP-647 \u00b7 Skanti R-5001 \u00b7 Sommerkamp SRG-8799 \u00b7 Sony AIR-7 \u00b7 Sony CRF-1 \u00b7 Sony CRF-320 \u00b7 Sony CRF-V21 \u00b7 Sony ICF-2001 \u00b7 Sony ICF-2001D \u00b7 Sony ICF-4900 \u00b7 Sony ICF-688W \u00b7 Sony ICF-7600AW \u00b7 Sony ICF-7600D \u00b7 Sony ICF-7600DA \u00b7 Sony ICF-7600DS \u00b7 Sony ICF-7601 \u00b7 Sony ICF-SW 1S \u00b7 Sony ICF-SW05 \u00b7 Sony ICF-SW20 \u00b7 Sony ICF-SW30 \u00b7 Sony ICF-SW33 \u00b7 Sony ICF-SW35 \u00b7 Sony ICF-SW40 \u00b7 Sony ICF-SW55 \u00b7 Sony ICF-SW77 \u00b7 Sony ICF-SW100 E\/S \u00b7 Sony ICF-SW800 \u00b7 Sony ICF-SW1000T \u00b7 Sony ICF-SW7600 \u00b7 Sony ICF-SW7600G \u00b7 Sony ICR-4800 \u00b7 Sony PRO-70 \u00b7 Sony PRO-80 \u00b7 Sony WA-8800 \u00b7 Supertech 227 TR \u00b7 Telefunken E-103 \u00b7 Telefunken E-104 \u00b7 Telefunken E-127 \u00b7 Ten-Tec RX-340 \u00b7 Toshiba RP-F11L \u00b7 Trio 9R-59DS \u00b7 Uniden CR-2021 \u00b7 Watkins-Johnson HF-1000 \u00b7 Winradio 1550e \u00b7 Yaesu FRG-7 \u00b7 Yaesu FRG-100 \u00b7 Yaesu FRG-7700 \u00b7 Yaesu FRG-8800 \u00b7 Yaesu FRG-9900.<\/p>\n","protected":false},"excerpt":{"rendered":"<p>Journalisten Nils schiffhauer var\u00a0en institution \u00a0i den tyskspr\u00e5kiga v\u00e4rlden, n\u00e4r det kom till praktiska tester av v\u00e4rldsradiomottagare. F\u00f6rst d\u00f6k hans recensioner d\u00f6k upp i tidningar, fr\u00e5n 1985 regelbundet i bokform\u00a0fr\u00e5n Siebel Verlag. Vi har f\u00e5tt b\u00e5de av f\u00f6rfattaren och den &hellip; <a class=\"more-link\" href=\"https:\/\/dxkop.sdxf.se\/?product=nils-schiffhauers-weltempfanger-testbucher\">L\u00e4s mer <span class=\"meta-nav\">&rarr;<\/span><\/a><\/p>\n","protected":false},"featured_media":9862,"template":"","meta":[],"product_brand":[],"product_cat":[26,19],"product_tag":[],"class_list":{"0":"post-1059","1":"product","2":"type-product","3":"status-publish","4":"has-post-thumbnail","6":"product_cat-skivor","7":"product_cat-radioteknik-mottagare","9":"first","10":"instock","11":"shipping-taxable","12":"purchasable","13":"product-type-simple"},"jetpack_sharing_enabled":true,"_links":{"self":[{"href":"https:\/\/dxkop.sdxf.se\/index.php?rest_route=\/wp\/v2\/product\/1059","targetHints":{"allow":["GET"]}}],"collection":[{"href":"https:\/\/dxkop.sdxf.se\/index.php?rest_route=\/wp\/v2\/product"}],"about":[{"href":"https:\/\/dxkop.sdxf.se\/index.php?rest_route=\/wp\/v2\/types\/product"}],"wp:featuredmedia":[{"embeddable":true,"href":"https:\/\/dxkop.sdxf.se\/index.php?rest_route=\/wp\/v2\/media\/9862"}],"wp:attachment":[{"href":"https:\/\/dxkop.sdxf.se\/index.php?rest_route=%2Fwp%2Fv2%2Fmedia&parent=1059"}],"wp:term":[{"taxonomy":"product_brand","embeddable":true,"href":"https:\/\/dxkop.sdxf.se\/index.php?rest_route=%2Fwp%2Fv2%2Fproduct_brand&post=1059"},{"taxonomy":"product_cat","embeddable":true,"href":"https:\/\/dxkop.sdxf.se\/index.php?rest_route=%2Fwp%2Fv2%2Fproduct_cat&post=1059"},{"taxonomy":"product_tag","embeddable":true,"href":"https:\/\/dxkop.sdxf.se\/index.php?rest_route=%2Fwp%2Fv2%2Fproduct_tag&post=1059"}],"curies":[{"name":"wp","href":"https:\/\/api.w.org\/{rel}","templated":true}]}}