{"id":1061,"date":"2015-12-21T21:04:20","date_gmt":"2015-12-21T20:04:20","guid":{"rendered":"http:\/\/dxkop.sdxf.se\/?post_type=product&#038;p=1061"},"modified":"2023-04-16T10:43:25","modified_gmt":"2023-04-16T08:43:25","slug":"radiowelt-auf-dvd","status":"publish","type":"product","link":"https:\/\/dxkop.sdxf.se\/?product=radiowelt-auf-dvd","title":{"rendered":"Radiowelt auf DVD"},"content":{"rendered":"<p><span title=\"In den 1980er und 1990er Jahren war die \u201eRadiowelt\u201c im deutschsprachigen Raum die einzige kommerzielle und im Handel erh\u00e4ltliche monatlich erscheinende Fachzeitschrift f\u00fcr internationalen Rundfunkempfang.\">Under 1980- och 1990-talet var &#8221;Radiowelt&#8221; i de tyskspr\u00e5kiga l\u00e4nderna den enda kommersiella m\u00e5nadstidningen f\u00f6r internationell radiomottagning.\u00a0<\/span><span title=\"Das Blatt wurde in den ersten Jahren vom Wolfgang Scheunemann Verlag und sp\u00e4ter vom Marburger Beam Verlag herausgegeben. \">Den utgavs under de f\u00f6rsta \u00e5ren av Wolfgang Scheunemann Publishing och senare fr\u00e5n Marburger Beam.<\/span><\/p>\n<p><span title=\"Die \u201eRadiowelt\u201c besch\u00e4ftigte sich schwerpunktm\u00e4\u00dfig mit allen Aspekten des internationalen Auslandsrundfunks.\">&#8221;Radio World&#8221; handlade fr\u00e4mst om alla aspekter av internationell utl\u00e4ndska s\u00e4ndningar. <\/span><span title=\"Gesch\u00e4tzt wurde sie auch wegen ihrer zahlreichen technischen Beitr\u00e4ge.\">Det\u00a0v\u00e4rdesattes f\u00f6r sina m\u00e5nga tekniska bidrag. <\/span><span title=\"Jahrelang war der bekannte Journalist und Fachbuchautor Rainer Lichte f\u00fcr die Empf\u00e4ngertests und technischen Hintergrundberichte im Heft verantwortlich. \">Under flera \u00e5r var den v\u00e4lk\u00e4nda journalisten och f\u00f6rfattaren Rainer Lichte ansvarig f\u00f6r mottagartesterna\u00a0och de\u00a0tekniska inslagen.<\/span><\/p>\n<p><span title=\"Auch kommerzielle Funkdienste wie Flugfunk und Utility hatten feste Rubriken in der Zeitschrift.\">\u00c4ven kommersiella radiotj\u00e4nster s\u00e5 som flyg- och\u00a0Utility hade sin sektion\u00a0i tidskriften. <\/span><span title=\"Verantwortliche Mitarbeiter dieser Ressorts waren Gerd Klawitter und Michael Marten, der sp\u00e4ter auch die Chefredaktion des Blattes \u00fcbernahm. \">Ansvariga f\u00f6r dessa var Gerd Klawitter och Michael Marten, som senare tog \u00f6ver redaktionajobbet f\u00f6r tidningen.<\/span><\/p>\n<p><span title=\"Im letzten Jahr erhielten wir von den Herausgebern und Rechteinhabern der Zeitschrift die Erlaubnis, s\u00e4mtliche Ausgaben der \u201eRadiowelt\u201c zu digitalisieren und auf CD zu vertreiben.\">Under 2014 fick ADDX\u00a0 fr\u00e5n f\u00f6rlaget och upphovsr\u00e4ttsinnehavarna av tidskriften tillst\u00e5nd att digitalisera alla fr\u00e5gor av &#8221;Radio World&#8221; och att sprida dessa p\u00e5 CD. <\/span><span title=\"In m\u00fchevoller Kleinarbeit wurden die insgesamt 132 Heftausgaben mit ihren insgesamt 6428 Seiten, die in den Jahren 1984 bis 1995 erschienen, digitalisiert und liegen nun im PDF-Format auf drei CDs vor.\">I omsorgsfulla detaljer, blev summan av 132 tidningar totalt 6428 sidor, dessa publicerades under \u00e5ren 1984 till 1995 och har digitaliseras och \u00e4r idag tillg\u00e4nglig i pdf-format p\u00e5 dvd. <\/span><span title=\"Eine Volltext-Suchfunktion ist sowohl innerhalb jedes einzelnen Heftes, als auch jeweils innerhalb der kompletten CD m\u00f6glich.\">En fulltexts\u00f6kning \u00e4r m\u00f6jlig b\u00e5de inom varje fr\u00e5ga, liksom inom var och en av hela skivan. <\/span><span title=\"Auch k\u00f6nnen einzelne interessante Seiten oder ganze Hefte ausgedruckt werden.\">Ocks\u00e5 intressanta enskilda sidor eller hela\u00a0tidningar kan skrivas ut.<\/span><\/p>\n","protected":false},"excerpt":{"rendered":"<p>Under 1980- och 1990-talet var &#8221;Radiowelt&#8221; i de tyskspr\u00e5kiga l\u00e4nderna den enda kommersiella m\u00e5nadstidningen f\u00f6r internationell radiomottagning.\u00a0Den utgavs under de f\u00f6rsta \u00e5ren av Wolfgang Scheunemann Publishing och senare fr\u00e5n Marburger Beam. &#8221;Radio World&#8221; handlade fr\u00e4mst om alla aspekter av internationell &hellip; <a class=\"more-link\" href=\"https:\/\/dxkop.sdxf.se\/?product=radiowelt-auf-dvd\">L\u00e4s mer <span class=\"meta-nav\">&rarr;<\/span><\/a><\/p>\n","protected":false},"featured_media":1062,"template":"","meta":[],"product_brand":[],"product_cat":[22,17],"product_tag":[],"class_list":{"0":"post-1061","1":"product","2":"type-product","3":"status-publish","4":"has-post-thumbnail","6":"product_cat-dvd","7":"product_cat-historik","9":"first","10":"instock","11":"shipping-taxable","12":"purchasable","13":"product-type-simple"},"jetpack_sharing_enabled":true,"_links":{"self":[{"href":"https:\/\/dxkop.sdxf.se\/index.php?rest_route=\/wp\/v2\/product\/1061","targetHints":{"allow":["GET"]}}],"collection":[{"href":"https:\/\/dxkop.sdxf.se\/index.php?rest_route=\/wp\/v2\/product"}],"about":[{"href":"https:\/\/dxkop.sdxf.se\/index.php?rest_route=\/wp\/v2\/types\/product"}],"wp:featuredmedia":[{"embeddable":true,"href":"https:\/\/dxkop.sdxf.se\/index.php?rest_route=\/wp\/v2\/media\/1062"}],"wp:attachment":[{"href":"https:\/\/dxkop.sdxf.se\/index.php?rest_route=%2Fwp%2Fv2%2Fmedia&parent=1061"}],"wp:term":[{"taxonomy":"product_brand","embeddable":true,"href":"https:\/\/dxkop.sdxf.se\/index.php?rest_route=%2Fwp%2Fv2%2Fproduct_brand&post=1061"},{"taxonomy":"product_cat","embeddable":true,"href":"https:\/\/dxkop.sdxf.se\/index.php?rest_route=%2Fwp%2Fv2%2Fproduct_cat&post=1061"},{"taxonomy":"product_tag","embeddable":true,"href":"https:\/\/dxkop.sdxf.se\/index.php?rest_route=%2Fwp%2Fv2%2Fproduct_tag&post=1061"}],"curies":[{"name":"wp","href":"https:\/\/api.w.org\/{rel}","templated":true}]}}