{"id":1222,"date":"2016-03-11T20:07:21","date_gmt":"2016-03-11T19:07:21","guid":{"rendered":"http:\/\/dxkop.sdxf.se\/?post_type=product&#038;p=1222"},"modified":"2023-04-16T10:47:57","modified_gmt":"2023-04-16T08:47:57","slug":"der-wellenjager","status":"publish","type":"product","link":"https:\/\/dxkop.sdxf.se\/?product=der-wellenjager","title":{"rendered":"Der Wellenj\u00e4ger"},"content":{"rendered":"<p><span title=\"Der Fachjournalist und Autor Hermann J\u00e4ger (t\u00e4tig u.a. f\u00fcr die H\u00f6rZu, FAZ, NZZ, WAZ etc.) gab in den Jahren 1962 und 1963 den \u201eWellenj\u00e4ger\u201c, eine vierzehnt\u00e4gig erscheinende Fachzeitschrift zum Thema Internationaler H\u00f6rfunk heraus.\">Journalisten och f\u00f6rfattaren Hermann J\u00e4ger\u00a0gav ut denna\u00a01962 och 1963, &#8221;Der Wellenj\u00e4ger&#8221;, var en tv\u00e5veckors tidskrift om internationell radio. <\/span><span title=\"Themenschwerpunkte des Blattes waren: \">Huvudteman f\u00f6r tidningen var:<\/span><\/p>\n<p><span title=\"\u2022 Portr\u00e4ts internationaler Auslandsdienste, z.B.\">\u2022 St\u00e5ende internationella nyheter fr\u00e5n, till exempel, <\/span><span title=\"Radio Kanada, Radio Australia, Voice of America, Radio Nederland's \u201eHappy Station\u201c, Radio Republik Indonesia, Die \u201eStimme Saudi Arabiens\u201c, BBC London, Radio HCJB \u2013 die \u201eStimme der Anden\u201c, All India Radio, Schweizerischer Kurzwellendienst, Deutsche Welle\">Radio Canada, Radio Australien, Voice of America, Radio Nederlands &#8221;Happy Station&#8221;, Radio Republik Indonesien, Die \u201eStimme Saudiarabien&#8221;, BBC London, Radio HCJB &#8211; &#8221;Voice\u00a0of Anderna&#8221;, All India Radio, schweizisk\u00a0kortv\u00e5g,\u00a0Deutsche Welle\u00a0<\/span><span title=\", Radio Marokko, IBRA Radio, Kol Israel, Radio Japan, Radio Ankara, Radio Luxemburg. \">, Radio Marocko, IBRA Radio, Kol Israel Radio Japan, Radio Ankara, Radio Luxemburg.<\/span><\/p>\n<p><span title=\"\u2022 Portr\u00e4ts der damals gern geh\u00f6rten exotischeren Kurzwellenstationen, z.B.\">\u2022 portr\u00e4tt av den tidens mer exotiska kortv\u00e5gs-stationer, till exempel,\u00a0<\/span><span title=\"des Schulfunksenders Radio Sutatenza aus Kolumbien, der Radiomission \u201eCall of the Orient\u201c in Manila (Vorl\u00e4ufer der FEBC Manila), Radio Andorra, die deutsche Stunde der US-amerikanischen NBC, die \u201eVoice of the Gospel\u201c aus \u00c4thiopien etc. \"> Radio Sutatenza fr\u00e5n Colombia,\u00a0 &#8221;Call of the Orient&#8221; i Manila (f\u00f6reg\u00e5ngaren till FEBC Manila), Radio Andorra, den tyska timmen fr\u00e5n\u00a0amerikanska NBC,\u00a0 &#8221;Voice of the Gospel&#8221; fr\u00e5n Etiopien, etc.<\/span><\/p>\n<p><span title=\"\u2022 Testberichte der damals aktuellen Empfangsger\u00e4te wie z.B.\">\u2022 recensioner av de aktuella mottagarna s\u00e5som Grundig Automatic Boy 203, Graetz Page 1232 K, Graetz Vollsuper Astrid 1208, Geloso G 4\/218, Grundig Transonette 99, Braun Transistor T 23, Graetz Transistor Portable 2132, Grundig Yacht Boy 202, Akkord Pinguin K 61, Graetz Canzonetta 384 W, Grundig Ocean Boy 202, Graetz Superhet 2105, Jennen 9R-59, Grundig 3367 WE <\/span><\/p>\n<p><span title=\"\u2022 Kommentare zu damals aktuellen rundfunkspezifischen Themen, wie z.B.\">\u2022 Kommentarer\u00a0p\u00e5 aktuella s\u00e4ndnings specifika \u00e4mnen, s\u00e5som <\/span><span title=\"der Einweihung der Sendestelle J\u00fclich der Deutschen Welle, 40. Jubil\u00e4um bei der BBC London, Kritik am Programm von Radio Pakistan, die rundfunkpolitische Sonderrolle Albaniens als Verb\u00fcndeter Chinas in Europa, Missst\u00e4nde bei Radio Japan, Propaganda bei Radio Habana Kuba \">invigningen av\u00a0 J\u00fclich Deutsche Welle, 40-\u00e5rsjubileum p\u00e5 BBC London, kritik av radioprogram i Pakistan,\u00a0 s\u00e4rskilda politiska rollen f\u00f6r\u00a0Albanien som en allierad till Kina i Europa, Japans missf\u00f6rh\u00e5llanden i radio, propaganda p\u00e5 Radio Habana Kuba<\/span><\/p>\n<p><span title=\"\u2022 Beratung zur allen nur denkbaren Aspekten des Fernempfangs, wie z.B.\">\u2022 Att ge r\u00e5d om alla t\u00e4nkbara aspekter av den avl\u00e4gsna mottagaren, s\u00e5som <\/span><span title=\"Langdrahtantennen f\u00fcr den Kurzwellenempfang, Tipps zum Anlegen eines Logbuchs, sieben Gebote f\u00fcr die Empf\u00e4ngerwahl, Sendersuche \u2013 wann und wie ?, Welche Antenne f\u00fcr Kurzwelle, Hinweise f\u00fcr Mittelwellen-DXer, kleine Hilfsmittel bei der Sendersuche, Tipps zur Identifikation von Kurzwellenstationen, Basteltipps, Hinweise\">L\u00e5ng tr\u00e5dantenn f\u00f6r kortv\u00e5gsmottagning, tips f\u00f6r att skapa en loggbok, sju\u00a0viktiga saker\u00a0f\u00f6r val av mottagare, stations s\u00f6kning &#8211; n\u00e4r och hur, vilken typ av antenn f\u00f6r kortv\u00e5g ?, tips f\u00f6r att identifiera kortv\u00e5g stationer, <\/span><span title=\"zur SINPO-Empfangsbewertung \">SINPO<br \/>\n<\/span><span title=\"\u2022 Senderlisten \">\u2022 Kanallista<br \/>\n<\/span><span title=\"\u2022 H\u00f6r-\u00dcbersichten \">\u2022 \u00d6versikt \u00f6ver stationer som h\u00f6rs<br \/>\n<\/span><span title=\"\u2022 L\u00e4ndermeldungen \u00a0\">\u2022 Landsrapporter<\/span><\/p>\n<p><span title=\"Die \u00fcber 720 Seiten umfassenden insgesamt 36 Ausgaben dieser hochinteressanten und nirgends mehr erh\u00e4ltlichen Zeitschrift stehen jetzt als Reprint auf CD zur Verf\u00fcgung.\">Den omfattande 720 sidor av sammanlagt 36 upplagor av denna sp\u00e4nnande\u00a0 tidskrift som nu \u00e4r tillg\u00e4nglig som en e-bok p\u00e5 cd. <\/span><span title=\"Eine Volltext-Suchfunktion ist integriert!\">En fulltexts\u00f6kning \u00e4r integrerad!<\/span><\/p>\n<p><a href=\"http:\/\/dxkop.sdxf.se\/wp-content\/uploads\/2016\/03\/der-wellenj\u00e4ger-1.pdf\" rel=\"\">der wellenj\u00e4ger2<\/a><\/p>\n","protected":false},"excerpt":{"rendered":"<p>Journalisten och f\u00f6rfattaren Hermann J\u00e4ger\u00a0gav ut denna\u00a01962 och 1963, &#8221;Der Wellenj\u00e4ger&#8221;, var en tv\u00e5veckors tidskrift om internationell radio. Huvudteman f\u00f6r tidningen var: \u2022 St\u00e5ende internationella nyheter fr\u00e5n, till exempel, Radio Canada, Radio Australien, Voice of America, Radio Nederlands &#8221;Happy Station&#8221;, &hellip; <a class=\"more-link\" href=\"https:\/\/dxkop.sdxf.se\/?product=der-wellenjager\">L\u00e4s mer <span class=\"meta-nav\">&rarr;<\/span><\/a><\/p>\n","protected":false},"featured_media":1941,"template":"","meta":[],"product_brand":[],"product_cat":[26,17],"product_tag":[],"class_list":{"0":"post-1222","1":"product","2":"type-product","3":"status-publish","4":"has-post-thumbnail","6":"product_cat-skivor","7":"product_cat-historik","9":"first","10":"instock","11":"sale","12":"shipping-taxable","13":"purchasable","14":"product-type-simple"},"jetpack_sharing_enabled":true,"_links":{"self":[{"href":"https:\/\/dxkop.sdxf.se\/index.php?rest_route=\/wp\/v2\/product\/1222","targetHints":{"allow":["GET"]}}],"collection":[{"href":"https:\/\/dxkop.sdxf.se\/index.php?rest_route=\/wp\/v2\/product"}],"about":[{"href":"https:\/\/dxkop.sdxf.se\/index.php?rest_route=\/wp\/v2\/types\/product"}],"wp:featuredmedia":[{"embeddable":true,"href":"https:\/\/dxkop.sdxf.se\/index.php?rest_route=\/wp\/v2\/media\/1941"}],"wp:attachment":[{"href":"https:\/\/dxkop.sdxf.se\/index.php?rest_route=%2Fwp%2Fv2%2Fmedia&parent=1222"}],"wp:term":[{"taxonomy":"product_brand","embeddable":true,"href":"https:\/\/dxkop.sdxf.se\/index.php?rest_route=%2Fwp%2Fv2%2Fproduct_brand&post=1222"},{"taxonomy":"product_cat","embeddable":true,"href":"https:\/\/dxkop.sdxf.se\/index.php?rest_route=%2Fwp%2Fv2%2Fproduct_cat&post=1222"},{"taxonomy":"product_tag","embeddable":true,"href":"https:\/\/dxkop.sdxf.se\/index.php?rest_route=%2Fwp%2Fv2%2Fproduct_tag&post=1222"}],"curies":[{"name":"wp","href":"https:\/\/api.w.org\/{rel}","templated":true}]}}