{"id":1400,"date":"2016-12-14T20:15:59","date_gmt":"2016-12-14T19:15:59","guid":{"rendered":"http:\/\/dxkop.sdxf.se\/?post_type=product&#038;p=1400"},"modified":"2016-12-14T20:26:47","modified_gmt":"2016-12-14T19:26:47","slug":"2017-shortwave-frequency-guide","status":"publish","type":"product","link":"https:\/\/dxkop.sdxf.se\/?product=2017-shortwave-frequency-guide","title":{"rendered":"2017 Shortwave Frequency Guide"},"content":{"rendered":"<p style=\"text-align: justify;\">Den mest uppdaterade kortv\u00e5gsradio handboken f\u00f6r utility i v\u00e4rlde n\u00e4r nu inne p\u00e5 sin 21:a utg\u00e5va. Boken \u00e4r p\u00e5\u00a0370 sidor.<\/p>\n<p>2017-\u00e5rs Shortwave Frequency guide t\u00e4cker de senaste scheman \u00f6ver alla clandestine, inrikes och internationella stationer \u00f6ver hela v\u00e4rlden.<\/p>\n<p>Mer om boken finns att l\u00e4sa p\u00e5: http:\/\/www.klingenfuss.org\/swfguide.htm<\/p>\n<p><img data-recalc-dims=\"1\" decoding=\"async\" src=\"https:\/\/i0.wp.com\/www.klingenfuss.org\/s_cont.gif?w=940\" \/><\/p>\n<p><img data-recalc-dims=\"1\" decoding=\"async\" src=\"https:\/\/i0.wp.com\/www.klingenfuss.org\/s_bc1.gif?w=940\" \/><\/p>\n<p><img data-recalc-dims=\"1\" decoding=\"async\" src=\"https:\/\/i0.wp.com\/www.klingenfuss.org\/s_bc2.gif?w=940\" \/><\/p>\n<p><img data-recalc-dims=\"1\" decoding=\"async\" src=\"https:\/\/i0.wp.com\/www.klingenfuss.org\/s_st1.gif?w=940\" \/><\/p>\n<p><img data-recalc-dims=\"1\" decoding=\"async\" src=\"https:\/\/i0.wp.com\/www.klingenfuss.org\/s_st2.gif?w=940\" \/><\/p>\n<p><img data-recalc-dims=\"1\" decoding=\"async\" src=\"https:\/\/i0.wp.com\/www.klingenfuss.org\/s_ut1.gif?w=940\" \/><\/p>\n<p><img data-recalc-dims=\"1\" decoding=\"async\" src=\"https:\/\/i0.wp.com\/www.klingenfuss.org\/s_ut2.gif?w=940\" \/><\/p>\n<p><img data-recalc-dims=\"1\" decoding=\"async\" src=\"https:\/\/i0.wp.com\/www.klingenfuss.org\/s_lang.gif?w=940\" \/><\/p>\n","protected":false},"excerpt":{"rendered":"<p>Den mest uppdaterade kortv\u00e5gsradio handboken f\u00f6r utility i v\u00e4rlde n\u00e4r nu inne p\u00e5 sin 21:a utg\u00e5va. Boken \u00e4r p\u00e5\u00a0370 sidor. 2017-\u00e5rs Shortwave Frequency guide t\u00e4cker de senaste scheman \u00f6ver alla clandestine, inrikes och internationella stationer \u00f6ver hela v\u00e4rlden. Mer om &hellip; <a class=\"more-link\" href=\"https:\/\/dxkop.sdxf.se\/?product=2017-shortwave-frequency-guide\">L\u00e4s mer <span class=\"meta-nav\">&rarr;<\/span><\/a><\/p>\n","protected":false},"featured_media":1402,"template":"","meta":[],"product_brand":[],"product_cat":[62],"product_tag":[],"class_list":{"0":"post-1400","1":"product","2":"type-product","3":"status-publish","4":"has-post-thumbnail","6":"product_cat-okategoriserad","8":"first","9":"outofstock","10":"shipping-taxable","11":"purchasable","12":"product-type-simple"},"jetpack_sharing_enabled":true,"_links":{"self":[{"href":"https:\/\/dxkop.sdxf.se\/index.php?rest_route=\/wp\/v2\/product\/1400","targetHints":{"allow":["GET"]}}],"collection":[{"href":"https:\/\/dxkop.sdxf.se\/index.php?rest_route=\/wp\/v2\/product"}],"about":[{"href":"https:\/\/dxkop.sdxf.se\/index.php?rest_route=\/wp\/v2\/types\/product"}],"wp:featuredmedia":[{"embeddable":true,"href":"https:\/\/dxkop.sdxf.se\/index.php?rest_route=\/wp\/v2\/media\/1402"}],"wp:attachment":[{"href":"https:\/\/dxkop.sdxf.se\/index.php?rest_route=%2Fwp%2Fv2%2Fmedia&parent=1400"}],"wp:term":[{"taxonomy":"product_brand","embeddable":true,"href":"https:\/\/dxkop.sdxf.se\/index.php?rest_route=%2Fwp%2Fv2%2Fproduct_brand&post=1400"},{"taxonomy":"product_cat","embeddable":true,"href":"https:\/\/dxkop.sdxf.se\/index.php?rest_route=%2Fwp%2Fv2%2Fproduct_cat&post=1400"},{"taxonomy":"product_tag","embeddable":true,"href":"https:\/\/dxkop.sdxf.se\/index.php?rest_route=%2Fwp%2Fv2%2Fproduct_tag&post=1400"}],"curies":[{"name":"wp","href":"https:\/\/api.w.org\/{rel}","templated":true}]}}