{"id":1700,"date":"2018-02-13T17:06:51","date_gmt":"2018-02-13T16:06:51","guid":{"rendered":"http:\/\/dxkop.sdxf.se\/?post_type=product&#038;p=1700"},"modified":"2026-04-12T10:09:01","modified_gmt":"2026-04-12T08:09:01","slug":"dx-boken","status":"publish","type":"product","link":"https:\/\/dxkop.sdxf.se\/?product=dx-boken","title":{"rendered":"DX-boken"},"content":{"rendered":"<p>DX-boken handlar om DX-hobbyns historia samt radiohistorien ur ett svenskt perspektiv.<\/p>\n<p>Vad \u00e4r d\u00e5 DX-ing? Jo, vi kan s\u00e4ga att denna radiohobby var en f\u00f6reg\u00e5ngare till Internet. Genom att lyssna p\u00e5 l\u00e5ngv\u00e4ga radiostationer, fr\u00e4mst p\u00e5 kortv\u00e5g, fick m\u00e5nga svenskar v\u00e4nner och kontakter \u00f6ver hela v\u00e4rlden, l\u00e5ngt innan webben fanns. Hobbyn var s\u00e4rdeles stor under 1950- och 60-talen och fick en nyt\u00e4ndning under 1970-talet i samband med att den b\u00f6rjade ut\u00f6vas inom ramen f\u00f6r Fritt Valt Arbete i skolorna. Fortfarande \u00e4gnar sig m\u00e5nga \u00e5t DX-hobbyn och i DX-boken f\u00e5r du tips och inspiration f\u00f6r att sj\u00e4lv komma ig\u00e5ng.<\/p>\n<p>DX-boken \u00e4r sann nostalgi f\u00f6r m\u00e5nga. H\u00e4r ber\u00e4ttas om de fartygsburna fria radiostationerna Radio Mercur, Radio Nord och Radio Syd, tiden innan radiomonopolet i Sverige och de klubbstationer som var ig\u00e5ng innan Radiotj\u00e4nst bildades, radions utveckling under \u00e5ren, s\u00e4ndningar p\u00e5 svenska fr\u00e5n andra l\u00e4nder, kommersiella s\u00e4ndningar riktade till Sverige, radiopropaganda under och efter andra v\u00e4rldskriget, &#8221;svarts\u00e4ndaren&#8221; Black Peter som s\u00e4nde fr\u00e5n V\u00e4sterbotten och befarades vara en del av ett spionn\u00e4tverk, DX-klubbar och DX-f\u00f6rbundens historia, t\u00e4vlingar och m\u00e4sterskap i DX-ing, TV-DX-ing och mycket annat. Dessutom presenteras k\u00e4nda DX- och radioprofiler som ber\u00e4ttar om sina egna erfarenheter av hobbyn. Boken \u00e4r p\u00e5 384 sidor, inbunden, rikt illustrerad, inkl. 32 f\u00e4rgsidor. F\u00f6rord av den k\u00e4nde journalisten, f\u00f6rfattaren och utrikeskorrespondenten Jan Mosander, sj\u00e4lv DX-are.<\/p>\n<p>Nedan kan du l\u00e4sa n\u00e5gra korta utdrag ur boken, bla om svensks\u00e4ndarna i utlandet och den intressanta historien om Radio Nord. Mycket mer finns i den detaljsp\u00e4ckade boken.<\/p>\n<p>Format: Inbunden<\/p>\n<p>Spr\u00e5k: Svenska<\/p>\n<p>Antal sidor: 384<\/p>\n<p>Utgivningsdatum: 2016-11-25<\/p>\n<p>Dimensioner: 246 x 176 x 24 mm<\/p>\n<p>Vikt: 945 g<\/p>\n<p>&#8212;&#8212;&#8212;&#8212;&#8212;&#8212;&#8212;&#8212;&#8212;&#8212;&#8212;&#8212;&#8212;&#8211;<\/p>\n<p>Klicka p\u00e5 l\u00e4nkarna f\u00f6r att l\u00e4sa.<\/p>\n<p><a href=\"http:\/\/dxkop.sdxf.se\/wp-content\/uploads\/2018\/02\/DX-boken-Svenska-1.pdf\">DX-boken Svenska<\/a><\/p>\n<p><a href=\"http:\/\/dxkop.sdxf.se\/wp-content\/uploads\/2018\/02\/DX-boken-Radio-Nord.pdf\">DX-boken Radio Nord<\/a><\/p>\n","protected":false},"excerpt":{"rendered":"<p>DX-boken handlar om DX-hobbyns historia samt radiohistorien ur ett svenskt perspektiv. Vad \u00e4r d\u00e5 DX-ing? Jo, vi kan s\u00e4ga att denna radiohobby var en f\u00f6reg\u00e5ngare till Internet. Genom att lyssna p\u00e5 l\u00e5ngv\u00e4ga radiostationer, fr\u00e4mst p\u00e5 kortv\u00e5g, fick m\u00e5nga svenskar v\u00e4nner &hellip; <a class=\"more-link\" href=\"https:\/\/dxkop.sdxf.se\/?product=dx-boken\">L\u00e4s mer <span class=\"meta-nav\">&rarr;<\/span><\/a><\/p>\n","protected":false},"featured_media":1701,"template":"","meta":[],"product_brand":[],"product_cat":[17],"product_tag":[],"class_list":{"0":"post-1700","1":"product","2":"type-product","3":"status-publish","4":"has-post-thumbnail","6":"product_cat-historik","8":"first","9":"instock","10":"sale","11":"shipping-taxable","12":"purchasable","13":"product-type-simple"},"jetpack_sharing_enabled":true,"_links":{"self":[{"href":"https:\/\/dxkop.sdxf.se\/index.php?rest_route=\/wp\/v2\/product\/1700","targetHints":{"allow":["GET"]}}],"collection":[{"href":"https:\/\/dxkop.sdxf.se\/index.php?rest_route=\/wp\/v2\/product"}],"about":[{"href":"https:\/\/dxkop.sdxf.se\/index.php?rest_route=\/wp\/v2\/types\/product"}],"wp:featuredmedia":[{"embeddable":true,"href":"https:\/\/dxkop.sdxf.se\/index.php?rest_route=\/wp\/v2\/media\/1701"}],"wp:attachment":[{"href":"https:\/\/dxkop.sdxf.se\/index.php?rest_route=%2Fwp%2Fv2%2Fmedia&parent=1700"}],"wp:term":[{"taxonomy":"product_brand","embeddable":true,"href":"https:\/\/dxkop.sdxf.se\/index.php?rest_route=%2Fwp%2Fv2%2Fproduct_brand&post=1700"},{"taxonomy":"product_cat","embeddable":true,"href":"https:\/\/dxkop.sdxf.se\/index.php?rest_route=%2Fwp%2Fv2%2Fproduct_cat&post=1700"},{"taxonomy":"product_tag","embeddable":true,"href":"https:\/\/dxkop.sdxf.se\/index.php?rest_route=%2Fwp%2Fv2%2Fproduct_tag&post=1700"}],"curies":[{"name":"wp","href":"https:\/\/api.w.org\/{rel}","templated":true}]}}