{"id":1825,"date":"2018-12-10T20:57:37","date_gmt":"2018-12-10T19:57:37","guid":{"rendered":"http:\/\/dxkop.sdxf.se\/?post_type=product&#038;p=1825"},"modified":"2023-04-16T10:42:25","modified_gmt":"2023-04-16T08:42:25","slug":"50-jahre-radio-kurier","status":"publish","type":"product","link":"https:\/\/dxkop.sdxf.se\/?product=50-jahre-radio-kurier","title":{"rendered":"Radio-Kurier p\u00e5 DVD"},"content":{"rendered":"<p><span title=\"\">ADDX e.V. firade sin 50-\u00e5rsdag \u00e5r 2017.<\/span> <span title=\"\">Vid detta tillf\u00e4lle har vi od\u00f6dliggjort alla fr\u00e5gor fr\u00e5n det senaste halvt \u00e5rhundradet av &#8221;Radio-Kurier&#8221; p\u00e5 DVD &#8211; trots allt ca 950 utg\u00e5vor.<\/span><\/p>\n<p><span title=\"\">DVD: n skapades i PDF-format.<\/span> <span title=\"\">En fullst\u00e4ndig text eller index s\u00f6kning \u00e4r tillg\u00e4nglig och l\u00e5ter dig hitta n\u00e5gra s\u00f6kord i hela databasen inom n\u00e5gra sekunder.<\/span><\/p>\n","protected":false},"excerpt":{"rendered":"<p>ADDX e.V. firade sin 50-\u00e5rsdag \u00e5r 2017. Vid detta tillf\u00e4lle har vi od\u00f6dliggjort alla fr\u00e5gor fr\u00e5n det senaste halvt \u00e5rhundradet av &#8221;Radio-Kurier&#8221; p\u00e5 DVD &#8211; trots allt ca 950 utg\u00e5vor. DVD: n skapades i PDF-format. En fullst\u00e4ndig text eller index &hellip; <a class=\"more-link\" href=\"https:\/\/dxkop.sdxf.se\/?product=50-jahre-radio-kurier\">L\u00e4s mer <span class=\"meta-nav\">&rarr;<\/span><\/a><\/p>\n","protected":false},"featured_media":1826,"template":"","meta":[],"product_brand":[],"product_cat":[22,17],"product_tag":[],"class_list":{"0":"post-1825","1":"product","2":"type-product","3":"status-publish","4":"has-post-thumbnail","6":"product_cat-dvd","7":"product_cat-historik","9":"first","10":"instock","11":"sale","12":"shipping-taxable","13":"purchasable","14":"product-type-simple"},"jetpack_sharing_enabled":true,"_links":{"self":[{"href":"https:\/\/dxkop.sdxf.se\/index.php?rest_route=\/wp\/v2\/product\/1825","targetHints":{"allow":["GET"]}}],"collection":[{"href":"https:\/\/dxkop.sdxf.se\/index.php?rest_route=\/wp\/v2\/product"}],"about":[{"href":"https:\/\/dxkop.sdxf.se\/index.php?rest_route=\/wp\/v2\/types\/product"}],"wp:featuredmedia":[{"embeddable":true,"href":"https:\/\/dxkop.sdxf.se\/index.php?rest_route=\/wp\/v2\/media\/1826"}],"wp:attachment":[{"href":"https:\/\/dxkop.sdxf.se\/index.php?rest_route=%2Fwp%2Fv2%2Fmedia&parent=1825"}],"wp:term":[{"taxonomy":"product_brand","embeddable":true,"href":"https:\/\/dxkop.sdxf.se\/index.php?rest_route=%2Fwp%2Fv2%2Fproduct_brand&post=1825"},{"taxonomy":"product_cat","embeddable":true,"href":"https:\/\/dxkop.sdxf.se\/index.php?rest_route=%2Fwp%2Fv2%2Fproduct_cat&post=1825"},{"taxonomy":"product_tag","embeddable":true,"href":"https:\/\/dxkop.sdxf.se\/index.php?rest_route=%2Fwp%2Fv2%2Fproduct_tag&post=1825"}],"curies":[{"name":"wp","href":"https:\/\/api.w.org\/{rel}","templated":true}]}}