{"id":1897,"date":"2025-12-08T15:19:01","date_gmt":"2025-12-08T14:19:01","guid":{"rendered":"http:\/\/dxkop.sdxf.se\/?post_type=product&#038;p=1897"},"modified":"2025-12-09T14:57:53","modified_gmt":"2025-12-09T13:57:53","slug":"medlemskap-sdxf-2019-pdf","status":"publish","type":"product","link":"https:\/\/dxkop.sdxf.se\/?product=medlemskap-sdxf-2019-pdf","title":{"rendered":"Medlemskap SDXF 2026 PDF"},"content":{"rendered":"<p>Medlemskap med Eter-Aktuellt som PDF kostar 275:- per kalender\u00e5r. Du loggar in p\u00e5 SDXF hemsida och l\u00e4ser tidningen digitalt.<\/p>\n<p>Denna service ing\u00e5r i medlemsavgiften.<\/p>\n<p>Medlemsf\u00f6rm\u00e5ner<\/p>\n<ul>\n<li>\u00a0lyssna p\u00e5 n\u00e5gon av v\u00e5ra Kiwi-mottagare n\u00e4r v\u00e5rt specialprogram s\u00e4nds.<\/li>\n<li>\u00a0Bes\u00f6k v\u00e5r lyssnaranl\u00e4ggning i Parkalompolo<\/li>\n<li>\u00a0Handla radioprylar och b\u00f6cker i DX-k\u00f6p en medlemsservice f\u00f6r v\u00e5ra medlemmar<\/li>\n<li>L\u00e4s 100-tals DX-tidningar fr\u00e5n f\u00f6rr samt \u00e4ldre publikationer<\/li>\n<li>Bl\u00e4ddra bland QSL-Kort samlingar.<\/li>\n<li><a href=\"http:\/\/www.sdxf.se\/WP\/wp-content\/uploads\/2021\/12\/DX-Aktuellt-6-2021-64-sidor-lag-m-bilaga.pdf\" target=\"_blank\" rel=\"noopener\">Provl\u00e4s ett nummer att Eter-Aktuellt h\u00e4r,\u00a0 (l\u00e5guppl\u00f6st):\u00a0<\/a><\/li>\n<\/ul>\n","protected":false},"excerpt":{"rendered":"<p>Medlemskap med Eter-Aktuellt som PDF kostar 275:- per kalender\u00e5r. Du loggar in p\u00e5 SDXF hemsida och l\u00e4ser tidningen digitalt. Denna service ing\u00e5r i medlemsavgiften. Medlemsf\u00f6rm\u00e5ner \u00a0lyssna p\u00e5 n\u00e5gon av v\u00e5ra Kiwi-mottagare n\u00e4r v\u00e5rt specialprogram s\u00e4nds. \u00a0Bes\u00f6k v\u00e5r lyssnaranl\u00e4ggning i Parkalompolo &hellip; <a class=\"more-link\" href=\"https:\/\/dxkop.sdxf.se\/?product=medlemskap-sdxf-2019-pdf\">L\u00e4s mer <span class=\"meta-nav\">&rarr;<\/span><\/a><\/p>\n","protected":false},"featured_media":10228,"template":"","meta":[],"product_brand":[],"product_cat":[63],"product_tag":[],"class_list":{"0":"post-1897","1":"product","2":"type-product","3":"status-publish","4":"has-post-thumbnail","6":"product_cat-medlemskap","8":"first","9":"instock","10":"shipping-taxable","11":"purchasable","12":"product-type-simple"},"jetpack_sharing_enabled":true,"_links":{"self":[{"href":"https:\/\/dxkop.sdxf.se\/index.php?rest_route=\/wp\/v2\/product\/1897","targetHints":{"allow":["GET"]}}],"collection":[{"href":"https:\/\/dxkop.sdxf.se\/index.php?rest_route=\/wp\/v2\/product"}],"about":[{"href":"https:\/\/dxkop.sdxf.se\/index.php?rest_route=\/wp\/v2\/types\/product"}],"wp:featuredmedia":[{"embeddable":true,"href":"https:\/\/dxkop.sdxf.se\/index.php?rest_route=\/wp\/v2\/media\/10228"}],"wp:attachment":[{"href":"https:\/\/dxkop.sdxf.se\/index.php?rest_route=%2Fwp%2Fv2%2Fmedia&parent=1897"}],"wp:term":[{"taxonomy":"product_brand","embeddable":true,"href":"https:\/\/dxkop.sdxf.se\/index.php?rest_route=%2Fwp%2Fv2%2Fproduct_brand&post=1897"},{"taxonomy":"product_cat","embeddable":true,"href":"https:\/\/dxkop.sdxf.se\/index.php?rest_route=%2Fwp%2Fv2%2Fproduct_cat&post=1897"},{"taxonomy":"product_tag","embeddable":true,"href":"https:\/\/dxkop.sdxf.se\/index.php?rest_route=%2Fwp%2Fv2%2Fproduct_tag&post=1897"}],"curies":[{"name":"wp","href":"https:\/\/api.w.org\/{rel}","templated":true}]}}