{"id":1898,"date":"2023-11-13T15:27:01","date_gmt":"2023-11-13T14:27:01","guid":{"rendered":"http:\/\/dxkop.sdxf.se\/?post_type=product&#038;p=1898"},"modified":"2025-02-02T21:52:56","modified_gmt":"2025-02-02T20:52:56","slug":"dx-vannerna","status":"publish","type":"product","link":"https:\/\/dxkop.sdxf.se\/?product=dx-vannerna","title":{"rendered":"DX-V\u00e4nnerna"},"content":{"rendered":"<p><img data-recalc-dims=\"1\" loading=\"lazy\" decoding=\"async\" class=\"aligncenter wp-image-9943 size-large\" src=\"https:\/\/i0.wp.com\/dxkop.sdxf.se\/wp-content\/uploads\/2019\/01\/kryssning1-1536x1024-1.jpg?resize=940%2C627&#038;ssl=1\" alt=\"\" width=\"940\" height=\"627\" srcset=\"https:\/\/i0.wp.com\/dxkop.sdxf.se\/wp-content\/uploads\/2019\/01\/kryssning1-1536x1024-1.jpg?resize=1024%2C683&amp;ssl=1 1024w, https:\/\/i0.wp.com\/dxkop.sdxf.se\/wp-content\/uploads\/2019\/01\/kryssning1-1536x1024-1.jpg?resize=300%2C200&amp;ssl=1 300w, https:\/\/i0.wp.com\/dxkop.sdxf.se\/wp-content\/uploads\/2019\/01\/kryssning1-1536x1024-1.jpg?resize=768%2C512&amp;ssl=1 768w, https:\/\/i0.wp.com\/dxkop.sdxf.se\/wp-content\/uploads\/2019\/01\/kryssning1-1536x1024-1.jpg?resize=450%2C300&amp;ssl=1 450w, https:\/\/i0.wp.com\/dxkop.sdxf.se\/wp-content\/uploads\/2019\/01\/kryssning1-1536x1024-1.jpg?resize=150%2C100&amp;ssl=1 150w, https:\/\/i0.wp.com\/dxkop.sdxf.se\/wp-content\/uploads\/2019\/01\/kryssning1-1536x1024-1.jpg?w=1536&amp;ssl=1 1536w\" sizes=\"auto, (max-width: 940px) 100vw, 940px\" \/>DX-V\u00e4nnerna \u00e4r en st\u00f6df\u00f6rening till Sveriges DX-F\u00f6rbund (SDXF). Som bildades 1963 i Hack\u00e5s J\u00e4mtland av Radio Sweden legendaren Arne Skoog<\/p>\n<p>\u00c4n i dag 60 \u00e5r senare s\u00e5 lever dx-v\u00e4nnerna och frodas. Ja vi har under detta \u00e5ret \u00f6kat medlemsantalet med drygt 25 procent vilket \u00e4r gl\u00e4djande.<\/p>\n<p>F\u00f6r dem som vill bli medlem s\u00e5 kostar det 50 kr eller valfritt h\u00f6gre belopp.<\/p>\n<p>V\u00e4lkommen att komma med och bli en av oss.<\/p>\n<p>&nbsp;<\/p>\n","protected":false},"excerpt":{"rendered":"<p>DX-V\u00e4nnerna \u00e4r en st\u00f6df\u00f6rening till Sveriges DX-F\u00f6rbund (SDXF). Som bildades 1963 i Hack\u00e5s J\u00e4mtland av Radio Sweden legendaren Arne Skoog \u00c4n i dag 60 \u00e5r senare s\u00e5 lever dx-v\u00e4nnerna och frodas. Ja vi har under detta \u00e5ret \u00f6kat medlemsantalet med &hellip; <a class=\"more-link\" href=\"https:\/\/dxkop.sdxf.se\/?product=dx-vannerna\">L\u00e4s mer <span class=\"meta-nav\">&rarr;<\/span><\/a><\/p>\n","protected":false},"featured_media":1899,"template":"","meta":[],"product_brand":[],"product_cat":[63],"product_tag":[],"class_list":{"0":"post-1898","1":"product","2":"type-product","3":"status-publish","4":"has-post-thumbnail","6":"product_cat-medlemskap","8":"first","9":"instock","10":"shipping-taxable","11":"purchasable","12":"product-type-simple"},"jetpack_sharing_enabled":true,"_links":{"self":[{"href":"https:\/\/dxkop.sdxf.se\/index.php?rest_route=\/wp\/v2\/product\/1898","targetHints":{"allow":["GET"]}}],"collection":[{"href":"https:\/\/dxkop.sdxf.se\/index.php?rest_route=\/wp\/v2\/product"}],"about":[{"href":"https:\/\/dxkop.sdxf.se\/index.php?rest_route=\/wp\/v2\/types\/product"}],"wp:featuredmedia":[{"embeddable":true,"href":"https:\/\/dxkop.sdxf.se\/index.php?rest_route=\/wp\/v2\/media\/1899"}],"wp:attachment":[{"href":"https:\/\/dxkop.sdxf.se\/index.php?rest_route=%2Fwp%2Fv2%2Fmedia&parent=1898"}],"wp:term":[{"taxonomy":"product_brand","embeddable":true,"href":"https:\/\/dxkop.sdxf.se\/index.php?rest_route=%2Fwp%2Fv2%2Fproduct_brand&post=1898"},{"taxonomy":"product_cat","embeddable":true,"href":"https:\/\/dxkop.sdxf.se\/index.php?rest_route=%2Fwp%2Fv2%2Fproduct_cat&post=1898"},{"taxonomy":"product_tag","embeddable":true,"href":"https:\/\/dxkop.sdxf.se\/index.php?rest_route=%2Fwp%2Fv2%2Fproduct_tag&post=1898"}],"curies":[{"name":"wp","href":"https:\/\/api.w.org\/{rel}","templated":true}]}}