{"id":307,"date":"2014-03-11T21:28:45","date_gmt":"2014-03-11T20:28:45","guid":{"rendered":"http:\/\/dxkop.sdxf.se\/?post_type=product&#038;p=307"},"modified":"2025-05-08T22:49:41","modified_gmt":"2025-05-08T20:49:41","slug":"pirater-i-aeteren","status":"publish","type":"product","link":"https:\/\/dxkop.sdxf.se\/?product=pirater-i-aeteren","title":{"rendered":"Pirater i \u00e6teren"},"content":{"rendered":"<p>Sommaren 1958, var det n\u00e5got i luften \u00f6ver Danmark. Fr\u00e5n sin plats p\u00e5 internationellt vatten i \u00d6resund s\u00e5 b\u00f6rjade Radio Mercur att utmana staten och myndigheterna genom att s\u00e4nda underh\u00e5llning och reklam.<\/p>\n<p>Radio Mercur var snart en stor framg\u00e5ng, men de n\u00e4rmaste fyra \u00e5ren k\u00e4mpar pirater &#8211; som pressen kallade dem &#8211; med tekniska problem och interna stridigheter \u00e5 ena sidan och politiker p\u00e5 andra sidan. S\u00e5 sm\u00e5ningom f\u00f6rlorade piraten kampen mot monopolet.<\/p>\n<p>Pirater i etern \u00e4r den f\u00f6rsta fullst\u00e4ndiga produktionen av Danmarks f\u00f6rsta kommersiella radio. Det \u00e4r ocks\u00e5 historien om n\u00e4r popul\u00e4rmusik, rock &#8217;n&#8217; roll och &#8221;taggtr\u00e5d&#8221; fick sitt genombrott n\u00e4r transistorradio blev en del av hush\u00e5llet och v\u00e4lf\u00e4rd d\u00e5nade med den rikedom av produkter som skall placeras i danska familjer medvetandet.<\/p>\n<p>Boken ber\u00e4ttar om pirater och deras radio genom den samtida pressen, intervjuer med pirater samt kommentarer fr\u00e5n flera personer som hade med Radio Mercur att g\u00f6ra eller f\u00f6ljde den noga.<\/p>\n<p>Spr\u00e5k: Danska<br \/>\nAntal sidor: 268<\/p>\n","protected":false},"excerpt":{"rendered":"<p>Sommaren 1958, var det n\u00e5got i luften \u00f6ver Danmark. Fr\u00e5n sin plats p\u00e5 internationellt vatten i \u00d6resund s\u00e5 b\u00f6rjade Radio Mercur att utmana staten och myndigheterna genom att s\u00e4nda underh\u00e5llning och reklam. Radio Mercur var snart en stor framg\u00e5ng, men &hellip; <a class=\"more-link\" href=\"https:\/\/dxkop.sdxf.se\/?product=pirater-i-aeteren\">L\u00e4s mer <span class=\"meta-nav\">&rarr;<\/span><\/a><\/p>\n","protected":false},"featured_media":308,"template":"","meta":[],"product_brand":[],"product_cat":[13,18],"product_tag":[],"class_list":{"0":"post-307","1":"product","2":"type-product","3":"status-publish","4":"has-post-thumbnail","6":"product_cat-bocker","7":"product_cat-pirater","9":"first","10":"instock","11":"sale","12":"shipping-taxable","13":"purchasable","14":"product-type-simple"},"jetpack_sharing_enabled":true,"_links":{"self":[{"href":"https:\/\/dxkop.sdxf.se\/index.php?rest_route=\/wp\/v2\/product\/307","targetHints":{"allow":["GET"]}}],"collection":[{"href":"https:\/\/dxkop.sdxf.se\/index.php?rest_route=\/wp\/v2\/product"}],"about":[{"href":"https:\/\/dxkop.sdxf.se\/index.php?rest_route=\/wp\/v2\/types\/product"}],"wp:featuredmedia":[{"embeddable":true,"href":"https:\/\/dxkop.sdxf.se\/index.php?rest_route=\/wp\/v2\/media\/308"}],"wp:attachment":[{"href":"https:\/\/dxkop.sdxf.se\/index.php?rest_route=%2Fwp%2Fv2%2Fmedia&parent=307"}],"wp:term":[{"taxonomy":"product_brand","embeddable":true,"href":"https:\/\/dxkop.sdxf.se\/index.php?rest_route=%2Fwp%2Fv2%2Fproduct_brand&post=307"},{"taxonomy":"product_cat","embeddable":true,"href":"https:\/\/dxkop.sdxf.se\/index.php?rest_route=%2Fwp%2Fv2%2Fproduct_cat&post=307"},{"taxonomy":"product_tag","embeddable":true,"href":"https:\/\/dxkop.sdxf.se\/index.php?rest_route=%2Fwp%2Fv2%2Fproduct_tag&post=307"}],"curies":[{"name":"wp","href":"https:\/\/api.w.org\/{rel}","templated":true}]}}