{"id":523,"date":"2026-02-02T16:00:53","date_gmt":"2026-02-02T15:00:53","guid":{"rendered":"http:\/\/dxkop.sdxf.se\/?post_type=product&#038;p=523"},"modified":"2026-04-12T10:03:45","modified_gmt":"2026-04-12T08:03:45","slug":"tyskland-talar-hitlers-svenska-radiostation-bok","status":"publish","type":"product","link":"https:\/\/dxkop.sdxf.se\/?product=tyskland-talar-hitlers-svenska-radiostation-bok","title":{"rendered":"Tyskland talar &#8211; Hitlers svenska radiostation (bok)"},"content":{"rendered":"<p>Tyskland talar \u00e4r Niclas Sennertegs medryckande skildring av de l\u00f6gner och den propaganda som kom att bli en del av det neutrala Sveriges vardag. Men det \u00e4r ocks\u00e5 en skildring av personerna bakom r\u00f6sterna, hur de f\u00f6rh\u00f6ll sig till sin uppgift, hur v\u00e4rvningen fungerade och vad f\u00f6ljderna blev f\u00f6r dem efter kriget.<\/p>\n<p>Sennerteg har kartlagt ett trettiotal personer som i olika omg\u00e5ngar arbetade p\u00e5 K\u00f6nigsbergsradion. Boken bygger p\u00e5 material h\u00e4mtat ur ett tidigare ok\u00e4nt radioarkiv i Berlin, S\u00c4PO-akter samt UD:s arkiv.<\/p>\n","protected":false},"excerpt":{"rendered":"<p>Tyskland talar \u00e4r Niclas Sennertegs medryckande skildring av de l\u00f6gner och den propaganda som kom att bli en del av det neutrala Sveriges vardag. Men det \u00e4r ocks\u00e5 en skildring av personerna bakom r\u00f6sterna, hur de f\u00f6rh\u00f6ll sig till sin &hellip; <a class=\"more-link\" href=\"https:\/\/dxkop.sdxf.se\/?product=tyskland-talar-hitlers-svenska-radiostation-bok\">L\u00e4s mer <span class=\"meta-nav\">&rarr;<\/span><\/a><\/p>\n","protected":false},"featured_media":524,"template":"","meta":[],"product_brand":[],"product_cat":[13,17],"product_tag":[],"class_list":{"0":"post-523","1":"product","2":"type-product","3":"status-publish","4":"has-post-thumbnail","6":"product_cat-bocker","7":"product_cat-historik","9":"first","10":"instock","11":"shipping-taxable","12":"purchasable","13":"product-type-simple"},"jetpack_sharing_enabled":true,"_links":{"self":[{"href":"https:\/\/dxkop.sdxf.se\/index.php?rest_route=\/wp\/v2\/product\/523","targetHints":{"allow":["GET"]}}],"collection":[{"href":"https:\/\/dxkop.sdxf.se\/index.php?rest_route=\/wp\/v2\/product"}],"about":[{"href":"https:\/\/dxkop.sdxf.se\/index.php?rest_route=\/wp\/v2\/types\/product"}],"wp:featuredmedia":[{"embeddable":true,"href":"https:\/\/dxkop.sdxf.se\/index.php?rest_route=\/wp\/v2\/media\/524"}],"wp:attachment":[{"href":"https:\/\/dxkop.sdxf.se\/index.php?rest_route=%2Fwp%2Fv2%2Fmedia&parent=523"}],"wp:term":[{"taxonomy":"product_brand","embeddable":true,"href":"https:\/\/dxkop.sdxf.se\/index.php?rest_route=%2Fwp%2Fv2%2Fproduct_brand&post=523"},{"taxonomy":"product_cat","embeddable":true,"href":"https:\/\/dxkop.sdxf.se\/index.php?rest_route=%2Fwp%2Fv2%2Fproduct_cat&post=523"},{"taxonomy":"product_tag","embeddable":true,"href":"https:\/\/dxkop.sdxf.se\/index.php?rest_route=%2Fwp%2Fv2%2Fproduct_tag&post=523"}],"curies":[{"name":"wp","href":"https:\/\/api.w.org\/{rel}","templated":true}]}}