{"id":5376,"date":"2019-10-30T21:37:14","date_gmt":"2019-10-30T20:37:14","guid":{"rendered":"http:\/\/dxkop.sdxf.se\/?post_type=product&#038;p=5376"},"modified":"2021-02-21T21:21:07","modified_gmt":"2021-02-21T20:21:07","slug":"radio-stations-in-the-uk-27nd-edition","status":"publish","type":"product","link":"https:\/\/dxkop.sdxf.se\/?product=radio-stations-in-the-uk-27nd-edition","title":{"rendered":"Radio Stations in the UK, 27nd edition"},"content":{"rendered":"<p>Den 27 utg\u00e5van\u00a0 av denna 76-sidiga publikation utkommer nu, under h\u00f6sten 2019. Detta h\u00e4fte publiceras vartannat \u00e5r och \u00e5rets utg\u00e5va f\u00f6ljer formatet fr\u00e5n tidigare utg\u00e5vor med sin omfattande frekvens-f\u00f6r-frekvensguide till inhemska mellanv\u00e5g- och FMstationer i Storbritannien och Irland. Det t\u00e4cker alla BBC-, RTE-, kommersiella och lokala radiostationer. Det inneh\u00e5ller ocks\u00e5 detaljer om Digital Radio (DAB) multiplex och programtj\u00e4nster.<\/p>\n<p>Den inneh\u00e5ller:<\/p>\n<ul>\n<li>Alla stationer listade efter frekvens samt kanalnamn \uf0b7<\/li>\n<li>Frekvenser visar alla parallella kanaler \uf0b7<\/li>\n<li>S\u00e4ndarstationer, s\u00e4ndarens polarisering \uf0b7<\/li>\n<li>fullst\u00e4ndiga postadresser, webbadress och telefonnummer \uf0b7<\/li>\n<li>Omfattande lista p\u00e5 stationer med l\u00e5ga effekter \uf0b7<\/li>\n<li>AM och FM-stationer p\u00e5 h\u00f6gskolor, sjukhus, skolor, idrottsplatser och arm\u00e9 garnisoner \uf0b7 Fullst\u00e4ndig information om de m\u00e5nga nya n\u00e4rradiostationerna \uf0b7<\/li>\n<li>Digital Radio multiplex listorSeparat avsnitt omfattar RTE och oberoende stationer i Irland. Sedan den senaste utg\u00e5van f\u00f6r tre \u00e5r sedan har det skett m\u00e5nga f\u00f6r\u00e4ndringar, bland annat fullt uppdaterade listor.<\/li>\n<\/ul>\n<p>Denna utkom i England i slutet av September 2019.<\/p>\n","protected":false},"excerpt":{"rendered":"<p>Den 27 utg\u00e5van\u00a0 av denna 76-sidiga publikation utkommer nu, under h\u00f6sten 2019. Detta h\u00e4fte publiceras vartannat \u00e5r och \u00e5rets utg\u00e5va f\u00f6ljer formatet fr\u00e5n tidigare utg\u00e5vor med sin omfattande frekvens-f\u00f6r-frekvensguide till inhemska mellanv\u00e5g- och FMstationer i Storbritannien och Irland. Det t\u00e4cker &hellip; <a class=\"more-link\" href=\"https:\/\/dxkop.sdxf.se\/?product=radio-stations-in-the-uk-27nd-edition\">L\u00e4s mer <span class=\"meta-nav\">&rarr;<\/span><\/a><\/p>\n","protected":false},"featured_media":5377,"template":"","meta":[],"product_brand":[],"product_cat":[13,16],"product_tag":[],"class_list":{"0":"post-5376","1":"product","2":"type-product","3":"status-publish","4":"has-post-thumbnail","6":"product_cat-bocker","7":"product_cat-frekvenstabeller","9":"first","10":"outofstock","11":"sale","12":"shipping-taxable","13":"purchasable","14":"product-type-simple"},"jetpack_sharing_enabled":true,"_links":{"self":[{"href":"https:\/\/dxkop.sdxf.se\/index.php?rest_route=\/wp\/v2\/product\/5376","targetHints":{"allow":["GET"]}}],"collection":[{"href":"https:\/\/dxkop.sdxf.se\/index.php?rest_route=\/wp\/v2\/product"}],"about":[{"href":"https:\/\/dxkop.sdxf.se\/index.php?rest_route=\/wp\/v2\/types\/product"}],"wp:featuredmedia":[{"embeddable":true,"href":"https:\/\/dxkop.sdxf.se\/index.php?rest_route=\/wp\/v2\/media\/5377"}],"wp:attachment":[{"href":"https:\/\/dxkop.sdxf.se\/index.php?rest_route=%2Fwp%2Fv2%2Fmedia&parent=5376"}],"wp:term":[{"taxonomy":"product_brand","embeddable":true,"href":"https:\/\/dxkop.sdxf.se\/index.php?rest_route=%2Fwp%2Fv2%2Fproduct_brand&post=5376"},{"taxonomy":"product_cat","embeddable":true,"href":"https:\/\/dxkop.sdxf.se\/index.php?rest_route=%2Fwp%2Fv2%2Fproduct_cat&post=5376"},{"taxonomy":"product_tag","embeddable":true,"href":"https:\/\/dxkop.sdxf.se\/index.php?rest_route=%2Fwp%2Fv2%2Fproduct_tag&post=5376"}],"curies":[{"name":"wp","href":"https:\/\/api.w.org\/{rel}","templated":true}]}}