{"id":66,"date":"2014-03-06T19:30:46","date_gmt":"2014-03-06T18:30:46","guid":{"rendered":"http:\/\/dxkop.sdxf.se\/?post_type=product&#038;p=66"},"modified":"2026-02-01T15:28:21","modified_gmt":"2026-02-01T14:28:21","slug":"minnesboxen-1972","status":"publish","type":"product","link":"https:\/\/dxkop.sdxf.se\/?product=minnesboxen-1972","title":{"rendered":"Minnesboxen 1972"},"content":{"rendered":"<p>Minnesboxen 1972 \u00e4r en CD-samling med musiken, h\u00e4ndelserna, f\u00f6reteelserna och st\u00e4mningen.<\/p>\n<p>Speltid: cirka 79 minuter. Inneh\u00e5ller: 1 CD<br \/>\nInneh\u00e5ll:<\/p>\n<p>1. \u00c5ret i sammandrag.<\/p>\n<p>2. Terrorattack avbryter sommar-OS i M\u00fcnchen. Reportrar Olle S\u00f6derlund, \u00c5ke Str\u00f6mmer och Tommy Engstrand.<\/p>\n<p>3. People need love &#8211; (Bj\u00f6rn, Benny, Agnetha och Frida.)<\/p>\n<p>4. \u00d6landsbron klar. Landsh\u00f6vding Erik Westerlind och kronprins Carl Gustaf inviger Europas l\u00e4ngsta bro.<\/p>\n<p>5. \u00c4nglamark (Sven-Bertil Taube).<\/p>\n<p>6. Sk\u00e4rholmsfruar demonstrerar mot stigande matpriser. Initiativtagaren Anne-Marie Norman h\u00f6jer r\u00f6sten p\u00e5 Sergels torg i Stockholm.<\/p>\n<p>7. Inf\u00f6r statliga bordeller i Sverige! Riksdagsmannen och kronofogden Sten Sj\u00f6holm motionerar.<\/p>\n<p>8. Big fat oranguman (Glenmarks).<\/p>\n<p>9. USA:s bombningar \u00f6ver Nordvietnam \u00e5terupptas. Svenskf\u00f6dde amerikanske bombflygaren Bo Larsson f\u00f6rsvarar krigshandlingarna. Statsminister Olof Palme reagerar starkt. Liksom \u00a0 sk\u00e5despelerskan Jane Fonda, som talar under en demonstration i Stockholm. Intervjuare: Eva Persson. \u00d6vriga r\u00f6ster: Olle Tolgraven och Lena Granhagen.<\/p>\n<p>10. Jag vill ha en egen m\u00e5ne (Ted G\u00e4rdestad).<\/p>\n<p>11. 15-\u00e5rige Ted G\u00e4rdestads skivdebut imponerar! Intervjuare: Kent Finell och Daga Ehnemark.<\/p>\n<p>12. S\u00e4g det med en s\u00e5ng (Lena Andersson).<\/p>\n<p>13. I skuggan av tragedin i M\u00fcnchen. Gunnar Larsson och Ulrika Knape vinner OS-guld i simstadion. \u00c5ke Str\u00f6mmer och Jan Lillen Engvall refererar och kommenterar. Intervjuare: Fredrik Belfrage.<\/p>\n<p>14. Hey Baberiba (Fridens Kilowatt &amp; Rivaler med Leif Burken Bj\u00f6rklund).<\/p>\n<p>15. Historiska toppm\u00f6ten. USA:s president Richard Nixon i Kina och Sovjet. Reportrar: Magnus Fax\u00e9n, Olle Tolgraven och Olle Stenholm.<\/p>\n<p>16. H\u00e4rliga sommardag (Family Four).<\/p>\n<p>17. Watergateaff\u00e4ren. Gunnar Fagerstr\u00f6m rapporterar fr\u00e5n Washington.<\/p>\n<p>18. Vem kan man lita p\u00e5 (Hoola Bandoola Band).<\/p>\n<p>19. Kapardrama p\u00e5 Bulltofta flygplats. Torbj\u00f6rn Bjurman, en av de f\u00f6rst frisl\u00e4ppta passagerarna, samt flygv\u00e4rdinnorna Barbro Blixt och Charlotte Fellenius, intervjuas. Reportrar: Johan Selander, Ingvar Ernblad med flera.<\/p>\n<p>20. Akupunktur ny metod vid f\u00f6rlossning. Sonja Andersson och gynekolog Christman Ehrstr\u00f6m ber\u00e4ttar fr\u00e5n S\u00f6dersjukhuset i Stockholm.<\/p>\n<p>21. Everytime I Feel the spirit (Alice Babs).<\/p>\n<p>22. Alice Babs Sj\u00f6blom utn\u00e4mnd till hovs\u00e5ngerska. Radions Berndt Friberg gratulerar.<\/p>\n<p>23. Kung Gustaf Vl Adolf fyller 90 och hyllas av Sveriges folk.<\/p>\n<p>24. Jag ger dig min morgon (Fred \u00c5kerstr\u00f6m).<\/p>\n<p>25. Blodig s\u00f6ndag i Londonderry. 13 personer d\u00f6das, och konflikten om Nordirland sk\u00e4rps. Reporter: Lennart Winblad.<\/p>\n<p>26. Idrotts\u00e5r i moll och dur. Racerf\u00f6raren Joakim Bonnier f\u00f6rolyckas p\u00e5 Le Mans-banan i Frankrike. Jan-Olof Pettersson rapporterar. Svenska friidrottare s\u00e4tter v\u00e4rldsrekord, och Ralf Edstr\u00f6m blir proffs i holl\u00e4ndsk fotboll.<\/p>\n<p>27. Sofia dansar go-go (Stefan R\u00fcd\u00e9n).<\/p>\n<p>28. Mellan\u00f6let kvar i butikerna.- efter riksdagsdebatt och inl\u00e4gg av finansminister Gunnar Str\u00e4ng.<\/p>\n<p>29. Omkring tiggarn fr\u00e5n Luossa (Hootenanny Singers).<\/p>\n<p>30. Sista Barnens brevl\u00e5da i radio. Farbror Sven tar farv\u00e4l efter 47 \u00e5r och 1.785 program.<\/p>\n","protected":false},"excerpt":{"rendered":"<p>Minnesboxen 1972 \u00e4r en CD-samling med musiken, h\u00e4ndelserna, f\u00f6reteelserna och st\u00e4mningen. Speltid: cirka 79 minuter. Inneh\u00e5ller: 1 CD Inneh\u00e5ll: 1. \u00c5ret i sammandrag. 2. Terrorattack avbryter sommar-OS i M\u00fcnchen. Reportrar Olle S\u00f6derlund, \u00c5ke Str\u00f6mmer och Tommy Engstrand. 3. People need &hellip; <a class=\"more-link\" href=\"https:\/\/dxkop.sdxf.se\/?product=minnesboxen-1972\">L\u00e4s mer <span class=\"meta-nav\">&rarr;<\/span><\/a><\/p>\n","protected":false},"featured_media":68,"template":"","meta":[],"product_brand":[],"product_cat":[26,28],"product_tag":[],"class_list":{"0":"post-66","1":"product","2":"type-product","3":"status-publish","4":"has-post-thumbnail","6":"product_cat-skivor","7":"product_cat-minnesboxen-skivor","9":"first","10":"outofstock","11":"sale","12":"purchasable","13":"product-type-simple"},"jetpack_sharing_enabled":true,"_links":{"self":[{"href":"https:\/\/dxkop.sdxf.se\/index.php?rest_route=\/wp\/v2\/product\/66","targetHints":{"allow":["GET"]}}],"collection":[{"href":"https:\/\/dxkop.sdxf.se\/index.php?rest_route=\/wp\/v2\/product"}],"about":[{"href":"https:\/\/dxkop.sdxf.se\/index.php?rest_route=\/wp\/v2\/types\/product"}],"wp:featuredmedia":[{"embeddable":true,"href":"https:\/\/dxkop.sdxf.se\/index.php?rest_route=\/wp\/v2\/media\/68"}],"wp:attachment":[{"href":"https:\/\/dxkop.sdxf.se\/index.php?rest_route=%2Fwp%2Fv2%2Fmedia&parent=66"}],"wp:term":[{"taxonomy":"product_brand","embeddable":true,"href":"https:\/\/dxkop.sdxf.se\/index.php?rest_route=%2Fwp%2Fv2%2Fproduct_brand&post=66"},{"taxonomy":"product_cat","embeddable":true,"href":"https:\/\/dxkop.sdxf.se\/index.php?rest_route=%2Fwp%2Fv2%2Fproduct_cat&post=66"},{"taxonomy":"product_tag","embeddable":true,"href":"https:\/\/dxkop.sdxf.se\/index.php?rest_route=%2Fwp%2Fv2%2Fproduct_tag&post=66"}],"curies":[{"name":"wp","href":"https:\/\/api.w.org\/{rel}","templated":true}]}}