{"id":791,"date":"2026-01-28T10:11:51","date_gmt":"2026-01-28T09:11:51","guid":{"rendered":"http:\/\/dxkop.sdxf.se\/?post_type=product&#038;p=791"},"modified":"2026-01-28T13:32:59","modified_gmt":"2026-01-28T12:32:59","slug":"ham-and-shortwave-radio-for-the-electronics-hobbyist","status":"publish","type":"product","link":"https:\/\/dxkop.sdxf.se\/?product=ham-and-shortwave-radio-for-the-electronics-hobbyist","title":{"rendered":"Ham and Shortwave Radio for the Electronics Hobbyist"},"content":{"rendered":"<p>B\u00e4sts\u00e4ljande elektronikf\u00f6rfattaren Stan Gibilisco visar hur man kom-mer ig\u00e5ng som radiooperat\u00f6r &#8211; eller bara att lyssna p\u00e5 kort-v\u00e5gsband!<\/p>\n","protected":false},"excerpt":{"rendered":"<p>B\u00e4sts\u00e4ljande elektronikf\u00f6rfattaren Stan Gibilisco visar hur man kom-mer ig\u00e5ng som radiooperat\u00f6r &#8211; eller bara att lyssna p\u00e5 kort-v\u00e5gsband!<\/p>\n","protected":false},"featured_media":792,"template":"","meta":[],"product_brand":[],"product_cat":[14,13],"product_tag":[],"class_list":{"0":"post-791","1":"product","2":"type-product","3":"status-publish","4":"has-post-thumbnail","6":"product_cat-amatorradio","7":"product_cat-bocker","9":"first","10":"instock","11":"shipping-taxable","12":"purchasable","13":"product-type-simple"},"jetpack_sharing_enabled":true,"_links":{"self":[{"href":"https:\/\/dxkop.sdxf.se\/index.php?rest_route=\/wp\/v2\/product\/791","targetHints":{"allow":["GET"]}}],"collection":[{"href":"https:\/\/dxkop.sdxf.se\/index.php?rest_route=\/wp\/v2\/product"}],"about":[{"href":"https:\/\/dxkop.sdxf.se\/index.php?rest_route=\/wp\/v2\/types\/product"}],"wp:featuredmedia":[{"embeddable":true,"href":"https:\/\/dxkop.sdxf.se\/index.php?rest_route=\/wp\/v2\/media\/792"}],"wp:attachment":[{"href":"https:\/\/dxkop.sdxf.se\/index.php?rest_route=%2Fwp%2Fv2%2Fmedia&parent=791"}],"wp:term":[{"taxonomy":"product_brand","embeddable":true,"href":"https:\/\/dxkop.sdxf.se\/index.php?rest_route=%2Fwp%2Fv2%2Fproduct_brand&post=791"},{"taxonomy":"product_cat","embeddable":true,"href":"https:\/\/dxkop.sdxf.se\/index.php?rest_route=%2Fwp%2Fv2%2Fproduct_cat&post=791"},{"taxonomy":"product_tag","embeddable":true,"href":"https:\/\/dxkop.sdxf.se\/index.php?rest_route=%2Fwp%2Fv2%2Fproduct_tag&post=791"}],"curies":[{"name":"wp","href":"https:\/\/api.w.org\/{rel}","templated":true}]}}