{"id":815,"date":"2014-12-02T21:56:36","date_gmt":"2014-12-02T20:56:36","guid":{"rendered":"http:\/\/dxkop.sdxf.se\/?post_type=product&#038;p=815"},"modified":"2025-09-10T16:06:58","modified_gmt":"2025-09-10T14:06:58","slug":"dpr39","status":"publish","type":"product","link":"https:\/\/dxkop.sdxf.se\/?product=dpr39","title":{"rendered":"DPR39"},"content":{"rendered":"<p>Dab Plus Fm Rds Radio<\/p>\n<p>DAB och DAB+ v\u00e4xer i v\u00e5ra omedelbara n\u00e4rhet.<br \/>\nI Norge t.ex.<br \/>\nsl\u00e4cker man ned FM bandet under detta \u00e5rtionde.<br \/>\nDAB+ t.ex.<br \/>\nkan man sendan\u00e5gra \u00e5r h\u00f6ra i Stor Stockholm inkl sk\u00e4rg\u00e5rden.<br \/>\n.<br \/>\nSangean har<br \/>\nen stark st\u00e4llning som v\u00e4l renomerad DAB\/DAB+ radio tillverkare.<br \/>\nDetta genom att sedan mer \u00e4n 10 \u00e5r leverera kvalitets radio med DAB inneh\u00e5ll.<br \/>\n.<br \/>\nH\u00e4r presenterar vi.<br \/>\nSangean DPR39 som \u00e4r en DAB och DAB+ radio.<br \/>\nRDS p\u00e5 FM g\u00f6r den mycket anv\u00e4ndbar n\u00e4r du reser.<br \/>\nLiten och smidig FICKRADIO modell med stor och tydlig display.<br \/>\nSnabbval 5 FM samt 5 DAB enkel att st\u00e4lla in.<br \/>\nInsomnings automatik.<br \/>\nSignal styrke indikator b\u00e5de p\u00e5 FM och DAB .<br \/>\nBatteri indikator .<br \/>\nL\u00e5snings funktion p\u00e5 alla tangenter.<br \/>\nF\u00f6renklar hantering och f\u00f6rvaring .<br \/>\nOch inte mins AUTOMATISK stationss\u00f6kning .<br \/>\nDPR39 letar upp alla starka stationer runt dig .<br \/>\nBara att b\u00f6rja lyssna.<\/p>\n<p>Tekniks information<br \/>\nFrekvensomr\u00e5den DAB Band III 170 &#8211; 240 Mhz.<br \/>\nFM Band II 87,5 108 Mhz.<br \/>\nRDS\/RDBS PS PTY CT RT.<br \/>\nSnabbvalsfunktioner 10st 5 Fm och 5 DAB.<br \/>\nInsomnings funktio Ja.<br \/>\nDisplay LCD display.<br \/>\nM\u00e5tt 42,2 x 23, 2.<br \/>\nGrafik 2 linjers (raders).<br \/>\nBra och tydlig bakgrundsbelysning Ja.<br \/>\nStereo Via h\u00f6rlurarna kan du lyssna i Stereo.<br \/>\nUppgradering Mjukvaru via Micro USB (B typen).<br \/>\nAllm\u00e4nt L\u00e5sning av vitala knappar.<br \/>\nJa.<br \/>\nF\u00f6rst\u00e4rkning 2 x 5 mW.<br \/>\nH\u00f6rlursuttag Ja Stereo.<br \/>\nStr\u00f6mf\u00f6rs\u00f6rjning 2 st 1,5 volt AAA.<br \/>\nProduktens m\u00e5tt 63 x 101,2 x 19,7 mm.<br \/>\nVikt 63 gram utan batterier och \u00f6vriga tbh.<\/p>\n","protected":false},"excerpt":{"rendered":"<p>Dab Plus Fm Rds Radio DAB och DAB+ v\u00e4xer i v\u00e5ra omedelbara n\u00e4rhet. I Norge t.ex. sl\u00e4cker man ned FM bandet under detta \u00e5rtionde. DAB+ t.ex. kan man sendan\u00e5gra \u00e5r h\u00f6ra i Stor Stockholm inkl sk\u00e4rg\u00e5rden. . Sangean har en &hellip; <a class=\"more-link\" href=\"https:\/\/dxkop.sdxf.se\/?product=dpr39\">L\u00e4s mer <span class=\"meta-nav\">&rarr;<\/span><\/a><\/p>\n","protected":false},"featured_media":819,"template":"","meta":[],"product_brand":[],"product_cat":[46,37],"product_tag":[],"class_list":{"0":"post-815","1":"product","2":"type-product","3":"status-publish","4":"has-post-thumbnail","6":"product_cat-dab","7":"product_cat-reseradio","9":"first","10":"instock","11":"shipping-taxable","12":"purchasable","13":"product-type-simple"},"jetpack_sharing_enabled":true,"_links":{"self":[{"href":"https:\/\/dxkop.sdxf.se\/index.php?rest_route=\/wp\/v2\/product\/815","targetHints":{"allow":["GET"]}}],"collection":[{"href":"https:\/\/dxkop.sdxf.se\/index.php?rest_route=\/wp\/v2\/product"}],"about":[{"href":"https:\/\/dxkop.sdxf.se\/index.php?rest_route=\/wp\/v2\/types\/product"}],"wp:featuredmedia":[{"embeddable":true,"href":"https:\/\/dxkop.sdxf.se\/index.php?rest_route=\/wp\/v2\/media\/819"}],"wp:attachment":[{"href":"https:\/\/dxkop.sdxf.se\/index.php?rest_route=%2Fwp%2Fv2%2Fmedia&parent=815"}],"wp:term":[{"taxonomy":"product_brand","embeddable":true,"href":"https:\/\/dxkop.sdxf.se\/index.php?rest_route=%2Fwp%2Fv2%2Fproduct_brand&post=815"},{"taxonomy":"product_cat","embeddable":true,"href":"https:\/\/dxkop.sdxf.se\/index.php?rest_route=%2Fwp%2Fv2%2Fproduct_cat&post=815"},{"taxonomy":"product_tag","embeddable":true,"href":"https:\/\/dxkop.sdxf.se\/index.php?rest_route=%2Fwp%2Fv2%2Fproduct_tag&post=815"}],"curies":[{"name":"wp","href":"https:\/\/api.w.org\/{rel}","templated":true}]}}