{"id":887,"date":"2015-02-18T10:30:17","date_gmt":"2015-02-18T09:30:17","guid":{"rendered":"http:\/\/dxkop.sdxf.se\/?post_type=product&#038;p=887"},"modified":"2026-02-03T16:29:25","modified_gmt":"2026-02-03T15:29:25","slug":"hur-var-det-att-dxa-for-sjuttio-ar-sedan","status":"publish","type":"product","link":"https:\/\/dxkop.sdxf.se\/?product=hur-var-det-att-dxa-for-sjuttio-ar-sedan","title":{"rendered":"Hur var det att DX:a f\u00f6r sjuttio \u00e5r sedan"},"content":{"rendered":"<p>&#8221;\u02baN\u00e4r jag var f\u00e4rdig med de sjuttio \u00e5ren<br \/>\nf\u00f6ljde p\u00e5 k\u00f6pet minnen av sextio \u00e5r tillbaka\u2026&#8221;\u02ba<\/p>\n<p>En serie minnen skrivna av Jan-Erik R\u00e4ff<\/p>\n<p>Inneh\u00e5llsf\u00f6rteckning<br \/>\n1 N\u00e4r DX:ing blev en folkr\u00f6relse<br \/>\n2 R\u00f6ster i Radio<br \/>\n4 Clandestines under v\u00e4rldskriget<br \/>\n7 DX:ing v\u00e4xte snabbt i Sverige<br \/>\n9 Att DX:a b\u00f6rjade ge utdelning.<br \/>\n10 Musiken av lokal karakt\u00e4r<br \/>\n11 Andalusien<br \/>\n15 Hur det var f\u00f6r sextio \u00e5r sedan<br \/>\n15 Det expansiva 1950-\u00ad\u2010\u2011talet<br \/>\n17 S\u00e5 hamnade jag i r\u00e4tt MV-\u00ad\u2010\u2011f\u00e5lla!<br \/>\n18 Etersvep<br \/>\n22 Jag blev mellanv\u00e5gsredakt\u00f6r<br \/>\n25 De sista \u00e5ren med Etersveps MV-\u00ad\u2010\u2011sidor<br \/>\n28 Mellanv\u00e5gorna i jonosf\u00e4ren<br \/>\n29 Skiktens avst\u00e5nd fr\u00e5n jordytan<br \/>\n30 Mina tvivel<br \/>\n31 Gordon Nelsons forskning bekr\u00e4ftade<br \/>\n32 L\u00e5t inte kunskapen om jonosf\u00e4ren d\u00f6 med oss!<br \/>\n33Var 50-\u00ad\u2010\u2011talets sensationer trov\u00e4rdiga?<br \/>\n35 DX-\u00ad\u2010\u2011Alliansen<br \/>\n39DX-\u00ad\u2010\u2011t\u00e4vlingar, eller: N\u00e4r mellanv\u00e5gen segrade<br \/>\n40 Vi hoppar till 1955<\/p>\n","protected":false},"excerpt":{"rendered":"<p>&#8221;\u02baN\u00e4r jag var f\u00e4rdig med de sjuttio \u00e5ren f\u00f6ljde p\u00e5 k\u00f6pet minnen av sextio \u00e5r tillbaka\u2026&#8221;\u02ba En serie minnen skrivna av Jan-Erik R\u00e4ff Inneh\u00e5llsf\u00f6rteckning 1 N\u00e4r DX:ing blev en folkr\u00f6relse 2 R\u00f6ster i Radio 4 Clandestines under v\u00e4rldskriget 7 DX:ing &hellip; <a class=\"more-link\" href=\"https:\/\/dxkop.sdxf.se\/?product=hur-var-det-att-dxa-for-sjuttio-ar-sedan\">L\u00e4s mer <span class=\"meta-nav\">&rarr;<\/span><\/a><\/p>\n","protected":false},"featured_media":891,"template":"","meta":[],"product_brand":[],"product_cat":[13,17],"product_tag":[],"class_list":{"0":"post-887","1":"product","2":"type-product","3":"status-publish","4":"has-post-thumbnail","6":"product_cat-bocker","7":"product_cat-historik","9":"first","10":"instock","11":"shipping-taxable","12":"purchasable","13":"product-type-simple"},"jetpack_sharing_enabled":true,"_links":{"self":[{"href":"https:\/\/dxkop.sdxf.se\/index.php?rest_route=\/wp\/v2\/product\/887","targetHints":{"allow":["GET"]}}],"collection":[{"href":"https:\/\/dxkop.sdxf.se\/index.php?rest_route=\/wp\/v2\/product"}],"about":[{"href":"https:\/\/dxkop.sdxf.se\/index.php?rest_route=\/wp\/v2\/types\/product"}],"wp:featuredmedia":[{"embeddable":true,"href":"https:\/\/dxkop.sdxf.se\/index.php?rest_route=\/wp\/v2\/media\/891"}],"wp:attachment":[{"href":"https:\/\/dxkop.sdxf.se\/index.php?rest_route=%2Fwp%2Fv2%2Fmedia&parent=887"}],"wp:term":[{"taxonomy":"product_brand","embeddable":true,"href":"https:\/\/dxkop.sdxf.se\/index.php?rest_route=%2Fwp%2Fv2%2Fproduct_brand&post=887"},{"taxonomy":"product_cat","embeddable":true,"href":"https:\/\/dxkop.sdxf.se\/index.php?rest_route=%2Fwp%2Fv2%2Fproduct_cat&post=887"},{"taxonomy":"product_tag","embeddable":true,"href":"https:\/\/dxkop.sdxf.se\/index.php?rest_route=%2Fwp%2Fv2%2Fproduct_tag&post=887"}],"curies":[{"name":"wp","href":"https:\/\/api.w.org\/{rel}","templated":true}]}}