{"id":9362,"date":"2021-08-02T16:26:03","date_gmt":"2021-08-02T14:26:03","guid":{"rendered":"https:\/\/dxkop.sdxf.se\/?post_type=product&#038;p=9362"},"modified":"2026-04-01T10:59:19","modified_gmt":"2026-04-01T08:59:19","slug":"sangean-ats-909x2-blk","status":"publish","type":"product","link":"https:\/\/dxkop.sdxf.se\/?product=sangean-ats-909x2-blk","title":{"rendered":"Sangean ATS 909X2 BLK"},"content":{"rendered":"<p>Sangean ATS909X2<\/p>\n<p>Detta \u00e4r en verkligt kompetent radiomottagare f\u00f6r alla vi som \u00f6nskar att inte bara lyssna p\u00e5 radio! Ja allts\u00e5 vanlig radio.<\/p>\n<p>F\u00f6reg\u00e5ngaren Sangean ATS909X \u00e4r allm\u00e4nt erk\u00e4nd som en av de b\u00e4sta Kortv\u00e5gs mottagare som finns att uppbringa. Och nu med den uppdaterade andra generationen v\u00e4ssar Sangean ytterligare sin ATS909X2.<br \/>\nVilket blir till stor gl\u00e4dje f\u00f6r m\u00e5nga.<\/p>\n<p>Sangean har gjort en del signifikativa f\u00f6rb\u00e4ttringar av funktionaliteten.<\/p>\n<p>En verkligt intressant utveckling av denna den andra generationen \u00e4r det ny utvecklade<br \/>\nbatteriladdningssystemet.<\/p>\n<p>Radion kan detektera l\u00e5g presterande batterier vid laddning.<\/p>\n<p>DVS. peka ut vilket batteri som beh\u00f6ver xtra laddning eller byta ut mot ett nytt.<\/p>\n<p>Mer om produkten.<br \/>\n&#8211; Stor lagringsf\u00f6rm\u00e5ga hela 1674 olika stationen kan sparas<br \/>\n&#8211; Helt nytt band omr\u00e5de 118-137Mhz.Kommunikation inom luftfart.<br \/>\n&#8211; ATS (Auto Tuning System) on LW\/MW\/SW\/FM<br \/>\n&#8211; 5 olika metoder f\u00f6r stations inst\u00e4llning.<br \/>\nDirekt frekvens inst\u00e4llning, Auto s\u00f6kning, Manuell inst\u00e4llning, Minnes inst\u00e4llning,<br \/>\nVrida in stationerna.<br \/>\n&#8211; Fininst\u00e4llning och snabbinst\u00e4llning<br \/>\n&#8211; 3 olika alarmtider kan st\u00e4llas in.<br \/>\nV\u00e4ckning via radio eller summer HWS<br \/>\n&#8211; 42 tidszoner med sommartid och 2 redigerbara stadsnamn<br \/>\n&#8211; Manuell &amp; Automatisk bandbredds kontrol<br \/>\n&#8211; Information Indikation f\u00f6r RDS\/PS\/PTY\/RT\/SNR\/RSSI\/Memory Bank<br \/>\n&#8211; SSB (Single Sideband): USB\/LSB 10 eller 20Hz\/Fin inst\u00e4llnings steg<br \/>\n&#8211; Squelch Funktion f\u00f6r justering av mottagning.<br \/>\nTr\u00f6skel niv\u00e5 f\u00f6r att eliminera f\u00f6r svaga<br \/>\nsignaler .<br \/>\n&#8211; Dubbla omvandlingar f\u00f6r SW\/LW\/MW\/Air Bands<br \/>\n&#8211; Avancerad batteriladdning med diagnose funktion.<br \/>\n&#8211; Batteri och signal styrkeinformation<br \/>\n&#8211; Individuell h\u00f6rlursf\u00f6rst\u00e4rkare (inbyggd)<br \/>\n&#8211; FM mjuk mute funktion<br \/>\n&#8211; Stora LCD sk\u00e4rm LED bakgrundsbelysning<br \/>\n&#8211; Stations information med upp till 10 tecken.<br \/>\n&#8211; Tonkontroll (Musik, Normal och tal)<br \/>\n&#8211; Insomnings tiden kan justeras<\/p>\n<p>Teknisk information (Engelsk text)<br \/>\nTUNER FM Frequency (MHz) 87.5 &#8211; 108 \/ 76 &#8211; 108<br \/>\nRDS \/ RBDS PS \/ PTY \/ RT \/ CT<br \/>\nLW Frequency (kHz) 153 &#8211; 519(USA)\/100-519KHZ<br \/>\nMW Frequency (kHz) 520 &#8211; 1710<br \/>\nSW Frequency (kHz) 1.711 &#8211; 29.999<br \/>\nMeter Bands 120, 90, 75, 60, 49, 41, 31, 25, 21, 19,<br \/>\n16, 15, 13, 11<br \/>\nWEATHER Alert AIR BAND (118M-137MHz)<br \/>\nTUNING Memory Presets 1539 (NO AIR) \/1674<br \/>\nMEDIA Aux &#8211; in V<br \/>\nCLOCK Real time Time Dual (World \/ Home)<br \/>\nAlarm Tuner \/ Media \/ Buzzer x3 alarms<br \/>\nSleep V<br \/>\nSnooze V<br \/>\nFEATURE Stereo Earphones<br \/>\nRechargeable V<br \/>\nAUDIO Sound Effect Treble \/ Bass Control Music \/ Normal \/ News<\/p>\n<p>OUTPUT POWER (TYPICAL)<br \/>\nOutput Power 1.4W<br \/>\nEarphones Output Power 1mW2<br \/>\nBatteries Output Power 0.65W<br \/>\nSPEAKER Size ( mm \/ inch ) 3 inches<br \/>\nImpedance 4 ohms<br \/>\nI\/O SOCKET Power DC in<br \/>\nAux &#8211; in V<br \/>\nLine &#8211; out V<br \/>\nEarphones V<br \/>\nExt.Antenna SW<br \/>\nOthers Standby out<br \/>\nPOWER SUPPLY<br \/>\nMains Power Supply DC 9V \/ 1.2A<br \/>\nBatteries (Main Power) 4 x 1.5V (UM-3)<br \/>\nACCESSORIES<br \/>\nPower Adapter V<br \/>\nEarphones V<br \/>\nCarrying Pouch V (ANT-60)<\/p>\n<p>DIMENSIONS Width (mm) 207.5<br \/>\nHeight (mm) 134.8<br \/>\nDepth (mm) 41.3<br \/>\nWeight (g ) 733.5<\/p>\n<h2><\/h2>\n","protected":false},"excerpt":{"rendered":"<p>Sangean ATS909X2 Detta \u00e4r en verkligt kompetent radiomottagare f\u00f6r alla vi som \u00f6nskar att inte bara lyssna p\u00e5 radio! Ja allts\u00e5 vanlig radio. F\u00f6reg\u00e5ngaren Sangean ATS909X \u00e4r allm\u00e4nt erk\u00e4nd som en av de b\u00e4sta Kortv\u00e5gs mottagare som finns att uppbringa. &hellip; <a class=\"more-link\" href=\"https:\/\/dxkop.sdxf.se\/?product=sangean-ats-909x2-blk\">L\u00e4s mer <span class=\"meta-nav\">&rarr;<\/span><\/a><\/p>\n","protected":false},"featured_media":9363,"template":"","meta":[],"product_brand":[],"product_cat":[23,29],"product_tag":[],"class_list":{"0":"post-9362","1":"product","2":"type-product","3":"status-publish","4":"has-post-thumbnail","6":"product_cat-produkter","7":"product_cat-radiomottagare","9":"first","10":"instock","11":"shipping-taxable","12":"purchasable","13":"product-type-simple"},"jetpack_sharing_enabled":true,"_links":{"self":[{"href":"https:\/\/dxkop.sdxf.se\/index.php?rest_route=\/wp\/v2\/product\/9362","targetHints":{"allow":["GET"]}}],"collection":[{"href":"https:\/\/dxkop.sdxf.se\/index.php?rest_route=\/wp\/v2\/product"}],"about":[{"href":"https:\/\/dxkop.sdxf.se\/index.php?rest_route=\/wp\/v2\/types\/product"}],"wp:featuredmedia":[{"embeddable":true,"href":"https:\/\/dxkop.sdxf.se\/index.php?rest_route=\/wp\/v2\/media\/9363"}],"wp:attachment":[{"href":"https:\/\/dxkop.sdxf.se\/index.php?rest_route=%2Fwp%2Fv2%2Fmedia&parent=9362"}],"wp:term":[{"taxonomy":"product_brand","embeddable":true,"href":"https:\/\/dxkop.sdxf.se\/index.php?rest_route=%2Fwp%2Fv2%2Fproduct_brand&post=9362"},{"taxonomy":"product_cat","embeddable":true,"href":"https:\/\/dxkop.sdxf.se\/index.php?rest_route=%2Fwp%2Fv2%2Fproduct_cat&post=9362"},{"taxonomy":"product_tag","embeddable":true,"href":"https:\/\/dxkop.sdxf.se\/index.php?rest_route=%2Fwp%2Fv2%2Fproduct_tag&post=9362"}],"curies":[{"name":"wp","href":"https:\/\/api.w.org\/{rel}","templated":true}]}}