{"id":9646,"date":"2022-07-21T21:52:24","date_gmt":"2022-07-21T19:52:24","guid":{"rendered":"https:\/\/dxkop.sdxf.se\/?post_type=product&#038;p=9646"},"modified":"2025-10-19T11:26:18","modified_gmt":"2025-10-19T09:26:18","slug":"radio-som-hobby","status":"publish","type":"product","link":"https:\/\/dxkop.sdxf.se\/?product=radio-som-hobby","title":{"rendered":"Radio som hobby"},"content":{"rendered":"<p><span style=\"color: #000000;\">av\u00a0Torsten Ragnar Langvig<\/span><\/p>\n<p>Den h\u00e4r boken \u00e4r min andra som handlar om tekniskt historiska f\u00f6rem\u00e5l. Boken v\u00e4nder sig b\u00e5de till dem som \u00e4r intresserade av radions historia, och de som samlar eller lyssnar p\u00e5 radio. F\u00f6rutom bilder och beskrivningar p\u00e5 olika \u00e4ldre radio tar boken p\u00e5 ett l\u00e4ttsamt s\u00e4tt upp historik, och funktion. Den beskriver \u00e4ven radions olika komponenter, b\u00e5de med bilder och hur radion fungerar. Man f\u00e5r \u00e4ven tips p\u00e5 hur man lagar en \u00e4ldre radio. Boken inneh\u00e5ller ocks\u00e5 en tabell med sockelkopplingar f\u00f6r \u00e4ldre radior\u00f6r.<\/p>\n<p>F\u00f6r den som \u00e4r intresserad av att lyssna eller s\u00e4nda p\u00e5 kortv\u00e5g finns det ett kapitel som handlar om detta. Slutligen finns det en bilaga med formelsamling, byggbeskrivning, radiotekniskt lexikon A-\u00d6 samt nostalgiska bilder. Kort sagt en bok f\u00f6r alla som \u00e4r intresserade av radions historia, och radion som hobby.<\/p>\n<p><strong>Torsten Ragnar Langvig<\/strong><\/p>\n<p>Torsten Langvig \u00e4r f\u00f6dd 1946, och uppvuxen p\u00e5 S\u00f6der i Stockholm. Han var anst\u00e4lld inom flottan d\u00e4r han vidareutbildade sig i bland annat teleteknik p\u00e5 Berga \u00f6rlogsskolor, och Skeppsholmen. D\u00e4refter har han arbetat p\u00e5 Philips\/NEFA i Norrk\u00f6ping n\u00e4r f\u00e4rg-TVen kom 1968, och \u00f6ppnade sedan en TV-radio aff\u00e4r. N\u00e5gra \u00e5r senare flyttade han tillbaks till Stockholm d\u00e4r han arbetade p\u00e5 Skantic\/Luxor-radio. De sista 33-\u00e5ren innan pension var han l\u00e4rare inom el och elektronik p\u00e5 \u00c5va gymnasium i T\u00e4by.<\/p>\n<p>Redan i tidig \u00e5lder var Torsten intresserad av elektriska f\u00f6rem\u00e5l som telefoner och radio vilket resulterade i att han senare b\u00f6rjade bygga upp sin samling.<br \/>\nFlera \u00e5r senare f\u00f6ddes iden om att skriva b\u00f6cker i \u00e4mnet. Den f\u00f6rsta boken som Torsten gav ut var Telefonen d\u00e5 och nu. D\u00e4refter kom El helt enkelt, Kocksgatan 17 och nu Radio som hobby.<\/p>\n<p>Format; H\u00e4ftad<\/p>\n<p>Spr\u00e5k: Svenska<\/p>\n<p>Antal sidor: 195<\/p>\n<p>Utgivningsdatum: 2021-11-22<\/p>\n","protected":false},"excerpt":{"rendered":"<p>av\u00a0Torsten Ragnar Langvig Den h\u00e4r boken \u00e4r min andra som handlar om tekniskt historiska f\u00f6rem\u00e5l. Boken v\u00e4nder sig b\u00e5de till dem som \u00e4r intresserade av radions historia, och de som samlar eller lyssnar p\u00e5 radio. F\u00f6rutom bilder och beskrivningar p\u00e5 &hellip; <a class=\"more-link\" href=\"https:\/\/dxkop.sdxf.se\/?product=radio-som-hobby\">L\u00e4s mer <span class=\"meta-nav\">&rarr;<\/span><\/a><\/p>\n","protected":false},"featured_media":9647,"template":"","meta":[],"product_brand":[],"product_cat":[13,17,19],"product_tag":[],"class_list":{"0":"post-9646","1":"product","2":"type-product","3":"status-publish","4":"has-post-thumbnail","6":"product_cat-bocker","7":"product_cat-historik","8":"product_cat-radioteknik-mottagare","10":"first","11":"outofstock","12":"shipping-taxable","13":"purchasable","14":"product-type-simple"},"jetpack_sharing_enabled":true,"_links":{"self":[{"href":"https:\/\/dxkop.sdxf.se\/index.php?rest_route=\/wp\/v2\/product\/9646","targetHints":{"allow":["GET"]}}],"collection":[{"href":"https:\/\/dxkop.sdxf.se\/index.php?rest_route=\/wp\/v2\/product"}],"about":[{"href":"https:\/\/dxkop.sdxf.se\/index.php?rest_route=\/wp\/v2\/types\/product"}],"wp:featuredmedia":[{"embeddable":true,"href":"https:\/\/dxkop.sdxf.se\/index.php?rest_route=\/wp\/v2\/media\/9647"}],"wp:attachment":[{"href":"https:\/\/dxkop.sdxf.se\/index.php?rest_route=%2Fwp%2Fv2%2Fmedia&parent=9646"}],"wp:term":[{"taxonomy":"product_brand","embeddable":true,"href":"https:\/\/dxkop.sdxf.se\/index.php?rest_route=%2Fwp%2Fv2%2Fproduct_brand&post=9646"},{"taxonomy":"product_cat","embeddable":true,"href":"https:\/\/dxkop.sdxf.se\/index.php?rest_route=%2Fwp%2Fv2%2Fproduct_cat&post=9646"},{"taxonomy":"product_tag","embeddable":true,"href":"https:\/\/dxkop.sdxf.se\/index.php?rest_route=%2Fwp%2Fv2%2Fproduct_tag&post=9646"}],"curies":[{"name":"wp","href":"https:\/\/api.w.org\/{rel}","templated":true}]}}