{"id":9651,"date":"2022-07-23T22:01:51","date_gmt":"2022-07-23T20:01:51","guid":{"rendered":"https:\/\/dxkop.sdxf.se\/?post_type=product&#038;p=9651"},"modified":"2025-01-26T14:03:49","modified_gmt":"2025-01-26T13:03:49","slug":"sangean-mmr99tan","status":"publish","type":"product","link":"https:\/\/dxkop.sdxf.se\/?product=sangean-mmr99tan","title":{"rendered":"Sangean MMR99TAN"},"content":{"rendered":"<p><strong>NYHET!! Rej\u00e4lt uppdatering av popul\u00e4ra sangean n\u00f6dradion nu med b\u00e4ttre ljuddel och st\u00f6rre 2.25&#8243; h\u00f6gtalare och loudness tonkontroll, kraftigare laddsystem , flera anslutning med USB-C, Aux uttag.<\/strong><\/p>\n<p><strong>Tr\u00e5dl\u00f6s Bluetooth ljud mottagning, spela musik fr\u00e5n t.e.x. smart-phone.<\/strong><\/p>\n<p><strong>&#8221;N\u00f6dradio&#8221; g\u00e5r att ladda med dynamo-teknik, du vevar f\u00f6r hand och laddar batteriet, eller alternativ laddning via inbyggda solcellen f\u00f6r att kunna lyssna p\u00e5 radio.<\/strong><\/p>\n<p><strong>Du kan \u00e4ven f\u00e5 lyse om ingen el fungerar, via inbyggda lampan. Har \u00e4ven m\u00f6jlighet till Morse Signal via lampan inbyggd funktion. Nya LED lampor inbyggda med 5 olika val, SOS, Morse kodning, Blinkning, H\u00f6g&amp; L\u00e5g ljus, Bredd &amp; Focuserad ljusbild.<\/strong><\/p>\n<p><strong>Ljudsignal via h\u00f6gtalaren &#8211; f\u00f6r n\u00f6dlarm eller p\u00e5kalla uppm\u00e4rksammhet.<\/strong><\/p>\n<p><strong>Spara El &#8211; \u00c4ntligen en riktigt Str\u00f6msn\u00e5l Radio &#8211; Str\u00f6mf\u00f6rbrukning 0 &#8211; Hur ?? Jo, Dynamo teknik laddar upp det inbyggda batteriet genom att veva, som alternativ finns \u00e4ven solceller inbyggda f\u00f6r batteri uppladdning. Du kan ladda den via eluttag och str\u00f6madapter.<\/strong><\/p>\n<p><strong>T\u00e5lig IP55 klassad f\u00f6r Damm och Vatten t\u00e5lighet.<\/strong><\/p>\n<p>&#8211; Str\u00f6ml\u00f6s Dynamo Radio med inbyggdt laddbart batteri<br \/>\n&#8211; Inbyggd 2.25&#8243; Stor H\u00f6gtalare<br \/>\n&#8211; FM\/AM Radio med 40st snabbval (20 FM\/20 AM)<br \/>\n&#8211; RDS-radio funktion<br \/>\n&#8211; Tr\u00e5dl\u00f6s Bluetooth ljudmottagning AVRCP,A2DP<br \/>\n&#8211; ATS Auto Tunning System<br \/>\n&#8211; FM Softmute<br \/>\n&#8211; Loudness Tonkontroll<br \/>\n&#8211; IP55 f\u00f6r Damm och vatten t\u00e5lighet<br \/>\n&#8211; Digital LCD Panel<br \/>\n&#8211; Dynamo &#8211; vridhantag f\u00f6r batteri uppladdning<br \/>\n&#8211; Inbyggd Solcell f\u00f6r batteri uppladdning<br \/>\n&#8211; Klocka med Alarm\/Timer 7 olika ljudl\u00e4gen<br \/>\n&#8211; Sleep och Snooze funktion<br \/>\n&#8211; Lampa f\u00f6r laddnings indikering<br \/>\n&#8211; LED lampa inbyggd 5 olika val f\u00f6r sos, morse kod, blinkning<br \/>\nH\u00f6g &amp; L\u00e5g ljus, Bredd &amp; Focuserat ljus<br \/>\n&#8211; N\u00f6d knapp signal<br \/>\n&#8211; Dynamo Laddnings arm<br \/>\n&#8211; Handrem medf\u00f6ljer<br \/>\n&#8211; Inbyggdt laddbart batteri<br \/>\n&#8211; Utdragbar Teleskop antenn<br \/>\n&#8211; USB- A Uttag f\u00f6r batteriladdning av t.e.x. Smart-Phone<br \/>\n&#8211; H\u00f6rlursuttag med Mono eller Stereo val<\/p>\n<p><strong>ANSLUTNINGAR &#8211; DATA &#8211; M\u00c5TT<\/strong><br \/>\n&#8211; 3.5mm H\u00f6rlursuttag<br \/>\n&#8211; USB-C uttag<br \/>\n&#8211; USB-A uttag f\u00f6r att ladda extern smart-phone<br \/>\n&#8211; 3.5mm Ljud utg\u00e5ng<br \/>\n&#8211; 3.5mm Ljud ing\u00e5ng<br \/>\n&#8211; 3.7 volt 2600 mha lithium-Ion &#8211; laddbart batteri ing\u00e5r<br \/>\n&#8211; Bruksanvisning, handrem ing\u00e5r<br \/>\n&#8211; USB Laddkabel ing\u00e5r<br \/>\n&#8211; M\u00e5tt Bredd 20.8 cm H\u00f6jd 14 cm Djup 9.8 cm<br \/>\n&#8211; Vikt 900 gram<\/p>\n","protected":false},"excerpt":{"rendered":"<p>NYHET!! Rej\u00e4lt uppdatering av popul\u00e4ra sangean n\u00f6dradion nu med b\u00e4ttre ljuddel och st\u00f6rre 2.25&#8243; h\u00f6gtalare och loudness tonkontroll, kraftigare laddsystem , flera anslutning med USB-C, Aux uttag. Tr\u00e5dl\u00f6s Bluetooth ljud mottagning, spela musik fr\u00e5n t.e.x. smart-phone. &#8221;N\u00f6dradio&#8221; g\u00e5r att ladda &hellip; <a class=\"more-link\" href=\"https:\/\/dxkop.sdxf.se\/?product=sangean-mmr99tan\">L\u00e4s mer <span class=\"meta-nav\">&rarr;<\/span><\/a><\/p>\n","protected":false},"featured_media":9652,"template":"","meta":[],"product_brand":[],"product_cat":[62],"product_tag":[],"class_list":{"0":"post-9651","1":"product","2":"type-product","3":"status-publish","4":"has-post-thumbnail","6":"product_cat-okategoriserad","8":"first","9":"instock","10":"shipping-taxable","11":"purchasable","12":"product-type-simple"},"jetpack_sharing_enabled":true,"_links":{"self":[{"href":"https:\/\/dxkop.sdxf.se\/index.php?rest_route=\/wp\/v2\/product\/9651","targetHints":{"allow":["GET"]}}],"collection":[{"href":"https:\/\/dxkop.sdxf.se\/index.php?rest_route=\/wp\/v2\/product"}],"about":[{"href":"https:\/\/dxkop.sdxf.se\/index.php?rest_route=\/wp\/v2\/types\/product"}],"wp:featuredmedia":[{"embeddable":true,"href":"https:\/\/dxkop.sdxf.se\/index.php?rest_route=\/wp\/v2\/media\/9652"}],"wp:attachment":[{"href":"https:\/\/dxkop.sdxf.se\/index.php?rest_route=%2Fwp%2Fv2%2Fmedia&parent=9651"}],"wp:term":[{"taxonomy":"product_brand","embeddable":true,"href":"https:\/\/dxkop.sdxf.se\/index.php?rest_route=%2Fwp%2Fv2%2Fproduct_brand&post=9651"},{"taxonomy":"product_cat","embeddable":true,"href":"https:\/\/dxkop.sdxf.se\/index.php?rest_route=%2Fwp%2Fv2%2Fproduct_cat&post=9651"},{"taxonomy":"product_tag","embeddable":true,"href":"https:\/\/dxkop.sdxf.se\/index.php?rest_route=%2Fwp%2Fv2%2Fproduct_tag&post=9651"}],"curies":[{"name":"wp","href":"https:\/\/api.w.org\/{rel}","templated":true}]}}